{"id":3371,"date":"2022-07-22T10:36:44","date_gmt":"2022-07-22T08:36:44","guid":{"rendered":"http:\/\/hornivestonice.amenity.cz\/?page_id=3371"},"modified":"2023-03-17T08:22:53","modified_gmt":"2023-03-17T07:22:53","slug":"weinkeller","status":"publish","type":"page","link":"https:\/\/hornivestonice.amenity.cz\/de\/weinkeller\/","title":{"rendered":"Weinkeller"},"content":{"rendered":"<div class=\"wpb-content-wrapper\"><p>[vc_row full_width=&#8221;stretch_row&#8221;][vc_column offset=&#8221;vc_hidden-sm vc_hidden-xs&#8221;]\n\t\t\t<!-- START Dvinnysklipek REVOLUTION SLIDER 6.7.4 --><p class=\"rs-p-wp-fix\"><\/p>\n\t\t\t<rs-module-wrap id=\"rev_slider_14_1_wrapper\" data-source=\"gallery\" style=\"visibility:hidden;background:#2b2b2b;padding:0;margin:0px auto;margin-top:0;margin-bottom:0;\">\n\t\t\t\t<rs-module id=\"rev_slider_14_1\" style=\"\" data-version=\"6.7.4\">\n\t\t\t\t\t<rs-slides style=\"overflow: hidden; position: absolute;\">\n\t\t\t\t\t\t<rs-slide style=\"position: absolute;\" data-key=\"rs-59\" data-title=\"Slide\" data-thumb=\"\/\/hornivestonice.amenity.cz\/wp-content\/uploads\/sites\/12\/2023\/01\/1600x630_horni-vestonice_1-2023_-100x50.jpg\" data-anim=\"adpr:false;e:slidingoverlay;ms:1000ms;\" data-in=\"o:0;y:-100%;\" data-out=\"a:false;\">\n\t\t\t\t\t\t\t<img decoding=\"async\" src=\"\/\/hornivestonice.amenity.cz\/wp-content\/plugins\/revslider\/sr6\/assets\/assets\/dummy.png\" alt=\"\" title=\"1600x630_horni-vestonice_1-2023_\" width=\"1600\" height=\"630\" class=\"rev-slidebg tp-rs-img rs-lazyload\" data-lazyload=\"\/\/hornivestonice.amenity.cz\/wp-content\/uploads\/sites\/12\/2023\/01\/1600x630_horni-vestonice_1-2023_.jpg\" data-parallax=\"off\" data-panzoom=\"d:10000;ss:100;se:110%;\" data-no-retina>\n<!--\n\t\t\t\t\t\t\t--><rs-layer\n\t\t\t\t\t\t\t\tid=\"slider-14-slide-59-layer-2\" \n\t\t\t\t\t\t\t\tdata-type=\"object\"\n\t\t\t\t\t\t\t\tdata-rsp_ch=\"on\"\n\t\t\t\t\t\t\t\tdata-xy=\"xo:50px,50px,50px,23px;yo:50px,50px,50px,23px;\"\n\t\t\t\t\t\t\t\tdata-text=\"w:normal;s:20,20,20,8;l:0,0,0,11;\"\n\t\t\t\t\t\t\t\tdata-frame_999=\"o:0;st:w;\"\n\t\t\t\t\t\t\t\tstyle=\"z-index:10;font-family:'Roboto';\"\n\t\t\t\t\t\t\t> \n\t\t\t\t\t\t\t<\/rs-layer><!--\n-->\t\t\t\t\t<\/rs-slide>\n\t\t\t\t\t\t<rs-slide style=\"position: absolute;\" data-key=\"rs-60\" data-title=\"Slide\" data-thumb=\"\/\/hornivestonice.amenity.cz\/wp-content\/uploads\/sites\/12\/2022\/12\/amenity-puenzion-horni-vestonice-palava_1600x630_2-100x50.jpg\" data-anim=\"adpr:false;e:slidingoverlay;ms:1000ms;\" data-in=\"o:0;y:-100%;\" data-out=\"a:false;\">\n\t\t\t\t\t\t\t<img decoding=\"async\" src=\"\/\/hornivestonice.amenity.cz\/wp-content\/plugins\/revslider\/sr6\/assets\/assets\/dummy.png\" alt=\"\" title=\"amenity-p\u00faenzion-horni-vestonice-palava_1600x630_2\" width=\"1600\" height=\"630\" class=\"rev-slidebg tp-rs-img rs-lazyload\" data-lazyload=\"\/\/hornivestonice.amenity.cz\/wp-content\/uploads\/sites\/12\/2022\/12\/amenity-puenzion-horni-vestonice-palava_1600x630_2.jpg\" data-parallax=\"off\" data-panzoom=\"d:10000;ss:100;se:110%;\" data-no-retina>\n<!--\n\t\t\t\t\t\t\t--><rs-layer\n\t\t\t\t\t\t\t\tid=\"slider-14-slide-60-layer-2\" \n\t\t\t\t\t\t\t\tdata-type=\"object\"\n\t\t\t\t\t\t\t\tdata-rsp_ch=\"on\"\n\t\t\t\t\t\t\t\tdata-xy=\"xo:50px,50px,50px,23px;yo:50px,50px,50px,23px;\"\n\t\t\t\t\t\t\t\tdata-text=\"w:normal;s:20,20,20,8;l:0,0,0,11;\"\n\t\t\t\t\t\t\t\tdata-frame_999=\"o:0;st:w;\"\n\t\t\t\t\t\t\t\tstyle=\"z-index:10;font-family:'Roboto';\"\n\t\t\t\t\t\t\t> \n\t\t\t\t\t\t\t<\/rs-layer><!--\n-->\t\t\t\t\t<\/rs-slide>\n\t\t\t\t\t\t<rs-slide style=\"position: absolute;\" data-key=\"rs-65\" data-title=\"Slide\" data-thumb=\"\/\/hornivestonice.amenity.cz\/wp-content\/uploads\/sites\/12\/2022\/12\/amenity-puenzion-horni-vestonice-palava_1600x630_-100x50.jpg\" data-anim=\"adpr:false;e:slidingoverlay;ms:1000ms;\" data-in=\"o:0;y:-100%;\" data-out=\"a:false;\">\n\t\t\t\t\t\t\t<img decoding=\"async\" src=\"\/\/hornivestonice.amenity.cz\/wp-content\/plugins\/revslider\/sr6\/assets\/assets\/dummy.png\" alt=\"\" title=\"amenity-p\u00faenzion-horni-vestonice-palava_1600x630_\" width=\"1600\" height=\"630\" class=\"rev-slidebg tp-rs-img rs-lazyload\" data-lazyload=\"\/\/hornivestonice.amenity.cz\/wp-content\/uploads\/sites\/12\/2022\/12\/amenity-puenzion-horni-vestonice-palava_1600x630_.jpg\" data-parallax=\"off\" data-panzoom=\"d:10000;ss:100;se:110%;\" data-no-retina>\n<!--\n\t\t\t\t\t\t\t--><rs-layer\n\t\t\t\t\t\t\t\tid=\"slider-14-slide-65-layer-2\" \n\t\t\t\t\t\t\t\tdata-type=\"object\"\n\t\t\t\t\t\t\t\tdata-rsp_ch=\"on\"\n\t\t\t\t\t\t\t\tdata-xy=\"xo:50px,50px,50px,23px;yo:50px,50px,50px,23px;\"\n\t\t\t\t\t\t\t\tdata-text=\"w:normal;s:20,20,20,8;l:0,0,0,11;\"\n\t\t\t\t\t\t\t\tdata-frame_999=\"o:0;st:w;\"\n\t\t\t\t\t\t\t\tstyle=\"z-index:10;font-family:'Roboto';\"\n\t\t\t\t\t\t\t> \n\t\t\t\t\t\t\t<\/rs-layer><!--\n-->\t\t\t\t\t<\/rs-slide>\n\t\t\t\t\t\t<rs-slide style=\"position: absolute;\" data-key=\"rs-61\" data-title=\"Slide\" data-thumb=\"\/\/hornivestonice.amenity.cz\/wp-content\/uploads\/sites\/12\/2024\/04\/1600x630_salonek-horni-vestonice-amenity_1600x630_-100x50.jpg\" data-anim=\"adpr:false;e:slidingoverlay;ms:1000ms;\" data-in=\"o:0;y:-100%;\" data-out=\"a:false;\">\n\t\t\t\t\t\t\t<img decoding=\"async\" src=\"\/\/hornivestonice.amenity.cz\/wp-content\/plugins\/revslider\/sr6\/assets\/assets\/dummy.png\" alt=\"\" title=\"1600x630_salonek-horni-vestonice-amenity_1600x630_\" width=\"1600\" height=\"630\" class=\"rev-slidebg tp-rs-img rs-lazyload\" data-lazyload=\"\/\/hornivestonice.amenity.cz\/wp-content\/uploads\/sites\/12\/2024\/04\/1600x630_salonek-horni-vestonice-amenity_1600x630_.jpg\" data-parallax=\"off\" data-panzoom=\"d:10000;ss:100;se:110%;\" data-no-retina>\n<!--\n\t\t\t\t\t\t\t--><rs-layer\n\t\t\t\t\t\t\t\tid=\"slider-14-slide-61-layer-2\" \n\t\t\t\t\t\t\t\tdata-type=\"object\"\n\t\t\t\t\t\t\t\tdata-rsp_ch=\"on\"\n\t\t\t\t\t\t\t\tdata-xy=\"xo:50px,50px,50px,23px;yo:50px,50px,50px,23px;\"\n\t\t\t\t\t\t\t\tdata-text=\"w:normal;s:20,20,20,8;l:0,0,0,11;\"\n\t\t\t\t\t\t\t\tdata-frame_999=\"o:0;st:w;\"\n\t\t\t\t\t\t\t\tstyle=\"z-index:10;font-family:'Roboto';\"\n\t\t\t\t\t\t\t> \n\t\t\t\t\t\t\t<\/rs-layer><!--\n-->\t\t\t\t\t<\/rs-slide>\n\t\t\t\t\t\t<rs-slide style=\"position: absolute;\" data-key=\"rs-62\" data-title=\"Slide\" data-thumb=\"\/\/hornivestonice.amenity.cz\/wp-content\/uploads\/sites\/12\/2024\/04\/1600x630_salonek-horni-vestonice-amenity_1600x630_2-100x50.jpg\" data-anim=\"adpr:false;e:slidingoverlay;ms:1000ms;\" data-in=\"o:0;y:-100%;\" data-out=\"a:false;\">\n\t\t\t\t\t\t\t<img decoding=\"async\" src=\"\/\/hornivestonice.amenity.cz\/wp-content\/plugins\/revslider\/sr6\/assets\/assets\/dummy.png\" alt=\"\" title=\"1600x630_salonek-horni-vestonice-amenity_1600x630_2\" width=\"1600\" height=\"630\" class=\"rev-slidebg tp-rs-img rs-lazyload\" data-lazyload=\"\/\/hornivestonice.amenity.cz\/wp-content\/uploads\/sites\/12\/2024\/04\/1600x630_salonek-horni-vestonice-amenity_1600x630_2.jpg\" data-parallax=\"off\" data-panzoom=\"d:10000;ss:100;se:110%;\" data-no-retina>\n<!--\n\t\t\t\t\t\t\t--><rs-layer\n\t\t\t\t\t\t\t\tid=\"slider-14-slide-62-layer-2\" \n\t\t\t\t\t\t\t\tdata-type=\"object\"\n\t\t\t\t\t\t\t\tdata-rsp_ch=\"on\"\n\t\t\t\t\t\t\t\tdata-xy=\"xo:50px,50px,50px,23px;yo:50px,50px,50px,23px;\"\n\t\t\t\t\t\t\t\tdata-text=\"w:normal;s:20,20,20,8;l:0,0,0,11;\"\n\t\t\t\t\t\t\t\tdata-frame_999=\"o:0;st:w;\"\n\t\t\t\t\t\t\t\tstyle=\"z-index:10;font-family:'Roboto';\"\n\t\t\t\t\t\t\t> \n\t\t\t\t\t\t\t<\/rs-layer><!--\n-->\t\t\t\t\t<\/rs-slide>\n\t\t\t\t\t<\/rs-slides>\n\t\t\t\t\t<rs-static-layers><!--\n\t\t\t\t\t--><\/rs-static-layers>\n\t\t\t\t<\/rs-module>\n\t\t\t\t<script>\n\t\t\t\t\tsetREVStartSize({c: 'rev_slider_14_1',rl:[1240,1240,1240,480],el:[630,630,630,625],gw:[1600,1600,1600,750],gh:[630,630,630,625],type:'standard',justify:'',layout:'fullwidth',mh:\"0\"});if (window.RS_MODULES!==undefined && window.RS_MODULES.modules!==undefined && window.RS_MODULES.modules[\"revslider141\"]!==undefined) {window.RS_MODULES.modules[\"revslider141\"].once = false;window.revapi14 = undefined;if (window.RS_MODULES.checkMinimal!==undefined) window.RS_MODULES.checkMinimal()}\n\t\t\t\t<\/script>\n\t\t\t<\/rs-module-wrap>\n\t\t\t<!-- END REVOLUTION SLIDER -->\n[\/vc_column][\/vc_row][vc_row full_width=&#8221;stretch_row_content_no_spaces&#8221;][vc_column offset=&#8221;vc_hidden-lg vc_hidden-md&#8221;][vc_single_image image=&#8221;3750&#8243; img_size=&#8221;750&#215;625&#8243;][\/vc_column][\/vc_row][vc_row][vc_column]<div  class=\"empty-space  marg-lg-b35 marg-md-b25 marg-sm-b20 marg-xs-b15\"><\/div>[vc_separator color=&#8221;custom&#8221; border_width=&#8221;2&#8243; el_width=&#8221;50&#8243; accent_color=&#8221;#c7b39a&#8221;]<div class=\"text-block \" ><div class=\"simple-text \"><h1 style=\"text-align: center;\">WEINKELLER HORN\u00cd V\u011aSTONICE<\/h1>\n<h2 style=\"text-align: center;\">Amenity Penzion Horn\u00ed V\u011bstonice<\/h2>\n<\/div><\/div><div  class=\"empty-space  marg-lg-b25 marg-md-b15 marg-sm-b10 marg-xs-b5\"><\/div>[vc_separator color=&#8221;custom&#8221; border_width=&#8221;2&#8243; el_width=&#8221;50&#8243; accent_color=&#8221;#c7b39a&#8221;]<div  class=\"empty-space  marg-lg-b25 marg-md-b15 marg-sm-b10 marg-xs-b5\"><\/div><div class=\"text-block \" ><div class=\"simple-text \"><p style=\"text-align: center;\"><strong>Veranstalten Sie eine Familienfeier, ein Firmentreffen oder eine private Party mit Ihren Freunden. <\/strong><\/p>\n<p style=\"text-align: center;\">Auf Anfrage k\u00f6nnen wir f\u00fcr gr\u00f6\u00dfere Gruppen auch Weinproben und Erfrischungen organisieren.<\/p>\n<p style=\"text-align: center;\">Die Anmietung des Weinkellers muss im Voraus gebucht werden.<\/p>\n<p style=\"text-align: center;\">| Weinkeller Horn\u00ed V\u011bstonice | Weinkeller P\u00e1lava |<\/p>\n<\/div><\/div><div  class=\"empty-space  marg-lg-b25 marg-md-b15 marg-sm-b10 marg-xs-b5\"><\/div>[\/vc_column][\/vc_row]<\/p>\n<\/div>","protected":false},"excerpt":{"rendered":"<p>[vc_row full_width=&#8221;stretch_row&#8221;][vc_column offset=&#8221;vc_hidden-sm vc_hidden-xs&#8221;][\/vc_column][\/vc_row][vc_row full_width=&#8221;stretch_row_content_no_spaces&#8221;][vc_column offset=&#8221;vc_hidden-lg vc_hidden-md&#8221;][vc_single_image image=&#8221;3750&#8243; img_size=&#8221;750&#215;625&#8243;][\/vc_column][\/vc_row][vc_row][vc_column][vc_separator color=&#8221;custom&#8221; border_width=&#8221;2&#8243; el_width=&#8221;50&#8243; accent_color=&#8221;#c7b39a&#8221;][vc_separator color=&#8221;custom&#8221; border_width=&#8221;2&#8243; el_width=&#8221;50&#8243; accent_color=&#8221;#c7b39a&#8221;][\/vc_column][\/vc_row]<\/p>\n","protected":false},"author":3,"featured_media":3702,"parent":0,"menu_order":0,"comment_status":"closed","ping_status":"closed","template":"","meta":{"footnotes":""},"class_list":["post-3371","page","type-page","status-publish","has-post-thumbnail","hentry"],"yoast_head":"<!-- This site is optimized with the Yoast SEO Premium plugin v26.7 (Yoast SEO v26.7) - https:\/\/yoast.com\/wordpress\/plugins\/seo\/ -->\n<title>Weinkeller - Amenity Penzion Horn\u00ed V\u011bstonice - P\u00e1lava<\/title>\n<meta name=\"description\" content=\"Veranstalten Sie eine Familienfeier, ein Firmentreffen oder eine private Party mit Ihren Freunden. Weinkeller Horn\u00ed V\u011bstonice, P\u00e1lava.\" \/>\n<meta name=\"robots\" content=\"index, follow, max-snippet:-1, max-image-preview:large, max-video-preview:-1\" \/>\n<link rel=\"canonical\" href=\"https:\/\/hornivestonice.amenity.cz\/de\/weinkeller\/\" \/>\n<meta property=\"og:locale\" content=\"de_DE\" \/>\n<meta property=\"og:type\" content=\"article\" \/>\n<meta property=\"og:title\" content=\"Weinkeller\" \/>\n<meta property=\"og:description\" content=\"Veranstalten Sie eine Familienfeier, ein Firmentreffen oder eine private Party mit Ihren Freunden. Weinkeller Horn\u00ed V\u011bstonice, P\u00e1lava.\" \/>\n<meta property=\"og:url\" content=\"https:\/\/hornivestonice.amenity.cz\/de\/weinkeller\/\" \/>\n<meta property=\"og:site_name\" content=\"Horn\u00ed V\u011bstonice\" \/>\n<meta property=\"article:modified_time\" content=\"2023-03-17T07:22:53+00:00\" \/>\n<meta property=\"og:image\" content=\"https:\/\/hornivestonice.amenity.cz\/wp-content\/uploads\/sites\/12\/2022\/12\/amenity-puenzion-horni-vestonice-palava_750x625.jpg\" \/>\n\t<meta property=\"og:image:width\" content=\"750\" \/>\n\t<meta property=\"og:image:height\" content=\"625\" \/>\n\t<meta property=\"og:image:type\" content=\"image\/jpeg\" \/>\n<meta name=\"twitter:card\" content=\"summary_large_image\" \/>\n<meta name=\"twitter:label1\" content=\"Gesch\u00e4tzte Lesezeit\" \/>\n\t<meta name=\"twitter:data1\" content=\"1\u00a0Minute\" \/>\n<script type=\"application\/ld+json\" class=\"yoast-schema-graph\">{\"@context\":\"https:\/\/schema.org\",\"@graph\":[{\"@type\":\"WebPage\",\"@id\":\"https:\/\/hornivestonice.amenity.cz\/de\/weinkeller\/\",\"url\":\"https:\/\/hornivestonice.amenity.cz\/de\/weinkeller\/\",\"name\":\"Weinkeller - Amenity Penzion Horn\u00ed V\u011bstonice - P\u00e1lava\",\"isPartOf\":{\"@id\":\"https:\/\/hornivestonice.amenity.cz\/de\/#website\"},\"primaryImageOfPage\":{\"@id\":\"https:\/\/hornivestonice.amenity.cz\/de\/weinkeller\/#primaryimage\"},\"image\":{\"@id\":\"https:\/\/hornivestonice.amenity.cz\/de\/weinkeller\/#primaryimage\"},\"thumbnailUrl\":\"https:\/\/hornivestonice.amenity.cz\/wp-content\/uploads\/sites\/12\/2022\/12\/amenity-puenzion-horni-vestonice-palava_750x625.jpg\",\"datePublished\":\"2022-07-22T08:36:44+00:00\",\"dateModified\":\"2023-03-17T07:22:53+00:00\",\"description\":\"Veranstalten Sie eine Familienfeier, ein Firmentreffen oder eine private Party mit Ihren Freunden. Weinkeller Horn\u00ed V\u011bstonice, P\u00e1lava.\",\"breadcrumb\":{\"@id\":\"https:\/\/hornivestonice.amenity.cz\/de\/weinkeller\/#breadcrumb\"},\"inLanguage\":\"de\",\"potentialAction\":[{\"@type\":\"ReadAction\",\"target\":[\"https:\/\/hornivestonice.amenity.cz\/de\/weinkeller\/\"]}]},{\"@type\":\"ImageObject\",\"inLanguage\":\"de\",\"@id\":\"https:\/\/hornivestonice.amenity.cz\/de\/weinkeller\/#primaryimage\",\"url\":\"https:\/\/hornivestonice.amenity.cz\/wp-content\/uploads\/sites\/12\/2022\/12\/amenity-puenzion-horni-vestonice-palava_750x625.jpg\",\"contentUrl\":\"https:\/\/hornivestonice.amenity.cz\/wp-content\/uploads\/sites\/12\/2022\/12\/amenity-puenzion-horni-vestonice-palava_750x625.jpg\",\"width\":750,\"height\":625},{\"@type\":\"BreadcrumbList\",\"@id\":\"https:\/\/hornivestonice.amenity.cz\/de\/weinkeller\/#breadcrumb\",\"itemListElement\":[{\"@type\":\"ListItem\",\"position\":1,\"name\":\"Dom\u016f\",\"item\":\"https:\/\/hornivestonice.amenity.cz\/de\/\"},{\"@type\":\"ListItem\",\"position\":2,\"name\":\"Weinkeller\"}]},{\"@type\":\"WebSite\",\"@id\":\"https:\/\/hornivestonice.amenity.cz\/de\/#website\",\"url\":\"https:\/\/hornivestonice.amenity.cz\/de\/\",\"name\":\"Horn\u00ed V\u011bstonice\",\"description\":\"Amenity Penzion Horn\u00ed V\u011bstonice\",\"potentialAction\":[{\"@type\":\"SearchAction\",\"target\":{\"@type\":\"EntryPoint\",\"urlTemplate\":\"https:\/\/hornivestonice.amenity.cz\/de\/?s={search_term_string}\"},\"query-input\":{\"@type\":\"PropertyValueSpecification\",\"valueRequired\":true,\"valueName\":\"search_term_string\"}}],\"inLanguage\":\"de\"}]}<\/script>\n<!-- \/ Yoast SEO Premium plugin. -->","yoast_head_json":{"title":"Weinkeller - Amenity Penzion Horn\u00ed V\u011bstonice - P\u00e1lava","description":"Veranstalten Sie eine Familienfeier, ein Firmentreffen oder eine private Party mit Ihren Freunden. Weinkeller Horn\u00ed V\u011bstonice, P\u00e1lava.","robots":{"index":"index","follow":"follow","max-snippet":"max-snippet:-1","max-image-preview":"max-image-preview:large","max-video-preview":"max-video-preview:-1"},"canonical":"https:\/\/hornivestonice.amenity.cz\/de\/weinkeller\/","og_locale":"de_DE","og_type":"article","og_title":"Weinkeller","og_description":"Veranstalten Sie eine Familienfeier, ein Firmentreffen oder eine private Party mit Ihren Freunden. Weinkeller Horn\u00ed V\u011bstonice, P\u00e1lava.","og_url":"https:\/\/hornivestonice.amenity.cz\/de\/weinkeller\/","og_site_name":"Horn\u00ed V\u011bstonice","article_modified_time":"2023-03-17T07:22:53+00:00","og_image":[{"width":750,"height":625,"url":"https:\/\/hornivestonice.amenity.cz\/wp-content\/uploads\/sites\/12\/2022\/12\/amenity-puenzion-horni-vestonice-palava_750x625.jpg","type":"image\/jpeg"}],"twitter_card":"summary_large_image","twitter_misc":{"Gesch\u00e4tzte Lesezeit":"1\u00a0Minute"},"schema":{"@context":"https:\/\/schema.org","@graph":[{"@type":"WebPage","@id":"https:\/\/hornivestonice.amenity.cz\/de\/weinkeller\/","url":"https:\/\/hornivestonice.amenity.cz\/de\/weinkeller\/","name":"Weinkeller - Amenity Penzion Horn\u00ed V\u011bstonice - P\u00e1lava","isPartOf":{"@id":"https:\/\/hornivestonice.amenity.cz\/de\/#website"},"primaryImageOfPage":{"@id":"https:\/\/hornivestonice.amenity.cz\/de\/weinkeller\/#primaryimage"},"image":{"@id":"https:\/\/hornivestonice.amenity.cz\/de\/weinkeller\/#primaryimage"},"thumbnailUrl":"https:\/\/hornivestonice.amenity.cz\/wp-content\/uploads\/sites\/12\/2022\/12\/amenity-puenzion-horni-vestonice-palava_750x625.jpg","datePublished":"2022-07-22T08:36:44+00:00","dateModified":"2023-03-17T07:22:53+00:00","description":"Veranstalten Sie eine Familienfeier, ein Firmentreffen oder eine private Party mit Ihren Freunden. Weinkeller Horn\u00ed V\u011bstonice, P\u00e1lava.","breadcrumb":{"@id":"https:\/\/hornivestonice.amenity.cz\/de\/weinkeller\/#breadcrumb"},"inLanguage":"de","potentialAction":[{"@type":"ReadAction","target":["https:\/\/hornivestonice.amenity.cz\/de\/weinkeller\/"]}]},{"@type":"ImageObject","inLanguage":"de","@id":"https:\/\/hornivestonice.amenity.cz\/de\/weinkeller\/#primaryimage","url":"https:\/\/hornivestonice.amenity.cz\/wp-content\/uploads\/sites\/12\/2022\/12\/amenity-puenzion-horni-vestonice-palava_750x625.jpg","contentUrl":"https:\/\/hornivestonice.amenity.cz\/wp-content\/uploads\/sites\/12\/2022\/12\/amenity-puenzion-horni-vestonice-palava_750x625.jpg","width":750,"height":625},{"@type":"BreadcrumbList","@id":"https:\/\/hornivestonice.amenity.cz\/de\/weinkeller\/#breadcrumb","itemListElement":[{"@type":"ListItem","position":1,"name":"Dom\u016f","item":"https:\/\/hornivestonice.amenity.cz\/de\/"},{"@type":"ListItem","position":2,"name":"Weinkeller"}]},{"@type":"WebSite","@id":"https:\/\/hornivestonice.amenity.cz\/de\/#website","url":"https:\/\/hornivestonice.amenity.cz\/de\/","name":"Horn\u00ed V\u011bstonice","description":"Amenity Penzion Horn\u00ed V\u011bstonice","potentialAction":[{"@type":"SearchAction","target":{"@type":"EntryPoint","urlTemplate":"https:\/\/hornivestonice.amenity.cz\/de\/?s={search_term_string}"},"query-input":{"@type":"PropertyValueSpecification","valueRequired":true,"valueName":"search_term_string"}}],"inLanguage":"de"}]}},"_links":{"self":[{"href":"https:\/\/hornivestonice.amenity.cz\/de\/wp-json\/wp\/v2\/pages\/3371","targetHints":{"allow":["GET"]}}],"collection":[{"href":"https:\/\/hornivestonice.amenity.cz\/de\/wp-json\/wp\/v2\/pages"}],"about":[{"href":"https:\/\/hornivestonice.amenity.cz\/de\/wp-json\/wp\/v2\/types\/page"}],"author":[{"embeddable":true,"href":"https:\/\/hornivestonice.amenity.cz\/de\/wp-json\/wp\/v2\/users\/3"}],"replies":[{"embeddable":true,"href":"https:\/\/hornivestonice.amenity.cz\/de\/wp-json\/wp\/v2\/comments?post=3371"}],"version-history":[{"count":0,"href":"https:\/\/hornivestonice.amenity.cz\/de\/wp-json\/wp\/v2\/pages\/3371\/revisions"}],"wp:featuredmedia":[{"embeddable":true,"href":"https:\/\/hornivestonice.amenity.cz\/de\/wp-json\/wp\/v2\/media\/3702"}],"wp:attachment":[{"href":"https:\/\/hornivestonice.amenity.cz\/de\/wp-json\/wp\/v2\/media?parent=3371"}],"curies":[{"name":"wp","href":"https:\/\/api.w.org\/{rel}","templated":true}]}}