{"id":3374,"date":"2022-07-22T10:42:17","date_gmt":"2022-07-22T08:42:17","guid":{"rendered":"http:\/\/hornivestonice.amenity.cz\/?page_id=3374"},"modified":"2025-04-22T11:09:57","modified_gmt":"2025-04-22T09:09:57","slug":"wellness","status":"publish","type":"page","link":"https:\/\/hornivestonice.amenity.cz\/de\/wellness\/","title":{"rendered":"Wellness"},"content":{"rendered":"<div class=\"wpb-content-wrapper\"><p>[vc_row][vc_column]<div  class=\"empty-space  marg-lg-b25\"><\/div>[vc_separator color=&#8221;custom&#8221; border_width=&#8221;2&#8243; el_width=&#8221;50&#8243; accent_color=&#8221;#c7b39a&#8221;]<div class=\"text-block \" ><div class=\"simple-text \"><h1 style=\"text-align: center;\">Wellness Horn\u00ed V\u011bstonice<\/h1>\n<p style=\"text-align: center;\"><strong>Entspannung in P\u00e1lava \u2013 Saunen udn Whirlpools<\/strong><\/p>\n<p style=\"text-align: center;\">Tanken Sie Kraft in unserem Wellnesszentrum am Fu\u00dfe des P\u00e1lava Bergen. Eine finnische Sauna, eine Dampfsauna und zwei whirlpools.<\/p>\n<p style=\"text-align: center;\">| Wellness Horn\u00ed V\u011bstonice |<\/p>\n<\/div><\/div><div  class=\"empty-space  marg-lg-b25\"><\/div>[vc_separator color=&#8221;custom&#8221; border_width=&#8221;2&#8243; el_width=&#8221;50&#8243; accent_color=&#8221;#c7b39a&#8221;][\/vc_column][\/vc_row][vc_row full_width=&#8221;stretch_row_content_no_spaces&#8221;][vc_column]<div  class=\"hb-text-block__wrapper style1\"><div class=\"row\"><div class=\"col-md-6\"><div class=\"hb-image__block\"><img decoding=\"async\" src=\"https:\/\/hornivestonice.amenity.cz\/wp-content\/uploads\/sites\/12\/2023\/01\/750x625_horni-vestonice_1-2023_5.jpg\" alt=\"\" \/><\/div><\/div><div class=\"col-md-6\"><div class=\"hb-text_block_content\"><div class=\"hb-text-block___inner_wrapper\"><div class=\"featured-rooms-slider__title title-color-black\">Preisliste<\/div><div class=\"featured-rooms-slider__text content-color-grey\"><strong>Wellness-\u00d6ffnungszeiten:<\/strong><\/p>\n<p>Do-So 15:00-21:00<br \/>\nReservierung mindestens 2 Stunden im Voraus erforderlich.<\/p>\n<p><strong>Maximale Kapazit\u00e4t von Wellness<\/strong><\/p>\n<p>10 Personen<\/p>\n<p><strong>Saunas und Whirlpools <\/strong>(privat)<\/p>\n<p>2 500 CZK \/ Gruppe \/ 1,5 Stunden<\/p>\n<p><strong>Saunen<\/strong><\/p>\n<p>240 CZK \/ 1 Person \/ 60 Min. (G\u00e4ste der Unterkunft)<\/p>\n<p>260 CZK \/ 1 Person \/ 60 Min. (allgemeine \u00d6ffentlichkeit)<\/p>\n<p><strong>Whirlpools <\/strong>(privat)<\/p>\n<p>1 500 CZK \/ max. 4 Personen \/ 1,5 Stunden<\/div><\/div><\/div><\/div><\/div><\/div>[\/vc_column][\/vc_row][vc_row full_width=&#8221;stretch_row_content_no_spaces&#8221;][vc_column]<div  class=\"hb-text-block__wrapper style1\"><div class=\"row\"><div class=\"col-md-6\"><div class=\"hb-image__block\"><img decoding=\"async\" src=\"https:\/\/hornivestonice.amenity.cz\/wp-content\/uploads\/sites\/12\/2023\/01\/750x625_horni-vestonice_1-2023_4.jpg\" alt=\"\" \/><\/div><\/div><div class=\"col-md-6\"><div class=\"hb-text_block_content\"><div class=\"hb-text-block___inner_wrapper\"><div class=\"featured-rooms-slider__title title-color-black\">Whirlpools<\/div><div class=\"featured-rooms-slider__text content-color-grey\">Mikroskopische Blasen, Hydromassaged\u00fcsen und eine angenehme Wassertemperatur erfrischen und entspannen die Muskeln. Entspannen Sie sich in einem der drei Whirlpools.<\/div><\/div><\/div><\/div><\/div><\/div>[\/vc_column][\/vc_row][vc_row full_width=&#8221;stretch_row_content_no_spaces&#8221;][vc_column offset=&#8221;vc_hidden-sm vc_hidden-xs&#8221;]<div  class=\"hb-text-block__wrapper style2\"><div class=\"row\"><div class=\"col-md-6\"><div class=\"hb-text_block_content\"><div class=\"hb-text-block___inner_wrapper text-right\"><div class=\"featured-rooms-slider__title title-color-black\">Finnische sauna<\/div><div class=\"featured-rooms-slider__text content-color-grey\">Die Sauna ist ein kombiniertes Verfahren, dessen Prinzip in der \u00dcberhitzung des K\u00f6rpers und seiner anschlie\u00dfenden schnellen Abk\u00fchlung besteht. Dies f\u00fchrt zu einer starken Verringerung der Muskelspannung und einer Erh\u00f6hung des Bewegungsbereichs einzelner Gelenke. Ein weiterer Effekt ist die allm\u00e4hliche Aush\u00e4rtung.<\/p>\n<p>| Wellness Horn\u00ed V\u011bstonice |<\/div><\/div><\/div><\/div><div class=\"col-md-6\"><div class=\"hb-image__block\"><img decoding=\"async\" src=\"https:\/\/hornivestonice.amenity.cz\/wp-content\/uploads\/sites\/12\/2022\/02\/750x625_well_.jpg\" alt=\"\" \/><\/div><\/div><\/div><\/div>[\/vc_column][vc_column offset=&#8221;vc_hidden-lg vc_hidden-md&#8221;]<div  class=\"hb-text-block__wrapper style1\"><div class=\"row\"><div class=\"col-md-6\"><div class=\"hb-image__block\"><img decoding=\"async\" src=\"https:\/\/hornivestonice.amenity.cz\/wp-content\/uploads\/sites\/12\/2022\/02\/750x625_well_.jpg\" alt=\"\" \/><\/div><\/div><div class=\"col-md-6\"><div class=\"hb-text_block_content\"><div class=\"hb-text-block___inner_wrapper\"><div class=\"featured-rooms-slider__title title-color-black\">Finnische sauna<\/div><div class=\"featured-rooms-slider__text content-color-grey\">Die Sauna ist ein kombiniertes Verfahren, dessen Prinzip in der \u00dcberhitzung des K\u00f6rpers und seiner anschlie\u00dfenden schnellen Abk\u00fchlung besteht. Dies f\u00fchrt zu einer starken Verringerung der Muskelspannung und einer Erh\u00f6hung des Bewegungsbereichs einzelner Gelenke. Ein weiterer Effekt ist die allm\u00e4hliche Aush\u00e4rtung.<\/p>\n<p>| Wellness Horn\u00ed V\u011bstonice |<\/div><\/div><\/div><\/div><\/div><\/div>[\/vc_column][\/vc_row][vc_row full_width=&#8221;stretch_row_content_no_spaces&#8221;][vc_column]<div  class=\"hb-text-block__wrapper style1\"><div class=\"row\"><div class=\"col-md-6\"><div class=\"hb-image__block\"><img decoding=\"async\" src=\"https:\/\/hornivestonice.amenity.cz\/wp-content\/uploads\/sites\/12\/2022\/02\/750x625_well_2.jpg\" alt=\"\" \/><\/div><\/div><div class=\"col-md-6\"><div class=\"hb-text_block_content\"><div class=\"hb-text-block___inner_wrapper\"><div class=\"featured-rooms-slider__title title-color-black\">Dampfsauna<\/div><div class=\"featured-rooms-slider__text content-color-grey\">Ein angenehmes Schwitzbad mit einem ganz anderen Klima als in der Sauna. Es ist nicht so hei\u00df, daher gibt es auch keine solche Erw\u00e4rmung, da die Temperatur im Dampf zwischen 40-50\u00b0C bei bis zu 100% Luftfeuchtigkeit liegt. Es ist ideal, um die Muskeln zu entspannen und die Durchblutung zu verbessern.<\/p>\n<p>| Wellness Horn\u00ed V\u011bstonice |<\/div><\/div><\/div><\/div><\/div><\/div>[\/vc_column][\/vc_row]<\/p>\n<\/div>","protected":false},"excerpt":{"rendered":"<p>[vc_row][vc_column][vc_separator color=&#8221;custom&#8221; border_width=&#8221;2&#8243; el_width=&#8221;50&#8243; accent_color=&#8221;#c7b39a&#8221;][vc_separator color=&#8221;custom&#8221; border_width=&#8221;2&#8243; el_width=&#8221;50&#8243; accent_color=&#8221;#c7b39a&#8221;][\/vc_column][\/vc_row][vc_row full_width=&#8221;stretch_row_content_no_spaces&#8221;][vc_column][\/vc_column][\/vc_row][vc_row full_width=&#8221;stretch_row_content_no_spaces&#8221;][vc_column][\/vc_column][\/vc_row][vc_row full_width=&#8221;stretch_row_content_no_spaces&#8221;][vc_column offset=&#8221;vc_hidden-sm vc_hidden-xs&#8221;][\/vc_column][vc_column offset=&#8221;vc_hidden-lg vc_hidden-md&#8221;][\/vc_column][\/vc_row][vc_row full_width=&#8221;stretch_row_content_no_spaces&#8221;][vc_column][\/vc_column][\/vc_row]<\/p>\n","protected":false},"author":3,"featured_media":3857,"parent":0,"menu_order":0,"comment_status":"closed","ping_status":"closed","template":"","meta":{"footnotes":""},"class_list":["post-3374","page","type-page","status-publish","has-post-thumbnail","hentry"],"yoast_head":"<!-- This site is optimized with the Yoast SEO Premium plugin v27.3 (Yoast SEO v27.3) - https:\/\/yoast.com\/product\/yoast-seo-premium-wordpress\/ -->\n<title>Wellness - Amenity Penzion Horn\u00ed V\u011bstonice - P\u00e1lava - S\u00fcdm\u00e4hren<\/title>\n<meta name=\"description\" content=\"Entspannung in P\u00e1lava \u2013 Saunen, Massagen und Wellnessprozeduren. Tanken Sie Kraft in unserem Wellnesszentrum am Fu\u00dfe des P\u00e1lava Bergen.\" \/>\n<meta name=\"robots\" content=\"index, follow, max-snippet:-1, max-image-preview:large, max-video-preview:-1\" \/>\n<link rel=\"canonical\" href=\"https:\/\/hornivestonice.amenity.cz\/de\/wellness\/\" \/>\n<meta property=\"og:locale\" content=\"de_DE\" \/>\n<meta property=\"og:type\" content=\"article\" \/>\n<meta property=\"og:title\" content=\"Wellness\" \/>\n<meta property=\"og:description\" content=\"Entspannung in P\u00e1lava \u2013 Saunen, Massagen und Wellnessprozeduren. Tanken Sie Kraft in unserem Wellnesszentrum am Fu\u00dfe des P\u00e1lava Bergen.\" \/>\n<meta property=\"og:url\" content=\"https:\/\/hornivestonice.amenity.cz\/de\/wellness\/\" \/>\n<meta property=\"og:site_name\" content=\"Horn\u00ed V\u011bstonice\" \/>\n<meta property=\"article:modified_time\" content=\"2025-04-22T09:09:57+00:00\" \/>\n<meta property=\"og:image\" content=\"https:\/\/hornivestonice.amenity.cz\/wp-content\/uploads\/sites\/12\/2023\/01\/750x625_horni-vestonice_1-2023_5.jpg\" \/>\n\t<meta property=\"og:image:width\" content=\"750\" \/>\n\t<meta property=\"og:image:height\" content=\"625\" \/>\n\t<meta property=\"og:image:type\" content=\"image\/jpeg\" \/>\n<meta name=\"twitter:card\" content=\"summary_large_image\" \/>\n<meta name=\"twitter:label1\" content=\"Gesch\u00e4tzte Lesezeit\" \/>\n\t<meta name=\"twitter:data1\" content=\"2\u00a0Minuten\" \/>\n<script type=\"application\/ld+json\" class=\"yoast-schema-graph\">{\"@context\":\"https:\\\/\\\/schema.org\",\"@graph\":[{\"@type\":\"WebPage\",\"@id\":\"https:\\\/\\\/hornivestonice.amenity.cz\\\/de\\\/wellness\\\/\",\"url\":\"https:\\\/\\\/hornivestonice.amenity.cz\\\/de\\\/wellness\\\/\",\"name\":\"Wellness - Amenity Penzion Horn\u00ed V\u011bstonice - P\u00e1lava - S\u00fcdm\u00e4hren\",\"isPartOf\":{\"@id\":\"https:\\\/\\\/hornivestonice.amenity.cz\\\/de\\\/#website\"},\"primaryImageOfPage\":{\"@id\":\"https:\\\/\\\/hornivestonice.amenity.cz\\\/de\\\/wellness\\\/#primaryimage\"},\"image\":{\"@id\":\"https:\\\/\\\/hornivestonice.amenity.cz\\\/de\\\/wellness\\\/#primaryimage\"},\"thumbnailUrl\":\"https:\\\/\\\/hornivestonice.amenity.cz\\\/wp-content\\\/uploads\\\/sites\\\/12\\\/2023\\\/01\\\/750x625_horni-vestonice_1-2023_5.jpg\",\"datePublished\":\"2022-07-22T08:42:17+00:00\",\"dateModified\":\"2025-04-22T09:09:57+00:00\",\"description\":\"Entspannung in P\u00e1lava \u2013 Saunen, Massagen und Wellnessprozeduren. Tanken Sie Kraft in unserem Wellnesszentrum am Fu\u00dfe des P\u00e1lava Bergen.\",\"breadcrumb\":{\"@id\":\"https:\\\/\\\/hornivestonice.amenity.cz\\\/de\\\/wellness\\\/#breadcrumb\"},\"inLanguage\":\"de\",\"potentialAction\":[{\"@type\":\"ReadAction\",\"target\":[\"https:\\\/\\\/hornivestonice.amenity.cz\\\/de\\\/wellness\\\/\"]}]},{\"@type\":\"ImageObject\",\"inLanguage\":\"de\",\"@id\":\"https:\\\/\\\/hornivestonice.amenity.cz\\\/de\\\/wellness\\\/#primaryimage\",\"url\":\"https:\\\/\\\/hornivestonice.amenity.cz\\\/wp-content\\\/uploads\\\/sites\\\/12\\\/2023\\\/01\\\/750x625_horni-vestonice_1-2023_5.jpg\",\"contentUrl\":\"https:\\\/\\\/hornivestonice.amenity.cz\\\/wp-content\\\/uploads\\\/sites\\\/12\\\/2023\\\/01\\\/750x625_horni-vestonice_1-2023_5.jpg\",\"width\":750,\"height\":625},{\"@type\":\"BreadcrumbList\",\"@id\":\"https:\\\/\\\/hornivestonice.amenity.cz\\\/de\\\/wellness\\\/#breadcrumb\",\"itemListElement\":[{\"@type\":\"ListItem\",\"position\":1,\"name\":\"Dom\u016f\",\"item\":\"https:\\\/\\\/hornivestonice.amenity.cz\\\/de\\\/\"},{\"@type\":\"ListItem\",\"position\":2,\"name\":\"Wellness\"}]},{\"@type\":\"WebSite\",\"@id\":\"https:\\\/\\\/hornivestonice.amenity.cz\\\/de\\\/#website\",\"url\":\"https:\\\/\\\/hornivestonice.amenity.cz\\\/de\\\/\",\"name\":\"Horn\u00ed V\u011bstonice\",\"description\":\"Amenity Penzion Horn\u00ed V\u011bstonice\",\"potentialAction\":[{\"@type\":\"SearchAction\",\"target\":{\"@type\":\"EntryPoint\",\"urlTemplate\":\"https:\\\/\\\/hornivestonice.amenity.cz\\\/de\\\/?s={search_term_string}\"},\"query-input\":{\"@type\":\"PropertyValueSpecification\",\"valueRequired\":true,\"valueName\":\"search_term_string\"}}],\"inLanguage\":\"de\"}]}<\/script>\n<!-- \/ Yoast SEO Premium plugin. -->","yoast_head_json":{"title":"Wellness - Amenity Penzion Horn\u00ed V\u011bstonice - P\u00e1lava - S\u00fcdm\u00e4hren","description":"Entspannung in P\u00e1lava \u2013 Saunen, Massagen und Wellnessprozeduren. Tanken Sie Kraft in unserem Wellnesszentrum am Fu\u00dfe des P\u00e1lava Bergen.","robots":{"index":"index","follow":"follow","max-snippet":"max-snippet:-1","max-image-preview":"max-image-preview:large","max-video-preview":"max-video-preview:-1"},"canonical":"https:\/\/hornivestonice.amenity.cz\/de\/wellness\/","og_locale":"de_DE","og_type":"article","og_title":"Wellness","og_description":"Entspannung in P\u00e1lava \u2013 Saunen, Massagen und Wellnessprozeduren. Tanken Sie Kraft in unserem Wellnesszentrum am Fu\u00dfe des P\u00e1lava Bergen.","og_url":"https:\/\/hornivestonice.amenity.cz\/de\/wellness\/","og_site_name":"Horn\u00ed V\u011bstonice","article_modified_time":"2025-04-22T09:09:57+00:00","og_image":[{"width":750,"height":625,"url":"https:\/\/hornivestonice.amenity.cz\/wp-content\/uploads\/sites\/12\/2023\/01\/750x625_horni-vestonice_1-2023_5.jpg","type":"image\/jpeg"}],"twitter_card":"summary_large_image","twitter_misc":{"Gesch\u00e4tzte Lesezeit":"2\u00a0Minuten"},"schema":{"@context":"https:\/\/schema.org","@graph":[{"@type":"WebPage","@id":"https:\/\/hornivestonice.amenity.cz\/de\/wellness\/","url":"https:\/\/hornivestonice.amenity.cz\/de\/wellness\/","name":"Wellness - Amenity Penzion Horn\u00ed V\u011bstonice - P\u00e1lava - S\u00fcdm\u00e4hren","isPartOf":{"@id":"https:\/\/hornivestonice.amenity.cz\/de\/#website"},"primaryImageOfPage":{"@id":"https:\/\/hornivestonice.amenity.cz\/de\/wellness\/#primaryimage"},"image":{"@id":"https:\/\/hornivestonice.amenity.cz\/de\/wellness\/#primaryimage"},"thumbnailUrl":"https:\/\/hornivestonice.amenity.cz\/wp-content\/uploads\/sites\/12\/2023\/01\/750x625_horni-vestonice_1-2023_5.jpg","datePublished":"2022-07-22T08:42:17+00:00","dateModified":"2025-04-22T09:09:57+00:00","description":"Entspannung in P\u00e1lava \u2013 Saunen, Massagen und Wellnessprozeduren. Tanken Sie Kraft in unserem Wellnesszentrum am Fu\u00dfe des P\u00e1lava Bergen.","breadcrumb":{"@id":"https:\/\/hornivestonice.amenity.cz\/de\/wellness\/#breadcrumb"},"inLanguage":"de","potentialAction":[{"@type":"ReadAction","target":["https:\/\/hornivestonice.amenity.cz\/de\/wellness\/"]}]},{"@type":"ImageObject","inLanguage":"de","@id":"https:\/\/hornivestonice.amenity.cz\/de\/wellness\/#primaryimage","url":"https:\/\/hornivestonice.amenity.cz\/wp-content\/uploads\/sites\/12\/2023\/01\/750x625_horni-vestonice_1-2023_5.jpg","contentUrl":"https:\/\/hornivestonice.amenity.cz\/wp-content\/uploads\/sites\/12\/2023\/01\/750x625_horni-vestonice_1-2023_5.jpg","width":750,"height":625},{"@type":"BreadcrumbList","@id":"https:\/\/hornivestonice.amenity.cz\/de\/wellness\/#breadcrumb","itemListElement":[{"@type":"ListItem","position":1,"name":"Dom\u016f","item":"https:\/\/hornivestonice.amenity.cz\/de\/"},{"@type":"ListItem","position":2,"name":"Wellness"}]},{"@type":"WebSite","@id":"https:\/\/hornivestonice.amenity.cz\/de\/#website","url":"https:\/\/hornivestonice.amenity.cz\/de\/","name":"Horn\u00ed V\u011bstonice","description":"Amenity Penzion Horn\u00ed V\u011bstonice","potentialAction":[{"@type":"SearchAction","target":{"@type":"EntryPoint","urlTemplate":"https:\/\/hornivestonice.amenity.cz\/de\/?s={search_term_string}"},"query-input":{"@type":"PropertyValueSpecification","valueRequired":true,"valueName":"search_term_string"}}],"inLanguage":"de"}]}},"_links":{"self":[{"href":"https:\/\/hornivestonice.amenity.cz\/de\/wp-json\/wp\/v2\/pages\/3374","targetHints":{"allow":["GET"]}}],"collection":[{"href":"https:\/\/hornivestonice.amenity.cz\/de\/wp-json\/wp\/v2\/pages"}],"about":[{"href":"https:\/\/hornivestonice.amenity.cz\/de\/wp-json\/wp\/v2\/types\/page"}],"author":[{"embeddable":true,"href":"https:\/\/hornivestonice.amenity.cz\/de\/wp-json\/wp\/v2\/users\/3"}],"replies":[{"embeddable":true,"href":"https:\/\/hornivestonice.amenity.cz\/de\/wp-json\/wp\/v2\/comments?post=3374"}],"version-history":[{"count":2,"href":"https:\/\/hornivestonice.amenity.cz\/de\/wp-json\/wp\/v2\/pages\/3374\/revisions"}],"predecessor-version":[{"id":7957,"href":"https:\/\/hornivestonice.amenity.cz\/de\/wp-json\/wp\/v2\/pages\/3374\/revisions\/7957"}],"wp:featuredmedia":[{"embeddable":true,"href":"https:\/\/hornivestonice.amenity.cz\/de\/wp-json\/wp\/v2\/media\/3857"}],"wp:attachment":[{"href":"https:\/\/hornivestonice.amenity.cz\/de\/wp-json\/wp\/v2\/media?parent=3374"}],"curies":[{"name":"wp","href":"https:\/\/api.w.org\/{rel}","templated":true}]}}