{"id":3453,"date":"2022-07-22T14:00:53","date_gmt":"2022-07-22T12:00:53","guid":{"rendered":"http:\/\/hornivestonice.amenity.cz\/?page_id=3453"},"modified":"2025-11-18T10:24:44","modified_gmt":"2025-11-18T09:24:44","slug":"halbpension","status":"publish","type":"page","link":"https:\/\/hornivestonice.amenity.cz\/de\/halbpension\/","title":{"rendered":"Halbpension"},"content":{"rendered":"<div class=\"wpb-content-wrapper\"><p>[vc_row full_width=&#8221;stretch_row_content_no_spaces&#8221; content_placement=&#8221;middle&#8221;][vc_column]<div  class=\"empty-space  marg-lg-b20\"><\/div>[\/vc_column][\/vc_row][vc_row full_width=&#8221;stretch_row_content_no_spaces&#8221; content_placement=&#8221;middle&#8221; bg_type=&#8221;bg_color&#8221; css=&#8221;.vc_custom_1726656012534{background-color: #7f5b23 !important;}&#8221; bg_color_value=&#8221;#7f5b23&#8243;][vc_column]<div  class=\"empty-space  marg-lg-b5\"><\/div>[\/vc_column][\/vc_row][vc_row full_width=&#8221;stretch_row_content_no_spaces&#8221; content_placement=&#8221;middle&#8221;][vc_column]<div  class=\"empty-space  marg-lg-b20\"><\/div>[\/vc_column][\/vc_row][vc_row full_width=&#8221;stretch_row_content_no_spaces&#8221; content_placement=&#8221;middle&#8221;][vc_column]<div class=\" ubtn-ctn-center \"><a class=\"ubtn-link ult-adjust-bottom-margin ubtn-center ubtn-large \" href=\"https:\/\/www.secure-hotel-booking.com\/Amenity-Penzion-Horni-Vestonice\/J7PC\/de-DE?hotelId=25614\" title=\"BUCHEN\" ><button type=\"button\" id=\"ubtn-2118\"  class=\"ubtn ult-adjust-bottom-margin ult-responsive ubtn-large ubtn-fade-bg  ulta-grow  ubtn-sep-icon ubtn-sep-icon-top-push  ubtn-center   tooltip-69cfffb4068ce ubtn-tooltip bottom\" data-toggle=\"tooltip\" data-placement=\"bottom\" title=\"Preise und Verf\u00fcgbarkeit\" data-hover=\"#ffffff\" data-border-color=\"\" data-bg=\"#7f5b23\" data-hover-bg=\"#293635\" data-border-hover=\"\" data-shadow-hover=\"\" data-shadow-click=\"none\" data-shadow=\"\" data-shd-shadow=\"\"  data-ultimate-target='#ubtn-2118'  data-responsive-json-new='{\"font-size\":\"\",\"line-height\":\"\"}'  style=\"font-weight:normal;border:none;background: #7f5b23;color: #ffffff;\"><span class=\"ubtn-data ubtn-icon\"><i class=\"Defaults-calendar\" style=\"font-size:32px;color:#ffffff;\"><\/i><\/span><span class=\"ubtn-hover\" style=\"background-color:#293635\"><\/span><span class=\"ubtn-data ubtn-text \" >BUCHEN<\/span><\/button><\/a><\/div>[\/vc_column][\/vc_row][vc_row full_width=&#8221;stretch_row_content_no_spaces&#8221; content_placement=&#8221;middle&#8221;][vc_column]<div  class=\"empty-space  marg-lg-b10\"><\/div>[\/vc_column][\/vc_row][vc_row full_width=&#8221;stretch_row_content_no_spaces&#8221; content_placement=&#8221;middle&#8221; bg_type=&#8221;bg_color&#8221; css=&#8221;.vc_custom_1726656012534{background-color: #7f5b23 !important;}&#8221; bg_color_value=&#8221;#7f5b23&#8243;][vc_column]<div  class=\"empty-space  marg-lg-b5\"><\/div>[\/vc_column][\/vc_row][vc_row full_width=&#8221;stretch_row_content_no_spaces&#8221; content_placement=&#8221;middle&#8221;][vc_column]<div  class=\"empty-space  marg-lg-b20\"><\/div>[\/vc_column][\/vc_row][vc_row][vc_column]<div class=\"text-block \" ><div class=\"simple-text \"><\/div><\/div>[\/vc_column][\/vc_row][vc_row full_width=&#8221;stretch_row_content_no_spaces&#8221;][vc_column]<div  class=\"empty-space  marg-lg-b35\"><\/div>[vc_separator color=&#8221;custom&#8221; border_width=&#8221;2&#8243; el_width=&#8221;50&#8243; accent_color=&#8221;#c7b39a&#8221;]<div class=\"text-block \" ><div class=\"simple-text \"><h1 style=\"text-align: center;\">Halbpension<\/h1>\n<h2 style=\"text-align: center;\">Amenity Penzion Horn\u00ed V\u011bstonice<\/h2>\n<\/div><\/div><div  class=\"empty-space  marg-lg-b25\"><\/div>[vc_separator color=&#8221;custom&#8221; border_width=&#8221;2&#8243; el_width=&#8221;50&#8243; accent_color=&#8221;#c7b39a&#8221;]<div  class=\"empty-space  marg-lg-b25\"><\/div>[\/vc_column][\/vc_row][vc_row][vc_column offset=&#8221;vc_hidden-sm vc_hidden-xs&#8221;]<div class=\"text-block \" ><div class=\"simple-text \"><p style=\"text-align: center;\"><strong>Buchen Sie Ihren Aufenthalt in Amenity Penzion Horn\u00ed V\u011bstonice und lassen Sie alle Ihre Sorgen hinter sich. Halbpension und andere Leistungen sind bereits im Preis enthalten.<\/strong><\/p>\n<\/div><\/div>[\/vc_column][\/vc_row][vc_row full_width=&#8221;stretch_row_content_no_spaces&#8221;][vc_column]<div  class=\"empty-space  marg-lg-b25\"><\/div><div  class=\"hb-text-block__wrapper style1\"><div class=\"row\"><div class=\"col-md-6\"><div class=\"hb-image__block\"><img decoding=\"async\" src=\"https:\/\/hornivestonice.amenity.cz\/wp-content\/uploads\/sites\/12\/2022\/07\/750x625_7-2022_.jpg\" alt=\"\" \/><\/div><\/div><div class=\"col-md-6\"><div class=\"hb-text_block_content\"><div class=\"hb-text-block___inner_wrapper\"><div class=\"featured-rooms-slider__title title-color-black\"><\/div><div class=\"featured-rooms-slider__text content-color-grey\"><strong>Im \u00dcbernachtungspreis mit Halbpension sind die Mahlzeiten enthalten:<\/strong><br \/>\n\u2022 Fr\u00fchst\u00fccksbuffet<br \/>\n\u2022 Abendbuffet (ohne Getr\u00e4nke)<\/p>\n<p>Falls die Zahl der untergebrachten G\u00e4ste die Grenze von 20 Personen unterschreitet, beh\u00e4lt sich die Amenity Penzion Horn\u00ed V\u011bstonice das Recht vor, das Abendessen auf ein Buffet mit Vorspeisen, Suppen und Desserts, eine Salatbar und ein serviertes Hauptgericht Ihrer Wahl umzustellen .<\/div><\/div><\/div><\/div><\/div><\/div><div  class=\"empty-space  marg-lg-b25\"><\/div><div class=\"text-block \" ><div class=\"simple-text \"><h3 style=\"text-align: center;\">PREIS F\u00dcR DURCHREISENDE<\/h3>\n<p style=\"text-align: center;\"><strong>Wir denken auch an alle, die sich f\u00fcr eine andere Unterkunft f\u00fcr ihren Urlaub in Horn\u00ed V\u011bstonice entschieden haben.<\/strong><\/p>\n<p style=\"text-align: center;\"><strong>Preis f\u00fcr Fr\u00fchst\u00fcck:<\/strong><\/p>\n<p style=\"text-align: center;\">330 CZK\/1 Person<\/p>\n<p style=\"text-align: center;\">195 CZK\/Kinder bis 11,99 Jahre<\/p>\n<p style=\"text-align: center;\">Kinder bis 3,99 Jahre kostenlos<\/p>\n<p style=\"text-align: center;\"><strong>Preis f\u00fcr Abendessen:<\/strong><\/p>\n<p style=\"text-align: center;\">420 CZK\/1 Person<\/p>\n<p style=\"text-align: center;\">330 CZK\/Kind bis 11,99 Jahre<\/p>\n<p style=\"text-align: center;\">Kinder bis 3,99 Jahre kostenlos<\/p>\n<\/div><\/div>[vc_separator color=&#8221;custom&#8221; border_width=&#8221;2&#8243; el_width=&#8221;50&#8243; accent_color=&#8221;#c7b39a&#8221;]<div class=\"text-block \" ><div class=\"simple-text \"><p style=\"text-align: center;\"><strong>Weitere Leistungen und Steuern inklusive:<\/strong><br \/>\n\u2022 Wi-Fi in allen Bereichen verf\u00fcgbar<br \/>\n\u2022 Eintritt ins Freibad<br \/>\n\u2022 Kostenlose Parkpl\u00e4tze im Freien<br \/>\n\u2022 Mehrwertsteuer<\/p>\n<p style=\"text-align: center;\"><strong>Steuern nicht inbegriffen:<\/strong><br \/>\n\u2022 Urlaubsgeb\u00fchr: 25 CZK \/ Person ab 18 Jahren \/ Nacht<\/p>\n<\/div><\/div><div  class=\"empty-space  marg-lg-b25\"><\/div>[vc_separator color=&#8221;custom&#8221; border_width=&#8221;2&#8243; el_width=&#8221;50&#8243; accent_color=&#8221;#c7b39a&#8221;]<div  class=\"empty-space  marg-lg-b25\"><\/div>[\/vc_column][\/vc_row][vc_column][\/vc_column][vc_column][\/vc_column]<\/p>\n<\/div>","protected":false},"excerpt":{"rendered":"<p>[vc_row full_width=&#8221;stretch_row_content_no_spaces&#8221; content_placement=&#8221;middle&#8221;][vc_column][\/vc_column][\/vc_row][vc_row full_width=&#8221;stretch_row_content_no_spaces&#8221; content_placement=&#8221;middle&#8221; bg_type=&#8221;bg_color&#8221; css=&#8221;.vc_custom_1726656012534{background-color: #7f5b23 !important;}&#8221; bg_color_value=&#8221;#7f5b23&#8243;][vc_column][\/vc_column][\/vc_row][vc_row full_width=&#8221;stretch_row_content_no_spaces&#8221; content_placement=&#8221;middle&#8221;][vc_column][\/vc_column][\/vc_row][vc_row full_width=&#8221;stretch_row_content_no_spaces&#8221; content_placement=&#8221;middle&#8221;][vc_column][\/vc_column][\/vc_row][vc_row full_width=&#8221;stretch_row_content_no_spaces&#8221; content_placement=&#8221;middle&#8221;][vc_column][\/vc_column][\/vc_row][vc_row full_width=&#8221;stretch_row_content_no_spaces&#8221; content_placement=&#8221;middle&#8221; bg_type=&#8221;bg_color&#8221; css=&#8221;.vc_custom_1726656012534{background-color: #7f5b23 !important;}&#8221; bg_color_value=&#8221;#7f5b23&#8243;][vc_column][\/vc_column][\/vc_row][vc_row full_width=&#8221;stretch_row_content_no_spaces&#8221; content_placement=&#8221;middle&#8221;][vc_column][\/vc_column][\/vc_row][vc_row][vc_column][\/vc_column][\/vc_row][vc_row full_width=&#8221;stretch_row_content_no_spaces&#8221;][vc_column][vc_separator color=&#8221;custom&#8221; border_width=&#8221;2&#8243; el_width=&#8221;50&#8243; accent_color=&#8221;#c7b39a&#8221;][vc_separator<\/p>\n","protected":false},"author":3,"featured_media":0,"parent":0,"menu_order":0,"comment_status":"closed","ping_status":"closed","template":"","meta":{"footnotes":""},"class_list":["post-3453","page","type-page","status-publish","hentry"],"yoast_head":"<!-- This site is optimized with the Yoast SEO Premium plugin v26.7 (Yoast SEO v26.7) - https:\/\/yoast.com\/wordpress\/plugins\/seo\/ -->\n<title>Halbpension |Amenity Penzion Horn\u00ed V\u011bstonice | P\u00e1lava<\/title>\n<meta name=\"description\" content=\"Halbpension und andere Leistungen sind bereits im Preis enthalten.\" \/>\n<meta name=\"robots\" content=\"index, follow, max-snippet:-1, max-image-preview:large, max-video-preview:-1\" \/>\n<link rel=\"canonical\" href=\"https:\/\/hornivestonice.amenity.cz\/de\/halbpension\/\" \/>\n<meta property=\"og:locale\" content=\"de_DE\" \/>\n<meta property=\"og:type\" content=\"article\" \/>\n<meta property=\"og:title\" content=\"Halbpension\" \/>\n<meta property=\"og:description\" content=\"Halbpension und andere Leistungen sind bereits im Preis enthalten.\" \/>\n<meta property=\"og:url\" content=\"https:\/\/hornivestonice.amenity.cz\/de\/halbpension\/\" \/>\n<meta property=\"og:site_name\" content=\"Horn\u00ed V\u011bstonice\" \/>\n<meta property=\"article:modified_time\" content=\"2025-11-18T09:24:44+00:00\" \/>\n<meta name=\"twitter:card\" content=\"summary_large_image\" \/>\n<meta name=\"twitter:label1\" content=\"Gesch\u00e4tzte Lesezeit\" \/>\n\t<meta name=\"twitter:data1\" content=\"2\u00a0Minuten\" \/>\n<script type=\"application\/ld+json\" class=\"yoast-schema-graph\">{\"@context\":\"https:\/\/schema.org\",\"@graph\":[{\"@type\":\"WebPage\",\"@id\":\"https:\/\/hornivestonice.amenity.cz\/de\/halbpension\/\",\"url\":\"https:\/\/hornivestonice.amenity.cz\/de\/halbpension\/\",\"name\":\"Halbpension |Amenity Penzion Horn\u00ed V\u011bstonice | P\u00e1lava\",\"isPartOf\":{\"@id\":\"https:\/\/hornivestonice.amenity.cz\/de\/#website\"},\"datePublished\":\"2022-07-22T12:00:53+00:00\",\"dateModified\":\"2025-11-18T09:24:44+00:00\",\"description\":\"Halbpension und andere Leistungen sind bereits im Preis enthalten.\",\"breadcrumb\":{\"@id\":\"https:\/\/hornivestonice.amenity.cz\/de\/halbpension\/#breadcrumb\"},\"inLanguage\":\"de\",\"potentialAction\":[{\"@type\":\"ReadAction\",\"target\":[\"https:\/\/hornivestonice.amenity.cz\/de\/halbpension\/\"]}]},{\"@type\":\"BreadcrumbList\",\"@id\":\"https:\/\/hornivestonice.amenity.cz\/de\/halbpension\/#breadcrumb\",\"itemListElement\":[{\"@type\":\"ListItem\",\"position\":1,\"name\":\"Dom\u016f\",\"item\":\"https:\/\/hornivestonice.amenity.cz\/de\/\"},{\"@type\":\"ListItem\",\"position\":2,\"name\":\"Halbpension\"}]},{\"@type\":\"WebSite\",\"@id\":\"https:\/\/hornivestonice.amenity.cz\/de\/#website\",\"url\":\"https:\/\/hornivestonice.amenity.cz\/de\/\",\"name\":\"Horn\u00ed V\u011bstonice\",\"description\":\"Amenity Penzion Horn\u00ed V\u011bstonice\",\"potentialAction\":[{\"@type\":\"SearchAction\",\"target\":{\"@type\":\"EntryPoint\",\"urlTemplate\":\"https:\/\/hornivestonice.amenity.cz\/de\/?s={search_term_string}\"},\"query-input\":{\"@type\":\"PropertyValueSpecification\",\"valueRequired\":true,\"valueName\":\"search_term_string\"}}],\"inLanguage\":\"de\"}]}<\/script>\n<!-- \/ Yoast SEO Premium plugin. -->","yoast_head_json":{"title":"Halbpension |Amenity Penzion Horn\u00ed V\u011bstonice | P\u00e1lava","description":"Halbpension und andere Leistungen sind bereits im Preis enthalten.","robots":{"index":"index","follow":"follow","max-snippet":"max-snippet:-1","max-image-preview":"max-image-preview:large","max-video-preview":"max-video-preview:-1"},"canonical":"https:\/\/hornivestonice.amenity.cz\/de\/halbpension\/","og_locale":"de_DE","og_type":"article","og_title":"Halbpension","og_description":"Halbpension und andere Leistungen sind bereits im Preis enthalten.","og_url":"https:\/\/hornivestonice.amenity.cz\/de\/halbpension\/","og_site_name":"Horn\u00ed V\u011bstonice","article_modified_time":"2025-11-18T09:24:44+00:00","twitter_card":"summary_large_image","twitter_misc":{"Gesch\u00e4tzte Lesezeit":"2\u00a0Minuten"},"schema":{"@context":"https:\/\/schema.org","@graph":[{"@type":"WebPage","@id":"https:\/\/hornivestonice.amenity.cz\/de\/halbpension\/","url":"https:\/\/hornivestonice.amenity.cz\/de\/halbpension\/","name":"Halbpension |Amenity Penzion Horn\u00ed V\u011bstonice | P\u00e1lava","isPartOf":{"@id":"https:\/\/hornivestonice.amenity.cz\/de\/#website"},"datePublished":"2022-07-22T12:00:53+00:00","dateModified":"2025-11-18T09:24:44+00:00","description":"Halbpension und andere Leistungen sind bereits im Preis enthalten.","breadcrumb":{"@id":"https:\/\/hornivestonice.amenity.cz\/de\/halbpension\/#breadcrumb"},"inLanguage":"de","potentialAction":[{"@type":"ReadAction","target":["https:\/\/hornivestonice.amenity.cz\/de\/halbpension\/"]}]},{"@type":"BreadcrumbList","@id":"https:\/\/hornivestonice.amenity.cz\/de\/halbpension\/#breadcrumb","itemListElement":[{"@type":"ListItem","position":1,"name":"Dom\u016f","item":"https:\/\/hornivestonice.amenity.cz\/de\/"},{"@type":"ListItem","position":2,"name":"Halbpension"}]},{"@type":"WebSite","@id":"https:\/\/hornivestonice.amenity.cz\/de\/#website","url":"https:\/\/hornivestonice.amenity.cz\/de\/","name":"Horn\u00ed V\u011bstonice","description":"Amenity Penzion Horn\u00ed V\u011bstonice","potentialAction":[{"@type":"SearchAction","target":{"@type":"EntryPoint","urlTemplate":"https:\/\/hornivestonice.amenity.cz\/de\/?s={search_term_string}"},"query-input":{"@type":"PropertyValueSpecification","valueRequired":true,"valueName":"search_term_string"}}],"inLanguage":"de"}]}},"_links":{"self":[{"href":"https:\/\/hornivestonice.amenity.cz\/de\/wp-json\/wp\/v2\/pages\/3453","targetHints":{"allow":["GET"]}}],"collection":[{"href":"https:\/\/hornivestonice.amenity.cz\/de\/wp-json\/wp\/v2\/pages"}],"about":[{"href":"https:\/\/hornivestonice.amenity.cz\/de\/wp-json\/wp\/v2\/types\/page"}],"author":[{"embeddable":true,"href":"https:\/\/hornivestonice.amenity.cz\/de\/wp-json\/wp\/v2\/users\/3"}],"replies":[{"embeddable":true,"href":"https:\/\/hornivestonice.amenity.cz\/de\/wp-json\/wp\/v2\/comments?post=3453"}],"version-history":[{"count":6,"href":"https:\/\/hornivestonice.amenity.cz\/de\/wp-json\/wp\/v2\/pages\/3453\/revisions"}],"predecessor-version":[{"id":8994,"href":"https:\/\/hornivestonice.amenity.cz\/de\/wp-json\/wp\/v2\/pages\/3453\/revisions\/8994"}],"wp:attachment":[{"href":"https:\/\/hornivestonice.amenity.cz\/de\/wp-json\/wp\/v2\/media?parent=3453"}],"curies":[{"name":"wp","href":"https:\/\/api.w.org\/{rel}","templated":true}]}}