{"id":4749,"date":"2024-03-21T14:26:24","date_gmt":"2024-03-21T13:26:24","guid":{"rendered":"https:\/\/hornivestonice.amenity.cz\/?page_id=4749"},"modified":"2026-04-16T15:58:37","modified_gmt":"2026-04-16T13:58:37","slug":"check-in-informationen","status":"publish","type":"page","link":"https:\/\/hornivestonice.amenity.cz\/de\/check-in-informationen\/","title":{"rendered":"Check-in informationen"},"content":{"rendered":"<div class=\"wpb-content-wrapper\"><p>[vc_row full_width=&#8221;stretch_row&#8221;][vc_column][\/vc_column][\/vc_row][vc_row full_width=&#8221;stretch_row_content_no_spaces&#8221;][vc_column width=&#8221;1\/6&#8243;][\/vc_column][vc_column width=&#8221;4\/6&#8243;]<div  class=\"empty-space  marg-lg-b25 marg-xs-b50\"><\/div>[vc_separator color=&#8221;custom&#8221; border_width=&#8221;2&#8243; el_width=&#8221;50&#8243; accent_color=&#8221;#7f5b23&#8243;]<div class=\"text-block \" ><div class=\"simple-text \"><div class=\"text-block \">\n<div class=\"simple-text \">\n<h1 style=\"text-align: center;\">Allgemeine Informationen \u00fcber Penzion<\/h1>\n<\/div>\n<\/div>\n<div class=\"text-block \" style=\"text-align: center;\">\n<div class=\"simple-text \">\n<p>Das breite Leistungsangebot unseres Penzion kann f\u00fcr Sie verwirrend sein. Aus diesem Grund haben wir einen \u00dcberblick \u00fcber die wichtigsten Dinge zusammengestellt, um Ihren Aufenthalt im Amenity Penzion Horni Vestonice so angenehm wie m\u00f6glich zu gestalten.\n<\/p><\/div>\n<\/div>\n<div class=\"vc_separator wpb_content_element vc_separator_align_center vc_sep_width_50 vc_sep_border_width_2 vc_sep_pos_align_center vc_separator_no_text\" style=\"text-align: center;\"><\/div>\n<\/div><\/div>[vc_separator color=&#8221;custom&#8221; border_width=&#8221;2&#8243; el_width=&#8221;50&#8243; accent_color=&#8221;#7f5b23&#8243;]<div  class=\"empty-space  marg-lg-b25 marg-xs-b50\"><\/div><div class=\" ubtn-ctn-center \"><a class=\"ubtn-link ult-adjust-bottom-margin ubtn-center ubtn-normal \" href=\"https:\/\/hornivestonice.amenity.cz\/de\/faq\" title=\"FAQ\" ><button type=\"button\" id=\"ubtn-8928\"  class=\"ubtn ult-adjust-bottom-margin ult-responsive ubtn-normal ubtn-no-hover-bg  ulta-grow  ubtn-center   tooltip-69eca0ac91450\"  data-hover=\"\" data-border-color=\"#7f5b23\" data-bg=\"\" data-hover-bg=\"\" data-border-hover=\"\" data-shadow-hover=\"\" data-shadow-click=\"none\" data-shadow=\"\" data-shd-shadow=\"\"  data-ultimate-target='#ubtn-8928'  data-responsive-json-new='{\"font-size\":\"\",\"line-height\":\"\"}'  style=\"font-weight:normal;border-radius:3px;border-width:1px;border-color:#7f5b23;border-style:solid;color: #7f5b23;\"><span class=\"ubtn-hover\" style=\"background-color:\"><\/span><span class=\"ubtn-data ubtn-text \" > FAQ \u2013 Die h\u00e4ufigsten Fragen unserer G\u00e4ste<\/span><\/button><\/a><\/div>[\/vc_column][vc_column width=&#8221;1\/6&#8243;][\/vc_column][\/vc_row][vc_row full_width=&#8221;stretch_row_content_no_spaces&#8221; gap=&#8221;25&#8243; bg_type=&#8221;bg_color&#8221; css=&#8221;.vc_custom_1711032768148{background-color: #293635 !important;}&#8221; bg_color_value=&#8221;#293635&#8243;][vc_column width=&#8221;1\/4&#8243;][\/vc_column][vc_column width=&#8221;1\/4&#8243;]<div  class=\"empty-space  marg-lg-b25 marg-xs-b50\"><\/div>[vc_separator color=&#8221;custom&#8221; border_width=&#8221;2&#8243; el_width=&#8221;50&#8243; accent_color=&#8221;#7f5b23&#8243;]<div  class=\"empty-space  marg-lg-b10 marg-xs-b50\"><\/div><div class=\"text-block \" ><div class=\"simple-text \"><h3 style=\"text-align: center;\"><span style=\"color: #ffffff;\">GRUNDINFORMATION<\/span><\/h3>\n<p style=\"text-align: center;\"><span style=\"color: #ffffff;\"><strong>Fr\u00fchst\u00fcck<\/strong><\/span><\/p>\n<p style=\"text-align: center;\"><span style=\"color: #ffffff;\">7:30-9:30 Uhr<\/span><\/p>\n<p style=\"text-align: center;\"><span style=\"color: #ffffff;\"><strong>Abendessen &#8211; Buffet<\/strong><\/span><\/p>\n<p style=\"text-align: center;\"><span style=\"color: #ffffff;\">18:00-20:00 Uhr<\/span><\/p>\n<p style=\"text-align: center;\"><span style=\"color: #ffffff;\"><b>Restaurant <\/b><strong>(Winter)<\/strong><\/span><\/p>\n<p style=\"text-align: center;\"><span style=\"color: #ffffff;\">So\u2013Do | 11:00\u201320:00<\/span><\/p>\n<p style=\"text-align: center;\"><span style=\"color: #ffffff;\">Fr\u2013Sa | 11:00\u201322:00<\/span><\/p>\n<p style=\"text-align: center;\"><span style=\"color: #ffffff;\"><b>K\u00fcche <\/b><strong>(Winter)<\/strong><\/span><\/p>\n<p style=\"text-align: center;\"><span style=\"color: #ffffff;\">11:00\u201320:00<\/span><\/p>\n<p style=\"text-align: center;\"><span style=\"color: #ffffff;\"><strong>Restaurant (sommer)<\/strong><\/span><br \/>\n<span style=\"color: #ffffff;\">So-Do 11:00-22:00 Uhr<\/span><br \/>\n<span style=\"color: #ffffff;\">Fr-Sa 11:00-23:00 Uhr<\/span><\/p>\n<p style=\"text-align: center;\"><span style=\"color: #ffffff;\"><strong>K\u00fcche (sommer)<\/strong><\/span><br \/>\n<span style=\"color: #ffffff;\">So-Mit 11:00-20:00 Uhr<\/span><br \/>\n<span style=\"color: #ffffff;\">Do 12:00-20:00 Uhr (Grill)<\/span><br \/>\n<span style=\"color: #ffffff;\">Fr 11:00-21:00 Uhr<\/span><br \/>\n<span style=\"color: #ffffff;\">Sa 12:00-21:00 Uhr (Grill)<\/span><\/p>\n<p style=\"text-align: center;\"><span style=\"color: #ffffff;\"><strong>Rezeption<\/strong><\/span><\/p>\n<p style=\"text-align: center;\"><span style=\"color: #ffffff;\">7:30 bis 19:30 Uhr<\/span><br \/>\n<span style=\"color: #ffffff;\">Telefon: (+420) 725 053 533<\/span><br \/>\n<span style=\"color: #ffffff;\">E: hornivestonice@amenity.cz<\/span><\/p>\n<p style=\"text-align: center;\"><span style=\"color: #ffffff;\"><strong>Ankunftszeit<\/strong><\/span><\/p>\n<p style=\"text-align: center;\"><span style=\"color: #ffffff;\">15:00 Uhr<\/span><\/p>\n<p style=\"text-align: center;\"><span style=\"color: #ffffff;\"><strong>Abfahrtszeit<\/strong><\/span><\/p>\n<p style=\"text-align: center;\"><span style=\"color: #ffffff;\">10:00 Uhr<\/span><br \/>\n<span style=\"color: #ffffff;\">Bitte geben Sie den Schl\u00fcssel bei der Abreise an der Rezeption ab.<\/span><\/p>\n<p style=\"text-align: center;\"><span style=\"color: #ffffff;\"><strong>Geb\u00fchr f\u00fcr Haustiere<\/strong><\/span><\/p>\n<p style=\"text-align: center;\"><span style=\"color: #ffffff;\">500 CZK\/1 Nacht<\/span><br \/>\n<span style=\"color: #ffffff;\">Wir empfehlen Ihnen, sich vorab an der Rezeption nach der Verf\u00fcgbarkeit von Zimmern f\u00fcr Haustiere zu erkundigen. Bitte geben Sie bei der Buchung im Feld \u201eSonderw\u00fcnsche\u201c die Anzahl der Haustiere an. Bezahlung bei Ankunft an der Rezeption.<\/span><\/p>\n<\/div><\/div><div  class=\"empty-space  marg-lg-b25 marg-xs-b50\"><\/div>[\/vc_column][vc_column width=&#8221;1\/4&#8243;]<div  class=\"empty-space  marg-lg-b25 marg-xs-b50\"><\/div>[vc_separator color=&#8221;custom&#8221; border_width=&#8221;2&#8243; el_width=&#8221;50&#8243; accent_color=&#8221;#7f5b23&#8243;]<div  class=\"empty-space  marg-lg-b10 marg-xs-b50\"><\/div><div class=\"text-block \" ><div class=\"simple-text \"><h3 style=\"text-align: center;\"><span style=\"color: #ffffff;\">DIENSTLEISTUNGEN UND AKTIVIT\u00c4TEN<\/span><\/h3>\n<p style=\"text-align: center;\"><span style=\"color: #ffffff;\"><strong>Unbeheizter Au\u00dfenpool<\/strong><\/span><\/p>\n<p style=\"text-align: center;\"><span style=\"color: #ffffff;\"><strong>Gartenschach und Kegeln<\/strong><\/span><\/p>\n<p style=\"text-align: center;\"><span style=\"color: #ffffff;\"><strong>Spielplatz<\/strong><\/span><\/p>\n<p style=\"text-align: center;\"><span style=\"color: #ffffff;\"><strong>Kamin<\/strong><\/span><\/p>\n<p style=\"text-align: center;\"><span style=\"color: #ffffff;\"><strong>Gardens<\/strong><\/span><\/p>\n<p style=\"text-align: center;\"><span style=\"color: #ffffff;\"><strong>Pavillons zum Sitzen<\/strong><\/span><\/p>\n<p style=\"text-align: center;\"><span style=\"color: #ffffff;\"><strong>Wellness<\/strong><\/span><\/p>\n<p style=\"text-align: center;\"><span style=\"color: #ffffff;\">Reservierung 2 Stunden im Voraus erforderlich.<\/span><\/p>\n<p style=\"text-align: center;\"><span style=\"color: #ffffff;\"><strong>Abenteuergolf P\u00e1lava<\/strong><\/span><\/p>\n<p style=\"text-align: center;\"><span style=\"color: #ffffff;\">Die aktuellen \u00d6ffnungszeiten finden Sie auf der Website www.adventuregolfpalava.cz<\/span><br \/>\n<span style=\"color: #ffffff;\">oder an der Rezeption des G\u00e4stehauses. Bei schlechtem Wetter ist der Abenteuergolfplatz P\u00e1lava geschlossen.<\/span><\/p>\n<p style=\"text-align: center;\"><span style=\"color: #ffffff;\"><strong>Nicht-Raucher-Raum<\/strong><\/span><\/p>\n<p style=\"text-align: center;\"><span style=\"color: #ffffff;\">Liebe G\u00e4ste, Amenity Penzion Horni Vestonice ist striktes Rauchverbot. Wenn Sie gegen das Verbot versto\u00dfen, werden Sie es tun Dem Konto f\u00fcr Brandgefahr wurde ein Betrag von 5.000 CZK gutgeschrieben Sicherheit und gr\u00fcndliche Reinigung des Raumes.<\/span><\/p>\n<\/div><\/div><div  class=\"empty-space  marg-lg-b25 marg-xs-b50\"><\/div>[\/vc_column][vc_column width=&#8221;1\/4&#8243;][\/vc_column][\/vc_row][vc_row full_width=&#8221;stretch_row_content_no_spaces&#8221; gap=&#8221;25&#8243; disable_element=&#8221;yes&#8221; bg_type=&#8221;bg_color&#8221; css=&#8221;.vc_custom_1721742840753{background-color: #293635 !important;}&#8221; bg_color_value=&#8221;#293635&#8243;][vc_column width=&#8221;1\/4&#8243;][\/vc_column][vc_column width=&#8221;1\/4&#8243;]<div  class=\"empty-space  marg-lg-b25 marg-xs-b50\"><\/div>[vc_separator color=&#8221;custom&#8221; border_width=&#8221;2&#8243; el_width=&#8221;50&#8243; accent_color=&#8221;#7f5b23&#8243;]<div  class=\"empty-space  marg-lg-b10 marg-xs-b50\"><\/div><div class=\"text-block \" ><div class=\"simple-text \"><h3 style=\"text-align: center;\"><span style=\"color: #ffffff;\">GRUNDINFORMATION<\/span><\/h3>\n<p style=\"text-align: center;\"><span style=\"color: #ffffff;\"><strong>Fr\u00fchst\u00fcck<\/strong><\/span><\/p>\n<p style=\"text-align: center;\"><span style=\"color: #ffffff;\">7:30-9:30 Uhr<\/span><\/p>\n<p style=\"text-align: center;\"><span style=\"color: #ffffff;\"><strong>Abendessen &#8211; Buffet<\/strong><\/span><\/p>\n<p style=\"text-align: center;\"><span style=\"color: #ffffff;\">18:00-20:00 Uhr<\/span><\/p>\n<p style=\"text-align: center;\"><span style=\"color: #ffffff;\"><strong>Restaurant<\/strong><\/span><\/p>\n<p style=\"text-align: center;\"><span style=\"color: #ffffff;\">11:00-22:00 Uhr<\/span><\/p>\n<p style=\"text-align: center;\"><span style=\"color: #ffffff;\"><strong>Rezeption<\/strong><\/span><\/p>\n<p style=\"text-align: center;\"><span style=\"color: #ffffff;\">7:30 bis 19:30 Uhr<\/span><br \/>\n<span style=\"color: #ffffff;\">Telefon: (+420) 725 053 533<\/span><br \/>\n<span style=\"color: #ffffff;\">E: hornivestonice@amenity.cz<\/span><\/p>\n<p style=\"text-align: center;\"><span style=\"color: #ffffff;\"><strong>Ankunftszeit<\/strong><\/span><\/p>\n<p style=\"text-align: center;\"><span style=\"color: #ffffff;\">15:00 Uhr<\/span><\/p>\n<p style=\"text-align: center;\"><span style=\"color: #ffffff;\"><strong>Abfahrtszeit<\/strong><\/span><\/p>\n<p style=\"text-align: center;\"><span style=\"color: #ffffff;\">10:00 Uhr<\/span><br \/>\n<span style=\"color: #ffffff;\">Bitte geben Sie den Schl\u00fcssel bei der Abreise an der Rezeption ab.<\/span><\/p>\n<p style=\"text-align: center;\"><span style=\"color: #ffffff;\"><strong>Geb\u00fchr f\u00fcr Haustiere<\/strong><\/span><\/p>\n<p style=\"text-align: center;\"><span style=\"color: #ffffff;\">500 CZK\/1 Nacht<\/span><br \/>\n<span style=\"color: #ffffff;\">Wir empfehlen Ihnen, sich vorab an der Rezeption nach der Verf\u00fcgbarkeit von Zimmern f\u00fcr Haustiere zu erkundigen. Bitte geben Sie bei der Buchung im Feld \u201eSonderw\u00fcnsche\u201c die Anzahl der Haustiere an. Bezahlung bei Ankunft an der Rezeption.<\/span><\/p>\n<\/div><\/div><div  class=\"empty-space  marg-lg-b25 marg-xs-b50\"><\/div>[\/vc_column][vc_column width=&#8221;1\/4&#8243;]<div  class=\"empty-space  marg-lg-b25 marg-xs-b50\"><\/div>[vc_separator color=&#8221;custom&#8221; border_width=&#8221;2&#8243; el_width=&#8221;50&#8243; accent_color=&#8221;#7f5b23&#8243;]<div  class=\"empty-space  marg-lg-b10 marg-xs-b50\"><\/div><div class=\"text-block \" ><div class=\"simple-text \"><h3 style=\"text-align: center;\"><span style=\"color: #ffffff;\">DIENSTLEISTUNGEN UND AKTIVIT\u00c4TEN<\/span><\/h3>\n<p style=\"text-align: center;\"><span style=\"color: #ffffff;\"><strong>Unbeheizter Au\u00dfenpool<\/strong><\/span><\/p>\n<p style=\"text-align: center;\"><span style=\"color: #ffffff;\"><strong>Gartenschach und Kegeln<\/strong><\/span><\/p>\n<p style=\"text-align: center;\"><span style=\"color: #ffffff;\"><strong>Spielplatz<\/strong><\/span><\/p>\n<p style=\"text-align: center;\"><span style=\"color: #ffffff;\"><strong>Kamin<\/strong><\/span><\/p>\n<p style=\"text-align: center;\"><span style=\"color: #ffffff;\"><strong>Gardens<\/strong><\/span><\/p>\n<p style=\"text-align: center;\"><span style=\"color: #ffffff;\"><strong>Pavillons zum Sitzen<\/strong><\/span><\/p>\n<p style=\"text-align: center;\"><span style=\"color: #ffffff;\"><strong>Wellness<\/strong><\/span><\/p>\n<p style=\"text-align: center;\"><span style=\"color: #ffffff;\">Reservierung 2 Stunden im Voraus erforderlich.<\/span><\/p>\n<p style=\"text-align: center;\"><span style=\"color: #ffffff;\"><strong>Abenteuergolf P\u00e1lava<\/strong><\/span><\/p>\n<p style=\"text-align: center;\"><span style=\"color: #ffffff;\">Die aktuellen \u00d6ffnungszeiten finden Sie auf der Website www.adventuregolfpalava.cz<\/span><br \/>\n<span style=\"color: #ffffff;\">oder an der Rezeption des G\u00e4stehauses. Bei schlechtem Wetter ist der Abenteuergolfplatz P\u00e1lava geschlossen.<\/span><\/p>\n<p style=\"text-align: center;\"><span style=\"color: #ffffff;\"><strong>Nicht-Raucher-Raum<\/strong><\/span><\/p>\n<p style=\"text-align: center;\"><span style=\"color: #ffffff;\">Liebe G\u00e4ste, Amenity Penzion Horni Vestonice ist striktes Rauchverbot. Wenn Sie gegen das Verbot versto\u00dfen, werden Sie es tun Dem Konto f\u00fcr Brandgefahr wurde ein Betrag von 5.000 CZK gutgeschrieben Sicherheit und gr\u00fcndliche Reinigung des Raumes.<\/span><\/p>\n<\/div><\/div><div  class=\"empty-space  marg-lg-b25 marg-xs-b50\"><\/div>[\/vc_column][vc_column width=&#8221;1\/4&#8243;][\/vc_column][\/vc_row][vc_row full_width=&#8221;stretch_row_content_no_spaces&#8221;][vc_column][\/vc_column][\/vc_row][vc_row full_width=&#8221;stretch_row_content_no_spaces&#8221;][vc_column width=&#8221;1\/6&#8243;][\/vc_column][vc_column width=&#8221;4\/6&#8243;]<div  class=\"empty-space  marg-lg-b25 marg-xs-b50\"><\/div><div class=\"text-block \" ><div class=\"simple-text \"><h3 style=\"text-align: center;\">Wir w\u00fcnschen Ihnen einen angenehmen Aufenthalt<\/h3>\n<\/div><\/div><div  class=\"empty-space  marg-lg-b25 marg-xs-b50\"><\/div>[\/vc_column][vc_column width=&#8221;1\/6&#8243;][\/vc_column][\/vc_row][vc_row full_width=&#8221;stretch_row_content_no_spaces&#8221; bg_type=&#8221;bg_color&#8221; css=&#8221;.vc_custom_1710423600487{background-color: #293635 !important;}&#8221; bg_color_value=&#8221;#293635&#8243;][vc_column][vc_raw_js]JTNDc2NyaXB0JTNFJTBBJTIwJTIwJTIwJTIwJTIwJTIwJTIwJTIwJTI4ZnVuY3Rpb24lMjAlMjh3JTJDZCUyQ3MlMkNvJTJDZiUyQ2pzJTJDZmpzJTI5JTIwJTdCJTBBJTIwJTIwJTIwJTIwJTIwJTIwJTIwJTIwJTIwJTIwJTIwJTIwdyU1QiUyN2VjbS13aWRnZXQlMjclNUQlM0RvJTNCdyU1Qm8lNUQlMjAlM0QlMjB3JTVCbyU1RCUyMCU3QyU3QyUyMGZ1bmN0aW9uJTIwJTI4JTI5JTIwJTdCJTIwJTI4dyU1Qm8lNUQucSUyMCUzRCUyMHclNUJvJTVELnElMjAlN0MlN0MlMjAlNUIlNUQlMjkucHVzaCUyOGFyZ3VtZW50cyUyOSUyMCU3RCUzQiUwQSUyMCUyMCUyMCUyMCUyMCUyMCUyMCUyMCUyMCUyMCUyMCUyMGpzJTIwJTNEJTIwZC5jcmVhdGVFbGVtZW50JTI4cyUyOSUyQyUyMGZqcyUyMCUzRCUyMGQuZ2V0RWxlbWVudHNCeVRhZ05hbWUlMjhzJTI5JTVCMCU1RCUzQiUwQSUyMCUyMCUyMCUyMCUyMCUyMCUyMCUyMCUyMCUyMCUyMCUyMGpzLmlkJTIwJTNEJTIwJTI3MjQtNjhhZDgwYTgyOTY3ODMyNTZiNjA5ZWNkZWZmOGFhM2UlMjclM0IlMjBqcy5kYXRhc2V0LmElMjAlM0QlMjAlMjdhbWVuaXR5cmVzb3J0cyUyNyUzQiUyMGpzLnNyYyUyMCUzRCUyMGYlM0IlMjBqcy5hc3luYyUyMCUzRCUyMDElM0IlMjBmanMucGFyZW50Tm9kZS5pbnNlcnRCZWZvcmUlMjhqcyUyQyUyMGZqcyUyOSUzQiUwQSUyMCUyMCUyMCUyMCUyMCUyMCUyMCUyMCU3RCUyOHdpbmRvdyUyQyUyMGRvY3VtZW50JTJDJTIwJTI3c2NyaXB0JTI3JTJDJTIwJTI3ZWNtd2lkZ2V0JTI3JTJDJTIwJTI3aHR0cHMlM0ElMkYlMkZkNzBzaGw3dmlkdGZ0LmNsb3VkZnJvbnQubmV0JTJGd2lkZ2V0LmpzJTI3JTI5JTI5JTNCJTBBJTIwJTIwJTIwJTIwJTNDJTJGc2NyaXB0JTNFJTBBJTIwJTIwJTIwJTIwJTIwJTIwJTIwJTIwJTIwJTIwJTIwJTIwJTNDZGl2JTIwaWQlM0QlMjJmLTI0LTY4YWQ4MGE4Mjk2NzgzMjU2YjYwOWVjZGVmZjhhYTNlJTIyJTNFJTNDJTJGZGl2JTNF[\/vc_raw_js][\/vc_column][\/vc_row]<\/p>\n<\/div>","protected":false},"excerpt":{"rendered":"<p>[vc_row full_width=&#8221;stretch_row&#8221;][vc_column][\/vc_column][\/vc_row][vc_row full_width=&#8221;stretch_row_content_no_spaces&#8221;][vc_column width=&#8221;1\/6&#8243;][\/vc_column][vc_column width=&#8221;4\/6&#8243;][vc_separator color=&#8221;custom&#8221; border_width=&#8221;2&#8243; el_width=&#8221;50&#8243; accent_color=&#8221;#7f5b23&#8243;][vc_separator color=&#8221;custom&#8221; border_width=&#8221;2&#8243; el_width=&#8221;50&#8243; accent_color=&#8221;#7f5b23&#8243;][\/vc_column][vc_column width=&#8221;1\/6&#8243;][\/vc_column][\/vc_row][vc_row full_width=&#8221;stretch_row_content_no_spaces&#8221; gap=&#8221;25&#8243; bg_type=&#8221;bg_color&#8221; css=&#8221;.vc_custom_1711032768148{background-color: #293635 !important;}&#8221; bg_color_value=&#8221;#293635&#8243;][vc_column width=&#8221;1\/4&#8243;][\/vc_column][vc_column width=&#8221;1\/4&#8243;][vc_separator color=&#8221;custom&#8221; border_width=&#8221;2&#8243; el_width=&#8221;50&#8243; accent_color=&#8221;#7f5b23&#8243;][\/vc_column][vc_column width=&#8221;1\/4&#8243;][vc_separator color=&#8221;custom&#8221; border_width=&#8221;2&#8243;<\/p>\n","protected":false},"author":3,"featured_media":0,"parent":0,"menu_order":0,"comment_status":"closed","ping_status":"closed","template":"","meta":{"footnotes":""},"class_list":["post-4749","page","type-page","status-publish","hentry"],"yoast_head":"<!-- This site is optimized with the Yoast SEO Premium plugin v27.3 (Yoast SEO v27.3) - https:\/\/yoast.com\/product\/yoast-seo-premium-wordpress\/ -->\n<title>Check-in informationen - Amenity Penzion Horni Vestonice<\/title>\n<meta name=\"description\" content=\"Zusammenfassung wichtiger Informationen f\u00fcr G\u00e4ste.\" \/>\n<meta name=\"robots\" content=\"index, follow, max-snippet:-1, max-image-preview:large, max-video-preview:-1\" \/>\n<link rel=\"canonical\" href=\"https:\/\/hornivestonice.amenity.cz\/de\/check-in-informationen\/\" \/>\n<meta property=\"og:locale\" content=\"de_DE\" \/>\n<meta property=\"og:type\" content=\"article\" \/>\n<meta property=\"og:title\" content=\"Check-in informationen\" \/>\n<meta property=\"og:description\" content=\"Zusammenfassung wichtiger Informationen f\u00fcr G\u00e4ste.\" \/>\n<meta property=\"og:url\" content=\"https:\/\/hornivestonice.amenity.cz\/de\/check-in-informationen\/\" \/>\n<meta property=\"og:site_name\" content=\"Horn\u00ed V\u011bstonice\" \/>\n<meta property=\"article:modified_time\" content=\"2026-04-16T13:58:37+00:00\" \/>\n<meta name=\"twitter:card\" content=\"summary_large_image\" \/>\n<meta name=\"twitter:label1\" content=\"Gesch\u00e4tzte Lesezeit\" \/>\n\t<meta name=\"twitter:data1\" content=\"3\u00a0Minuten\" \/>\n<script type=\"application\/ld+json\" class=\"yoast-schema-graph\">{\"@context\":\"https:\\\/\\\/schema.org\",\"@graph\":[{\"@type\":\"WebPage\",\"@id\":\"https:\\\/\\\/hornivestonice.amenity.cz\\\/de\\\/check-in-informationen\\\/\",\"url\":\"https:\\\/\\\/hornivestonice.amenity.cz\\\/de\\\/check-in-informationen\\\/\",\"name\":\"Check-in informationen - Amenity Penzion Horni Vestonice\",\"isPartOf\":{\"@id\":\"https:\\\/\\\/hornivestonice.amenity.cz\\\/de\\\/#website\"},\"datePublished\":\"2024-03-21T13:26:24+00:00\",\"dateModified\":\"2026-04-16T13:58:37+00:00\",\"description\":\"Zusammenfassung wichtiger Informationen f\u00fcr G\u00e4ste.\",\"breadcrumb\":{\"@id\":\"https:\\\/\\\/hornivestonice.amenity.cz\\\/de\\\/check-in-informationen\\\/#breadcrumb\"},\"inLanguage\":\"de\",\"potentialAction\":[{\"@type\":\"ReadAction\",\"target\":[\"https:\\\/\\\/hornivestonice.amenity.cz\\\/de\\\/check-in-informationen\\\/\"]}]},{\"@type\":\"BreadcrumbList\",\"@id\":\"https:\\\/\\\/hornivestonice.amenity.cz\\\/de\\\/check-in-informationen\\\/#breadcrumb\",\"itemListElement\":[{\"@type\":\"ListItem\",\"position\":1,\"name\":\"Dom\u016f\",\"item\":\"https:\\\/\\\/hornivestonice.amenity.cz\\\/de\\\/\"},{\"@type\":\"ListItem\",\"position\":2,\"name\":\"Check-in informationen\"}]},{\"@type\":\"WebSite\",\"@id\":\"https:\\\/\\\/hornivestonice.amenity.cz\\\/de\\\/#website\",\"url\":\"https:\\\/\\\/hornivestonice.amenity.cz\\\/de\\\/\",\"name\":\"Horn\u00ed V\u011bstonice\",\"description\":\"Amenity Penzion Horn\u00ed V\u011bstonice\",\"potentialAction\":[{\"@type\":\"SearchAction\",\"target\":{\"@type\":\"EntryPoint\",\"urlTemplate\":\"https:\\\/\\\/hornivestonice.amenity.cz\\\/de\\\/?s={search_term_string}\"},\"query-input\":{\"@type\":\"PropertyValueSpecification\",\"valueRequired\":true,\"valueName\":\"search_term_string\"}}],\"inLanguage\":\"de\"}]}<\/script>\n<!-- \/ Yoast SEO Premium plugin. -->","yoast_head_json":{"title":"Check-in informationen - Amenity Penzion Horni Vestonice","description":"Zusammenfassung wichtiger Informationen f\u00fcr G\u00e4ste.","robots":{"index":"index","follow":"follow","max-snippet":"max-snippet:-1","max-image-preview":"max-image-preview:large","max-video-preview":"max-video-preview:-1"},"canonical":"https:\/\/hornivestonice.amenity.cz\/de\/check-in-informationen\/","og_locale":"de_DE","og_type":"article","og_title":"Check-in informationen","og_description":"Zusammenfassung wichtiger Informationen f\u00fcr G\u00e4ste.","og_url":"https:\/\/hornivestonice.amenity.cz\/de\/check-in-informationen\/","og_site_name":"Horn\u00ed V\u011bstonice","article_modified_time":"2026-04-16T13:58:37+00:00","twitter_card":"summary_large_image","twitter_misc":{"Gesch\u00e4tzte Lesezeit":"3\u00a0Minuten"},"schema":{"@context":"https:\/\/schema.org","@graph":[{"@type":"WebPage","@id":"https:\/\/hornivestonice.amenity.cz\/de\/check-in-informationen\/","url":"https:\/\/hornivestonice.amenity.cz\/de\/check-in-informationen\/","name":"Check-in informationen - Amenity Penzion Horni Vestonice","isPartOf":{"@id":"https:\/\/hornivestonice.amenity.cz\/de\/#website"},"datePublished":"2024-03-21T13:26:24+00:00","dateModified":"2026-04-16T13:58:37+00:00","description":"Zusammenfassung wichtiger Informationen f\u00fcr G\u00e4ste.","breadcrumb":{"@id":"https:\/\/hornivestonice.amenity.cz\/de\/check-in-informationen\/#breadcrumb"},"inLanguage":"de","potentialAction":[{"@type":"ReadAction","target":["https:\/\/hornivestonice.amenity.cz\/de\/check-in-informationen\/"]}]},{"@type":"BreadcrumbList","@id":"https:\/\/hornivestonice.amenity.cz\/de\/check-in-informationen\/#breadcrumb","itemListElement":[{"@type":"ListItem","position":1,"name":"Dom\u016f","item":"https:\/\/hornivestonice.amenity.cz\/de\/"},{"@type":"ListItem","position":2,"name":"Check-in informationen"}]},{"@type":"WebSite","@id":"https:\/\/hornivestonice.amenity.cz\/de\/#website","url":"https:\/\/hornivestonice.amenity.cz\/de\/","name":"Horn\u00ed V\u011bstonice","description":"Amenity Penzion Horn\u00ed V\u011bstonice","potentialAction":[{"@type":"SearchAction","target":{"@type":"EntryPoint","urlTemplate":"https:\/\/hornivestonice.amenity.cz\/de\/?s={search_term_string}"},"query-input":{"@type":"PropertyValueSpecification","valueRequired":true,"valueName":"search_term_string"}}],"inLanguage":"de"}]}},"_links":{"self":[{"href":"https:\/\/hornivestonice.amenity.cz\/de\/wp-json\/wp\/v2\/pages\/4749","targetHints":{"allow":["GET"]}}],"collection":[{"href":"https:\/\/hornivestonice.amenity.cz\/de\/wp-json\/wp\/v2\/pages"}],"about":[{"href":"https:\/\/hornivestonice.amenity.cz\/de\/wp-json\/wp\/v2\/types\/page"}],"author":[{"embeddable":true,"href":"https:\/\/hornivestonice.amenity.cz\/de\/wp-json\/wp\/v2\/users\/3"}],"replies":[{"embeddable":true,"href":"https:\/\/hornivestonice.amenity.cz\/de\/wp-json\/wp\/v2\/comments?post=4749"}],"version-history":[{"count":9,"href":"https:\/\/hornivestonice.amenity.cz\/de\/wp-json\/wp\/v2\/pages\/4749\/revisions"}],"predecessor-version":[{"id":9144,"href":"https:\/\/hornivestonice.amenity.cz\/de\/wp-json\/wp\/v2\/pages\/4749\/revisions\/9144"}],"wp:attachment":[{"href":"https:\/\/hornivestonice.amenity.cz\/de\/wp-json\/wp\/v2\/media?parent=4749"}],"curies":[{"name":"wp","href":"https:\/\/api.w.org\/{rel}","templated":true}]}}