{"id":3147,"date":"2022-06-06T11:39:45","date_gmt":"2022-06-06T09:39:45","guid":{"rendered":"http:\/\/hornivestonice.amenity.cz\/?page_id=3147"},"modified":"2025-11-18T10:25:06","modified_gmt":"2025-11-18T09:25:06","slug":"halfboard","status":"publish","type":"page","link":"https:\/\/hornivestonice.amenity.cz\/en\/halfboard\/","title":{"rendered":"Half Board"},"content":{"rendered":"<div class=\"wpb-content-wrapper\"><p>[vc_row full_width=&#8221;stretch_row_content_no_spaces&#8221; content_placement=&#8221;middle&#8221;][vc_column]<div  class=\"empty-space  marg-lg-b20\"><\/div>[\/vc_column][\/vc_row][vc_row full_width=&#8221;stretch_row_content_no_spaces&#8221; content_placement=&#8221;middle&#8221; bg_type=&#8221;bg_color&#8221; css=&#8221;.vc_custom_1726656012534{background-color: #7f5b23 !important;}&#8221; bg_color_value=&#8221;#7f5b23&#8243;][vc_column]<div  class=\"empty-space  marg-lg-b5\"><\/div>[\/vc_column][\/vc_row][vc_row full_width=&#8221;stretch_row_content_no_spaces&#8221; content_placement=&#8221;middle&#8221;][vc_column]<div  class=\"empty-space  marg-lg-b20\"><\/div>[\/vc_column][\/vc_row][vc_row full_width=&#8221;stretch_row_content_no_spaces&#8221; content_placement=&#8221;middle&#8221;][vc_column]<div class=\" ubtn-ctn-center \"><a class=\"ubtn-link ult-adjust-bottom-margin ubtn-center ubtn-large \" href=\"https:\/\/www.secure-hotel-booking.com\/Amenity-Penzion-Horni-Vestonice\/J7PC\/en-US?hotelId=25614\" title=\"Booking engine\" ><button type=\"button\" id=\"ubtn-6278\"  class=\"ubtn ult-adjust-bottom-margin ult-responsive ubtn-large ubtn-fade-bg  ulta-grow  ubtn-sep-icon ubtn-sep-icon-top-push  ubtn-center   tooltip-69e17bbd12ff8 ubtn-tooltip bottom\" data-toggle=\"tooltip\" data-placement=\"bottom\" title=\"Prices and availability\" data-hover=\"#ffffff\" data-border-color=\"\" data-bg=\"#7f5b23\" data-hover-bg=\"#293635\" data-border-hover=\"\" data-shadow-hover=\"\" data-shadow-click=\"none\" data-shadow=\"\" data-shd-shadow=\"\"  data-ultimate-target='#ubtn-6278'  data-responsive-json-new='{\"font-size\":\"\",\"line-height\":\"\"}'  style=\"font-weight:normal;border:none;background: #7f5b23;color: #ffffff;\"><span class=\"ubtn-data ubtn-icon\"><i class=\"Defaults-calendar\" style=\"font-size:32px;color:#ffffff;\"><\/i><\/span><span class=\"ubtn-hover\" style=\"background-color:#293635\"><\/span><span class=\"ubtn-data ubtn-text \" >BOOK<\/span><\/button><\/a><\/div>[\/vc_column][\/vc_row][vc_row full_width=&#8221;stretch_row_content_no_spaces&#8221; content_placement=&#8221;middle&#8221;][vc_column]<div  class=\"empty-space  marg-lg-b10\"><\/div>[\/vc_column][\/vc_row][vc_row full_width=&#8221;stretch_row_content_no_spaces&#8221; content_placement=&#8221;middle&#8221; bg_type=&#8221;bg_color&#8221; css=&#8221;.vc_custom_1726656012534{background-color: #7f5b23 !important;}&#8221; bg_color_value=&#8221;#7f5b23&#8243;][vc_column]<div  class=\"empty-space  marg-lg-b5\"><\/div>[\/vc_column][\/vc_row][vc_row full_width=&#8221;stretch_row_content_no_spaces&#8221; content_placement=&#8221;middle&#8221;][vc_column]<div  class=\"empty-space  marg-lg-b20\"><\/div>[\/vc_column][\/vc_row][vc_row][vc_column]<div class=\"text-block \" ><div class=\"simple-text \"><\/div><\/div>[\/vc_column][\/vc_row][vc_row full_width=&#8221;stretch_row_content_no_spaces&#8221;][vc_column]<div  class=\"empty-space  marg-lg-b35\"><\/div>[vc_separator color=&#8221;custom&#8221; border_width=&#8221;2&#8243; el_width=&#8221;50&#8243; accent_color=&#8221;#c7b39a&#8221;]<div class=\"text-block \" ><div class=\"simple-text \"><h1 style=\"text-align: center;\">STAYS WITH HALF BOARD<\/h1>\n<h2 style=\"text-align: center;\">Amenity Penzion Horn\u00ed V\u011bstonice<\/h2>\n<\/div><\/div><div  class=\"empty-space  marg-lg-b25\"><\/div>[vc_separator color=&#8221;custom&#8221; border_width=&#8221;2&#8243; el_width=&#8221;50&#8243; accent_color=&#8221;#c7b39a&#8221;]<div  class=\"empty-space  marg-lg-b25\"><\/div>[\/vc_column][\/vc_row][vc_row][vc_column offset=&#8221;vc_hidden-sm vc_hidden-xs&#8221;]<div class=\"text-block \" ><div class=\"simple-text \"><p style=\"text-align: center;\"><strong>Book your stay at Amenity Penzion Horn\u00ed V\u011bstonice and throw all worries behind. Half board and other services are already included in the price.<\/strong><\/p>\n<\/div><\/div>[\/vc_column][\/vc_row][vc_row full_width=&#8221;stretch_row_content_no_spaces&#8221;][vc_column]<div  class=\"empty-space  marg-lg-b25\"><\/div><div  class=\"hb-text-block__wrapper style1\"><div class=\"row\"><div class=\"col-md-6\"><div class=\"hb-image__block\"><img decoding=\"async\" src=\"https:\/\/hornivestonice.amenity.cz\/wp-content\/uploads\/sites\/12\/2022\/07\/750x625_7-2022_.jpg\" alt=\"\" \/><\/div><\/div><div class=\"col-md-6\"><div class=\"hb-text_block_content\"><div class=\"hb-text-block___inner_wrapper\"><div class=\"featured-rooms-slider__title title-color-black\"><\/div><div class=\"featured-rooms-slider__text content-color-grey\"><strong>The price of the half-board stay includes meals:<\/strong><br \/>\n\u2022 Buffet breakfast<br \/>\n\u2022 buffet dinner (no drinks)<\/p>\n<p>In case the number of accommodated guests falls below 20 people, Amenity Pension Horn\u00ed V\u011bstonice reserves the right to change the dinner service to a buffet of starters, soups and desserts, a salad bar and the main course served according to your choice.<\/div><\/div><\/div><\/div><\/div><\/div><div  class=\"empty-space  marg-lg-b25\"><\/div><div class=\"text-block \" ><div class=\"simple-text \"><h3 style=\"text-align: center;\">PRICE FOR PASSERS-BY<\/h3>\n<p style=\"text-align: center;\"><strong>We also think of all those who have chosen other accommodation for their vacation in Horn\u00ed V\u011bstonice.<\/strong><\/p>\n<p style=\"text-align: center;\"><strong>Price for breakfast:<\/strong><\/p>\n<p style=\"text-align: center;\">330 CZK\/1 person<\/p>\n<p style=\"text-align: center;\">195 CZK\/ Children up to 11.99 years<\/p>\n<p style=\"text-align: center;\">Children up to 3.99 years free of charge<\/p>\n<p style=\"text-align: center;\"><strong>Price for dinner:<\/strong><\/p>\n<p style=\"text-align: center;\">420 CZK\/1 person<\/p>\n<p style=\"text-align: center;\">330 CZK\/ child up to 11.99 years<\/p>\n<p style=\"text-align: center;\">Children up to 3.99 years free of charge<\/p>\n<\/div><\/div>[vc_separator color=&#8221;custom&#8221; border_width=&#8221;2&#8243; el_width=&#8221;50&#8243; accent_color=&#8221;#c7b39a&#8221;]<div class=\"text-block \" ><div class=\"simple-text \"><p style=\"text-align: center;\"><strong>Other included services and taxes:<\/strong><br \/>\n\u2022 Wi-Fi available in all areas<br \/>\n\u2022 Access to the outdoor pool<br \/>\n\u2022 Free outdoor parking<br \/>\n\u2022 VAT<\/p>\n<p style=\"text-align: center;\"><strong>Taxes not included:<\/strong><br \/>\n\u2022 Recreation fee: 25 CZK \/ person from 18 years \/ night<\/p>\n<\/div><\/div><div  class=\"empty-space  marg-lg-b25\"><\/div>[vc_separator color=&#8221;custom&#8221; border_width=&#8221;2&#8243; el_width=&#8221;50&#8243; accent_color=&#8221;#c7b39a&#8221;]<div  class=\"empty-space  marg-lg-b25\"><\/div>[\/vc_column][\/vc_row][vc_column][\/vc_column][vc_column][\/vc_column]<\/p>\n<\/div>","protected":false},"excerpt":{"rendered":"<p>[vc_row full_width=&#8221;stretch_row_content_no_spaces&#8221; content_placement=&#8221;middle&#8221;][vc_column][\/vc_column][\/vc_row][vc_row full_width=&#8221;stretch_row_content_no_spaces&#8221; content_placement=&#8221;middle&#8221; bg_type=&#8221;bg_color&#8221; css=&#8221;.vc_custom_1726656012534{background-color: #7f5b23 !important;}&#8221; bg_color_value=&#8221;#7f5b23&#8243;][vc_column][\/vc_column][\/vc_row][vc_row full_width=&#8221;stretch_row_content_no_spaces&#8221; content_placement=&#8221;middle&#8221;][vc_column][\/vc_column][\/vc_row][vc_row full_width=&#8221;stretch_row_content_no_spaces&#8221; content_placement=&#8221;middle&#8221;][vc_column][\/vc_column][\/vc_row][vc_row full_width=&#8221;stretch_row_content_no_spaces&#8221; content_placement=&#8221;middle&#8221;][vc_column][\/vc_column][\/vc_row][vc_row full_width=&#8221;stretch_row_content_no_spaces&#8221; content_placement=&#8221;middle&#8221; bg_type=&#8221;bg_color&#8221; css=&#8221;.vc_custom_1726656012534{background-color: #7f5b23 !important;}&#8221; bg_color_value=&#8221;#7f5b23&#8243;][vc_column][\/vc_column][\/vc_row][vc_row full_width=&#8221;stretch_row_content_no_spaces&#8221; content_placement=&#8221;middle&#8221;][vc_column][\/vc_column][\/vc_row][vc_row][vc_column][\/vc_column][\/vc_row][vc_row full_width=&#8221;stretch_row_content_no_spaces&#8221;][vc_column][vc_separator color=&#8221;custom&#8221; border_width=&#8221;2&#8243; el_width=&#8221;50&#8243; accent_color=&#8221;#c7b39a&#8221;][vc_separator<\/p>\n","protected":false},"author":3,"featured_media":0,"parent":0,"menu_order":0,"comment_status":"closed","ping_status":"closed","template":"","meta":{"footnotes":""},"class_list":["post-3147","page","type-page","status-publish","hentry"],"yoast_head":"<!-- This site is optimized with the Yoast SEO Premium plugin v27.3 (Yoast SEO v27.3) - https:\/\/yoast.com\/product\/yoast-seo-premium-wordpress\/ -->\n<title>Half Board - Horn\u00ed V\u011bstonice<\/title>\n<meta name=\"description\" content=\"Half board and other services are already included in the price. Book your stay at Amenity Penzion Horn\u00ed V\u011bstonice.\" \/>\n<meta name=\"robots\" content=\"index, follow, max-snippet:-1, max-image-preview:large, max-video-preview:-1\" \/>\n<link rel=\"canonical\" href=\"https:\/\/hornivestonice.amenity.cz\/en\/halfboard\/\" \/>\n<meta property=\"og:locale\" content=\"en_US\" \/>\n<meta property=\"og:type\" content=\"article\" \/>\n<meta property=\"og:title\" content=\"Half Board\" \/>\n<meta property=\"og:description\" content=\"Half board and other services are already included in the price. Book your stay at Amenity Penzion Horn\u00ed V\u011bstonice.\" \/>\n<meta property=\"og:url\" content=\"https:\/\/hornivestonice.amenity.cz\/en\/halfboard\/\" \/>\n<meta property=\"og:site_name\" content=\"Horn\u00ed V\u011bstonice\" \/>\n<meta property=\"article:modified_time\" content=\"2025-11-18T09:25:06+00:00\" \/>\n<meta name=\"twitter:card\" content=\"summary_large_image\" \/>\n<meta name=\"twitter:label1\" content=\"Est. reading time\" \/>\n\t<meta name=\"twitter:data1\" content=\"2 minutes\" \/>\n<script type=\"application\/ld+json\" class=\"yoast-schema-graph\">{\"@context\":\"https:\\\/\\\/schema.org\",\"@graph\":[{\"@type\":\"WebPage\",\"@id\":\"https:\\\/\\\/hornivestonice.amenity.cz\\\/en\\\/halfboard\\\/\",\"url\":\"https:\\\/\\\/hornivestonice.amenity.cz\\\/en\\\/halfboard\\\/\",\"name\":\"Half Board - Horn\u00ed V\u011bstonice\",\"isPartOf\":{\"@id\":\"https:\\\/\\\/hornivestonice.amenity.cz\\\/en\\\/#website\"},\"datePublished\":\"2022-06-06T09:39:45+00:00\",\"dateModified\":\"2025-11-18T09:25:06+00:00\",\"description\":\"Half board and other services are already included in the price. Book your stay at Amenity Penzion Horn\u00ed V\u011bstonice.\",\"breadcrumb\":{\"@id\":\"https:\\\/\\\/hornivestonice.amenity.cz\\\/en\\\/halfboard\\\/#breadcrumb\"},\"inLanguage\":\"en-US\",\"potentialAction\":[{\"@type\":\"ReadAction\",\"target\":[\"https:\\\/\\\/hornivestonice.amenity.cz\\\/en\\\/halfboard\\\/\"]}]},{\"@type\":\"BreadcrumbList\",\"@id\":\"https:\\\/\\\/hornivestonice.amenity.cz\\\/en\\\/halfboard\\\/#breadcrumb\",\"itemListElement\":[{\"@type\":\"ListItem\",\"position\":1,\"name\":\"Dom\u016f\",\"item\":\"https:\\\/\\\/hornivestonice.amenity.cz\\\/en\\\/\"},{\"@type\":\"ListItem\",\"position\":2,\"name\":\"Half Board\"}]},{\"@type\":\"WebSite\",\"@id\":\"https:\\\/\\\/hornivestonice.amenity.cz\\\/en\\\/#website\",\"url\":\"https:\\\/\\\/hornivestonice.amenity.cz\\\/en\\\/\",\"name\":\"Horn\u00ed V\u011bstonice\",\"description\":\"Amenity Penzion Horn\u00ed V\u011bstonice\",\"potentialAction\":[{\"@type\":\"SearchAction\",\"target\":{\"@type\":\"EntryPoint\",\"urlTemplate\":\"https:\\\/\\\/hornivestonice.amenity.cz\\\/en\\\/?s={search_term_string}\"},\"query-input\":{\"@type\":\"PropertyValueSpecification\",\"valueRequired\":true,\"valueName\":\"search_term_string\"}}],\"inLanguage\":\"en-US\"}]}<\/script>\n<!-- \/ Yoast SEO Premium plugin. -->","yoast_head_json":{"title":"Half Board - Horn\u00ed V\u011bstonice","description":"Half board and other services are already included in the price. Book your stay at Amenity Penzion Horn\u00ed V\u011bstonice.","robots":{"index":"index","follow":"follow","max-snippet":"max-snippet:-1","max-image-preview":"max-image-preview:large","max-video-preview":"max-video-preview:-1"},"canonical":"https:\/\/hornivestonice.amenity.cz\/en\/halfboard\/","og_locale":"en_US","og_type":"article","og_title":"Half Board","og_description":"Half board and other services are already included in the price. Book your stay at Amenity Penzion Horn\u00ed V\u011bstonice.","og_url":"https:\/\/hornivestonice.amenity.cz\/en\/halfboard\/","og_site_name":"Horn\u00ed V\u011bstonice","article_modified_time":"2025-11-18T09:25:06+00:00","twitter_card":"summary_large_image","twitter_misc":{"Est. reading time":"2 minutes"},"schema":{"@context":"https:\/\/schema.org","@graph":[{"@type":"WebPage","@id":"https:\/\/hornivestonice.amenity.cz\/en\/halfboard\/","url":"https:\/\/hornivestonice.amenity.cz\/en\/halfboard\/","name":"Half Board - Horn\u00ed V\u011bstonice","isPartOf":{"@id":"https:\/\/hornivestonice.amenity.cz\/en\/#website"},"datePublished":"2022-06-06T09:39:45+00:00","dateModified":"2025-11-18T09:25:06+00:00","description":"Half board and other services are already included in the price. Book your stay at Amenity Penzion Horn\u00ed V\u011bstonice.","breadcrumb":{"@id":"https:\/\/hornivestonice.amenity.cz\/en\/halfboard\/#breadcrumb"},"inLanguage":"en-US","potentialAction":[{"@type":"ReadAction","target":["https:\/\/hornivestonice.amenity.cz\/en\/halfboard\/"]}]},{"@type":"BreadcrumbList","@id":"https:\/\/hornivestonice.amenity.cz\/en\/halfboard\/#breadcrumb","itemListElement":[{"@type":"ListItem","position":1,"name":"Dom\u016f","item":"https:\/\/hornivestonice.amenity.cz\/en\/"},{"@type":"ListItem","position":2,"name":"Half Board"}]},{"@type":"WebSite","@id":"https:\/\/hornivestonice.amenity.cz\/en\/#website","url":"https:\/\/hornivestonice.amenity.cz\/en\/","name":"Horn\u00ed V\u011bstonice","description":"Amenity Penzion Horn\u00ed V\u011bstonice","potentialAction":[{"@type":"SearchAction","target":{"@type":"EntryPoint","urlTemplate":"https:\/\/hornivestonice.amenity.cz\/en\/?s={search_term_string}"},"query-input":{"@type":"PropertyValueSpecification","valueRequired":true,"valueName":"search_term_string"}}],"inLanguage":"en-US"}]}},"_links":{"self":[{"href":"https:\/\/hornivestonice.amenity.cz\/en\/wp-json\/wp\/v2\/pages\/3147","targetHints":{"allow":["GET"]}}],"collection":[{"href":"https:\/\/hornivestonice.amenity.cz\/en\/wp-json\/wp\/v2\/pages"}],"about":[{"href":"https:\/\/hornivestonice.amenity.cz\/en\/wp-json\/wp\/v2\/types\/page"}],"author":[{"embeddable":true,"href":"https:\/\/hornivestonice.amenity.cz\/en\/wp-json\/wp\/v2\/users\/3"}],"replies":[{"embeddable":true,"href":"https:\/\/hornivestonice.amenity.cz\/en\/wp-json\/wp\/v2\/comments?post=3147"}],"version-history":[{"count":6,"href":"https:\/\/hornivestonice.amenity.cz\/en\/wp-json\/wp\/v2\/pages\/3147\/revisions"}],"predecessor-version":[{"id":8995,"href":"https:\/\/hornivestonice.amenity.cz\/en\/wp-json\/wp\/v2\/pages\/3147\/revisions\/8995"}],"wp:attachment":[{"href":"https:\/\/hornivestonice.amenity.cz\/en\/wp-json\/wp\/v2\/media?parent=3147"}],"curies":[{"name":"wp","href":"https:\/\/api.w.org\/{rel}","templated":true}]}}