{"id":3438,"date":"2022-07-22T13:20:45","date_gmt":"2022-07-22T11:20:45","guid":{"rendered":"http:\/\/hornivestonice.amenity.cz\/?page_id=3438"},"modified":"2026-04-02T15:36:59","modified_gmt":"2026-04-02T13:36:59","slug":"restaurant","status":"publish","type":"page","link":"https:\/\/hornivestonice.amenity.cz\/en\/restaurant\/","title":{"rendered":"Restaurant"},"content":{"rendered":"<div class=\"wpb-content-wrapper\"><p>[vc_row full_width=&#8221;stretch_row&#8221;][vc_column]\n\t\t\t<!-- START Dletorestaurace REVOLUTION SLIDER 6.7.4 --><p class=\"rs-p-wp-fix\"><\/p>\n\t\t\t<rs-module-wrap id=\"rev_slider_8_1_wrapper\" data-source=\"gallery\" style=\"visibility:hidden;background:#2b2b2b;padding:0;margin:0px auto;margin-top:0;margin-bottom:0;\">\n\t\t\t\t<rs-module id=\"rev_slider_8_1\" style=\"\" data-version=\"6.7.4\">\n\t\t\t\t\t<rs-slides style=\"overflow: hidden; position: absolute;\">\n\t\t\t\t\t\t<rs-slide style=\"position: absolute;\" data-key=\"rs-223\" data-title=\"Slide\" data-thumb=\"\/\/hornivestonice.amenity.cz\/wp-content\/uploads\/sites\/12\/2025\/04\/hv_5-2025_1600x630_3-100x50.jpg\" data-anim=\"adpr:false;e:slidingoverlay;ms:1000ms;\" data-in=\"o:0;y:-100%;\" data-out=\"a:false;\">\n\t\t\t\t\t\t\t<img decoding=\"async\" src=\"\/\/hornivestonice.amenity.cz\/wp-content\/plugins\/revslider\/sr6\/assets\/assets\/dummy.png\" alt=\"\" title=\"hv_5-2025_1600x630_3\" width=\"1600\" height=\"630\" class=\"rev-slidebg tp-rs-img rs-lazyload\" data-lazyload=\"\/\/hornivestonice.amenity.cz\/wp-content\/uploads\/sites\/12\/2025\/04\/hv_5-2025_1600x630_3.jpg\" data-parallax=\"off\" data-panzoom=\"d:10000;ss:100;se:110%;\" data-no-retina>\n<!--\n\t\t\t\t\t\t\t--><rs-layer\n\t\t\t\t\t\t\t\tid=\"slider-8-slide-223-layer-2\" \n\t\t\t\t\t\t\t\tdata-type=\"object\"\n\t\t\t\t\t\t\t\tdata-rsp_ch=\"on\"\n\t\t\t\t\t\t\t\tdata-xy=\"xo:50px,50px,50px,23px;yo:50px,50px,50px,23px;\"\n\t\t\t\t\t\t\t\tdata-text=\"w:normal;s:20,20,20,8;l:0,0,0,11;\"\n\t\t\t\t\t\t\t\tdata-frame_999=\"o:0;st:w;\"\n\t\t\t\t\t\t\t\tstyle=\"z-index:10;font-family:'Roboto';\"\n\t\t\t\t\t\t\t> \n\t\t\t\t\t\t\t<\/rs-layer><!--\n-->\t\t\t\t\t<\/rs-slide>\n\t\t\t\t\t\t<rs-slide style=\"position: absolute;\" data-key=\"rs-34\" data-title=\"Slide\" data-thumb=\"\/\/hornivestonice.amenity.cz\/wp-content\/uploads\/sites\/12\/2023\/07\/restaurace-amenity_horni-vestonice-palava_1600x630_-100x50.jpg\" data-anim=\"adpr:false;e:slidingoverlay;ms:1000ms;\" data-in=\"o:0;y:-100%;\" data-out=\"a:false;\">\n\t\t\t\t\t\t\t<img decoding=\"async\" src=\"\/\/hornivestonice.amenity.cz\/wp-content\/plugins\/revslider\/sr6\/assets\/assets\/dummy.png\" alt=\"\" title=\"restaurace-amenity_horni-vestonice-palava_1600x630_\" width=\"1600\" height=\"630\" class=\"rev-slidebg tp-rs-img rs-lazyload\" data-lazyload=\"\/\/hornivestonice.amenity.cz\/wp-content\/uploads\/sites\/12\/2023\/07\/restaurace-amenity_horni-vestonice-palava_1600x630_.jpg\" data-parallax=\"off\" data-panzoom=\"d:10000;ss:100;se:110%;\" data-no-retina>\n<!--\n\t\t\t\t\t\t\t--><rs-layer\n\t\t\t\t\t\t\t\tid=\"slider-8-slide-34-layer-2\" \n\t\t\t\t\t\t\t\tdata-type=\"object\"\n\t\t\t\t\t\t\t\tdata-rsp_ch=\"on\"\n\t\t\t\t\t\t\t\tdata-xy=\"xo:50px,50px,50px,23px;yo:50px,50px,50px,23px;\"\n\t\t\t\t\t\t\t\tdata-text=\"w:normal;s:20,20,20,8;l:0,0,0,11;\"\n\t\t\t\t\t\t\t\tdata-frame_999=\"o:0;st:w;\"\n\t\t\t\t\t\t\t\tstyle=\"z-index:10;font-family:'Roboto';\"\n\t\t\t\t\t\t\t> \n\t\t\t\t\t\t\t<\/rs-layer><!--\n-->\t\t\t\t\t<\/rs-slide>\n\t\t\t\t\t\t<rs-slide style=\"position: absolute;\" data-key=\"rs-31\" data-title=\"Slide\" data-thumb=\"\/\/hornivestonice.amenity.cz\/wp-content\/uploads\/sites\/12\/2023\/01\/1600x630_horni-vestonice_1-2023_12-100x50.jpg\" data-anim=\"adpr:false;e:slidingoverlay;ms:1000ms;\" data-in=\"o:0;y:-100%;\" data-out=\"a:false;\">\n\t\t\t\t\t\t\t<img decoding=\"async\" src=\"\/\/hornivestonice.amenity.cz\/wp-content\/plugins\/revslider\/sr6\/assets\/assets\/dummy.png\" alt=\"\" title=\"1600x630_horni-vestonice_1-2023_12\" width=\"1600\" height=\"630\" class=\"rev-slidebg tp-rs-img rs-lazyload\" data-lazyload=\"\/\/hornivestonice.amenity.cz\/wp-content\/uploads\/sites\/12\/2023\/01\/1600x630_horni-vestonice_1-2023_12.jpg\" data-parallax=\"off\" data-panzoom=\"d:10000;ss:100;se:110%;\" data-no-retina>\n<!--\n\t\t\t\t\t\t\t--><rs-layer\n\t\t\t\t\t\t\t\tid=\"slider-8-slide-31-layer-2\" \n\t\t\t\t\t\t\t\tdata-type=\"object\"\n\t\t\t\t\t\t\t\tdata-rsp_ch=\"on\"\n\t\t\t\t\t\t\t\tdata-xy=\"xo:50px,50px,50px,23px;yo:50px,50px,50px,23px;\"\n\t\t\t\t\t\t\t\tdata-text=\"w:normal;s:20,20,20,8;l:0,0,0,11;\"\n\t\t\t\t\t\t\t\tdata-frame_999=\"o:0;st:w;\"\n\t\t\t\t\t\t\t\tstyle=\"z-index:10;font-family:'Roboto';\"\n\t\t\t\t\t\t\t> \n\t\t\t\t\t\t\t<\/rs-layer><!--\n-->\t\t\t\t\t<\/rs-slide>\n\t\t\t\t\t\t<rs-slide style=\"position: absolute;\" data-key=\"rs-32\" data-title=\"Slide\" data-thumb=\"\/\/hornivestonice.amenity.cz\/wp-content\/uploads\/sites\/12\/2023\/07\/restaurace-amenity_horni-vestonice-palava_1600x630_4-100x50.jpg\" data-anim=\"adpr:false;e:slidingoverlay;ms:1000ms;\" data-in=\"o:0;y:-100%;\" data-out=\"a:false;\">\n\t\t\t\t\t\t\t<img decoding=\"async\" src=\"\/\/hornivestonice.amenity.cz\/wp-content\/plugins\/revslider\/sr6\/assets\/assets\/dummy.png\" alt=\"\" title=\"restaurace-amenity_horni-vestonice-palava_1600x630_4\" width=\"1600\" height=\"630\" class=\"rev-slidebg tp-rs-img rs-lazyload\" data-lazyload=\"\/\/hornivestonice.amenity.cz\/wp-content\/uploads\/sites\/12\/2023\/07\/restaurace-amenity_horni-vestonice-palava_1600x630_4.jpg\" data-parallax=\"off\" data-panzoom=\"d:10000;ss:100;se:110%;\" data-no-retina>\n<!--\n\t\t\t\t\t\t\t--><rs-layer\n\t\t\t\t\t\t\t\tid=\"slider-8-slide-32-layer-2\" \n\t\t\t\t\t\t\t\tdata-type=\"object\"\n\t\t\t\t\t\t\t\tdata-rsp_ch=\"on\"\n\t\t\t\t\t\t\t\tdata-xy=\"xo:50px,50px,50px,23px;yo:50px,50px,50px,23px;\"\n\t\t\t\t\t\t\t\tdata-text=\"w:normal;s:20,20,20,8;l:0,0,0,11;\"\n\t\t\t\t\t\t\t\tdata-frame_999=\"o:0;st:w;\"\n\t\t\t\t\t\t\t\tstyle=\"z-index:10;font-family:'Roboto';\"\n\t\t\t\t\t\t\t> \n\t\t\t\t\t\t\t<\/rs-layer><!--\n-->\t\t\t\t\t<\/rs-slide>\n\t\t\t\t\t\t<rs-slide style=\"position: absolute;\" data-key=\"rs-35\" data-title=\"Slide\" data-thumb=\"\/\/hornivestonice.amenity.cz\/wp-content\/uploads\/sites\/12\/2025\/04\/hv_5-2025_1600x630_2-100x50.jpg\" data-anim=\"adpr:false;e:slidingoverlay;ms:1000ms;\" data-in=\"o:0;y:-100%;\" data-out=\"a:false;\">\n\t\t\t\t\t\t\t<img decoding=\"async\" src=\"\/\/hornivestonice.amenity.cz\/wp-content\/plugins\/revslider\/sr6\/assets\/assets\/dummy.png\" alt=\"\" title=\"hv_5-2025_1600x630_2\" width=\"1600\" height=\"630\" class=\"rev-slidebg tp-rs-img rs-lazyload\" data-lazyload=\"\/\/hornivestonice.amenity.cz\/wp-content\/uploads\/sites\/12\/2025\/04\/hv_5-2025_1600x630_2.jpg\" data-parallax=\"off\" data-panzoom=\"d:10000;ss:100;se:110%;\" data-no-retina>\n<!--\n\t\t\t\t\t\t\t--><rs-layer\n\t\t\t\t\t\t\t\tid=\"slider-8-slide-35-layer-2\" \n\t\t\t\t\t\t\t\tdata-type=\"object\"\n\t\t\t\t\t\t\t\tdata-rsp_ch=\"on\"\n\t\t\t\t\t\t\t\tdata-xy=\"xo:50px,50px,50px,23px;yo:50px,50px,50px,23px;\"\n\t\t\t\t\t\t\t\tdata-text=\"w:normal;s:20,20,20,8;l:0,0,0,11;\"\n\t\t\t\t\t\t\t\tdata-frame_999=\"o:0;st:w;\"\n\t\t\t\t\t\t\t\tstyle=\"z-index:10;font-family:'Roboto';\"\n\t\t\t\t\t\t\t> \n\t\t\t\t\t\t\t<\/rs-layer><!--\n-->\t\t\t\t\t<\/rs-slide>\n\t\t\t\t\t\t<rs-slide style=\"position: absolute;\" data-key=\"rs-33\" data-title=\"Slide\" data-thumb=\"\/\/hornivestonice.amenity.cz\/wp-content\/uploads\/sites\/12\/2025\/04\/hv_5-2025_1600x630_-100x50.jpg\" data-anim=\"adpr:false;e:slidingoverlay;ms:1000ms;\" data-in=\"o:0;y:-100%;\" data-out=\"a:false;\">\n\t\t\t\t\t\t\t<img decoding=\"async\" src=\"\/\/hornivestonice.amenity.cz\/wp-content\/plugins\/revslider\/sr6\/assets\/assets\/dummy.png\" alt=\"\" title=\"hv_5-2025_1600x630_\" width=\"1600\" height=\"630\" class=\"rev-slidebg tp-rs-img rs-lazyload\" data-lazyload=\"\/\/hornivestonice.amenity.cz\/wp-content\/uploads\/sites\/12\/2025\/04\/hv_5-2025_1600x630_.jpg\" data-parallax=\"off\" data-panzoom=\"d:10000;ss:100;se:110%;\" data-no-retina>\n<!--\n\t\t\t\t\t\t\t--><rs-layer\n\t\t\t\t\t\t\t\tid=\"slider-8-slide-33-layer-2\" \n\t\t\t\t\t\t\t\tdata-type=\"object\"\n\t\t\t\t\t\t\t\tdata-rsp_ch=\"on\"\n\t\t\t\t\t\t\t\tdata-xy=\"xo:50px,50px,50px,23px;yo:50px,50px,50px,23px;\"\n\t\t\t\t\t\t\t\tdata-text=\"w:normal;s:20,20,20,8;l:0,0,0,11;\"\n\t\t\t\t\t\t\t\tdata-frame_999=\"o:0;st:w;\"\n\t\t\t\t\t\t\t\tstyle=\"z-index:10;font-family:'Roboto';\"\n\t\t\t\t\t\t\t> \n\t\t\t\t\t\t\t<\/rs-layer><!--\n-->\t\t\t\t\t<\/rs-slide>\n\t\t\t\t\t\t<rs-slide style=\"position: absolute;\" data-key=\"rs-71\" data-title=\"Slide\" data-thumb=\"\/\/hornivestonice.amenity.cz\/wp-content\/uploads\/sites\/12\/2023\/07\/restaurace-amenity_horni-vestonice-palava_1600x630_2-100x50.jpg\" data-anim=\"adpr:false;e:slidingoverlay;ms:1000ms;\" data-in=\"o:0;y:-100%;\" data-out=\"a:false;\">\n\t\t\t\t\t\t\t<img decoding=\"async\" src=\"\/\/hornivestonice.amenity.cz\/wp-content\/plugins\/revslider\/sr6\/assets\/assets\/dummy.png\" alt=\"\" title=\"restaurace-amenity_horni-vestonice-palava_1600x630_2\" width=\"1600\" height=\"630\" class=\"rev-slidebg tp-rs-img rs-lazyload\" data-lazyload=\"\/\/hornivestonice.amenity.cz\/wp-content\/uploads\/sites\/12\/2023\/07\/restaurace-amenity_horni-vestonice-palava_1600x630_2.jpg\" data-parallax=\"off\" data-panzoom=\"d:10000;ss:100;se:110%;\" data-no-retina>\n<!--\n\t\t\t\t\t\t\t--><rs-layer\n\t\t\t\t\t\t\t\tid=\"slider-8-slide-71-layer-2\" \n\t\t\t\t\t\t\t\tdata-type=\"object\"\n\t\t\t\t\t\t\t\tdata-rsp_ch=\"on\"\n\t\t\t\t\t\t\t\tdata-xy=\"xo:50px,50px,50px,23px;yo:50px,50px,50px,23px;\"\n\t\t\t\t\t\t\t\tdata-text=\"w:normal;s:20,20,20,8;l:0,0,0,11;\"\n\t\t\t\t\t\t\t\tdata-frame_999=\"o:0;st:w;\"\n\t\t\t\t\t\t\t\tstyle=\"z-index:10;font-family:'Roboto';\"\n\t\t\t\t\t\t\t> \n\t\t\t\t\t\t\t<\/rs-layer><!--\n-->\t\t\t\t\t<\/rs-slide>\n\t\t\t\t\t\t<rs-slide style=\"position: absolute;\" data-key=\"rs-72\" data-title=\"Slide\" data-thumb=\"\/\/hornivestonice.amenity.cz\/wp-content\/uploads\/sites\/12\/2023\/07\/restaurace-amenity_horni-vestonice-palava_1600x630_5-100x50.jpg\" data-anim=\"adpr:false;e:slidingoverlay;ms:1000ms;\" data-in=\"o:0;y:-100%;\" data-out=\"a:false;\">\n\t\t\t\t\t\t\t<img decoding=\"async\" src=\"\/\/hornivestonice.amenity.cz\/wp-content\/plugins\/revslider\/sr6\/assets\/assets\/dummy.png\" alt=\"\" title=\"restaurace-amenity_horni-vestonice-palava_1600x630_5\" width=\"1600\" height=\"630\" class=\"rev-slidebg tp-rs-img rs-lazyload\" data-lazyload=\"\/\/hornivestonice.amenity.cz\/wp-content\/uploads\/sites\/12\/2023\/07\/restaurace-amenity_horni-vestonice-palava_1600x630_5.jpg\" data-parallax=\"off\" data-panzoom=\"d:10000;ss:100;se:110%;\" data-no-retina>\n<!--\n\t\t\t\t\t\t\t--><rs-layer\n\t\t\t\t\t\t\t\tid=\"slider-8-slide-72-layer-2\" \n\t\t\t\t\t\t\t\tdata-type=\"object\"\n\t\t\t\t\t\t\t\tdata-rsp_ch=\"on\"\n\t\t\t\t\t\t\t\tdata-xy=\"xo:50px,50px,50px,23px;yo:50px,50px,50px,23px;\"\n\t\t\t\t\t\t\t\tdata-text=\"w:normal;s:20,20,20,8;l:0,0,0,11;\"\n\t\t\t\t\t\t\t\tdata-frame_999=\"o:0;st:w;\"\n\t\t\t\t\t\t\t\tstyle=\"z-index:10;font-family:'Roboto';\"\n\t\t\t\t\t\t\t> \n\t\t\t\t\t\t\t<\/rs-layer><!--\n-->\t\t\t\t\t<\/rs-slide>\n\t\t\t\t\t<\/rs-slides>\n\t\t\t\t\t<rs-static-layers><!--\n\t\t\t\t\t--><\/rs-static-layers>\n\t\t\t\t<\/rs-module>\n\t\t\t\t<script>\n\t\t\t\t\tsetREVStartSize({c: 'rev_slider_8_1',rl:[1240,1240,1240,480],el:[630,630,630,625],gw:[1600,1600,1600,750],gh:[630,630,630,625],type:'standard',justify:'',layout:'fullwidth',mh:\"0\"});if (window.RS_MODULES!==undefined && window.RS_MODULES.modules!==undefined && window.RS_MODULES.modules[\"revslider81\"]!==undefined) {window.RS_MODULES.modules[\"revslider81\"].once = false;window.revapi8 = undefined;if (window.RS_MODULES.checkMinimal!==undefined) window.RS_MODULES.checkMinimal()}\n\t\t\t\t<\/script>\n\t\t\t<\/rs-module-wrap>\n\t\t\t<!-- END REVOLUTION SLIDER -->\n[\/vc_column][\/vc_row][vc_row][vc_column]<div  class=\"empty-space  marg-lg-b35 marg-md-b25 marg-sm-b20 marg-xs-b15\"><\/div><div  class=\"empty-space  marg-lg-b35 marg-md-b25 marg-sm-b20 marg-xs-b15\"><\/div>[vc_separator color=&#8221;custom&#8221; border_width=&#8221;2&#8243; el_width=&#8221;50&#8243; accent_color=&#8221;#c7b39a&#8221;]<div class=\"text-block \" ><div class=\"simple-text \"><h1 style=\"text-align: center;\">AMENITY RESTAURANT HORN\u00cd V\u011aSTONICE<\/h1>\n<h2 style=\"text-align: center;\">Amenity Penzion Horn\u00ed V\u011bstonice<\/h2>\n<\/div><\/div><div  class=\"empty-space  marg-lg-b25 marg-md-b15 marg-sm-b10 marg-xs-b5\"><\/div>[vc_separator color=&#8221;custom&#8221; border_width=&#8221;2&#8243; el_width=&#8221;50&#8243; accent_color=&#8221;#c7b39a&#8221;]<div class=\"text-block \" ><div class=\"simple-text \"><h3 style=\"text-align: center;\">OPENING HOURS<\/h3>\n<p style=\"text-align: center;\"><strong>Thursday\u2013Sunday<\/strong><\/p>\n<p style=\"text-align: center;\">11:00 a.m.\u20138:00 p.m.<\/p>\n<p style=\"text-align: center;\"><strong>Friday\u2013Saturday<\/strong><\/p>\n<p style=\"text-align: center;\">11:00 a.m.\u201310:00 p.m.<\/p>\n<p style=\"text-align: center;\">(Kitchen 11:00 a.m.\u20138:00 p.m.)<\/p>\n<\/div><\/div>[vc_separator color=&#8221;custom&#8221; border_width=&#8221;2&#8243; el_width=&#8221;50&#8243; accent_color=&#8221;#c7b39a&#8221;]<div class=\"text-block \" ><div class=\"simple-text \"><p style=\"text-align: center;\"><strong>At Amenity Horn\u00ed V\u011bstonice Restaurant, we make Czech cuisine not only for our guests, but also for passers-by.<\/strong><\/p>\n<p style=\"text-align: center;\">The restaurant offers main courses, salads, desserts and children\u2019s meals.<\/p>\n<p style=\"text-align: center;\">Wine lovers will be excited about the wide selection of regional and foreign wines. We\u2019d be happy to serve you marinated cheeses or specialities from our home smokehouse to accompany your wine. The restaurant, including the roofed terrace, seats\u00a0 60 people.<\/p>\n<p style=\"text-align: center;\"><strong>We will be happy to tell you the current offer of the daily menu by phone:<\/strong><\/p>\n<p style=\"text-align: center;\"><strong>Tel.: <a href=\"tel:+420%20725%20053%20533\">+420 725 053 533<\/a><\/strong><\/p>\n<p style=\"text-align: center;\">| Amenity Restaurant Horn\u00ed V\u011bstonice | P\u00e1lava | Horn\u00ed V\u011bstonice |<\/p>\n<\/div><\/div><div  class=\"empty-space  marg-lg-b25 marg-md-b15 marg-sm-b10 marg-xs-b5\"><\/div>[\/vc_column][\/vc_row][vc_row full_width=&#8221;stretch_row_content_no_spaces&#8221;][vc_column width=&#8221;1\/3&#8243;][vc_single_image image=&#8221;9096&#8243; img_size=&#8221;1240&#215;1754&#8243; alignment=&#8221;center&#8221; css=&#8221;.vc_custom_1775136348504{padding-right: 15px !important;padding-left: 15px !important;}&#8221;][\/vc_column][vc_column width=&#8221;1\/3&#8243;][vc_single_image image=&#8221;9120&#8243; img_size=&#8221;1240&#215;1754&#8243; alignment=&#8221;center&#8221; css=&#8221;.vc_custom_1775136380116{padding-right: 15px !important;padding-left: 15px !important;}&#8221;][\/vc_column][vc_column width=&#8221;1\/3&#8243;][vc_single_image image=&#8221;9102&#8243; img_size=&#8221;1240&#215;1754&#8243; alignment=&#8221;center&#8221; css=&#8221;.vc_custom_1775136395469{padding-right: 15px !important;padding-left: 15px !important;}&#8221;][\/vc_column][\/vc_row][vc_row full_width=&#8221;stretch_row_content_no_spaces&#8221;][vc_column width=&#8221;1\/3&#8243;][vc_single_image image=&#8221;9105&#8243; img_size=&#8221;1240&#215;1754&#8243; alignment=&#8221;center&#8221; css=&#8221;.vc_custom_1775136409091{padding-right: 15px !important;padding-left: 15px !important;}&#8221;][\/vc_column][vc_column width=&#8221;1\/3&#8243;][vc_single_image image=&#8221;9108&#8243; img_size=&#8221;1240&#215;1754&#8243; alignment=&#8221;center&#8221; css=&#8221;.vc_custom_1775136891095{padding-right: 15px !important;padding-left: 15px !important;}&#8221;][\/vc_column][vc_column width=&#8221;1\/3&#8243;][vc_single_image image=&#8221;9111&#8243; img_size=&#8221;1240&#215;1754&#8243; alignment=&#8221;center&#8221; css=&#8221;.vc_custom_1775136910879{padding-right: 15px !important;padding-left: 15px !important;}&#8221;][\/vc_column][\/vc_row][vc_row full_width=&#8221;stretch_row_content_no_spaces&#8221;][vc_column width=&#8221;1\/3&#8243;][vc_single_image image=&#8221;9114&#8243; img_size=&#8221;1240&#215;1754&#8243; alignment=&#8221;center&#8221; css=&#8221;.vc_custom_1775136927097{padding-right: 15px !important;padding-left: 15px !important;}&#8221;][\/vc_column][vc_column width=&#8221;1\/3&#8243;][vc_single_image image=&#8221;9117&#8243; img_size=&#8221;1240&#215;1754&#8243; alignment=&#8221;center&#8221; css=&#8221;.vc_custom_1775136943906{padding-right: 15px !important;padding-left: 15px !important;}&#8221;][\/vc_column][vc_column width=&#8221;1\/3&#8243;][vc_single_image image=&#8221;9093&#8243; img_size=&#8221;1240&#215;1754&#8243; alignment=&#8221;center&#8221; css=&#8221;.vc_custom_1775136962027{padding-right: 15px !important;padding-left: 15px !important;}&#8221;][\/vc_column][\/vc_row]<\/p>\n<\/div>","protected":false},"excerpt":{"rendered":"<p>[vc_row full_width=&#8221;stretch_row&#8221;][vc_column][\/vc_column][\/vc_row][vc_row][vc_column][vc_separator color=&#8221;custom&#8221; border_width=&#8221;2&#8243; el_width=&#8221;50&#8243; accent_color=&#8221;#c7b39a&#8221;][vc_separator color=&#8221;custom&#8221; border_width=&#8221;2&#8243; el_width=&#8221;50&#8243; accent_color=&#8221;#c7b39a&#8221;][vc_separator color=&#8221;custom&#8221; border_width=&#8221;2&#8243; el_width=&#8221;50&#8243; accent_color=&#8221;#c7b39a&#8221;][\/vc_column][\/vc_row][vc_row full_width=&#8221;stretch_row_content_no_spaces&#8221;][vc_column width=&#8221;1\/3&#8243;][vc_single_image image=&#8221;9096&#8243; img_size=&#8221;1240&#215;1754&#8243; alignment=&#8221;center&#8221; css=&#8221;.vc_custom_1775136348504{padding-right: 15px !important;padding-left: 15px !important;}&#8221;][\/vc_column][vc_column width=&#8221;1\/3&#8243;][vc_single_image image=&#8221;9120&#8243; img_size=&#8221;1240&#215;1754&#8243; alignment=&#8221;center&#8221; css=&#8221;.vc_custom_1775136380116{padding-right: 15px<\/p>\n","protected":false},"author":3,"featured_media":4172,"parent":0,"menu_order":0,"comment_status":"closed","ping_status":"closed","template":"","meta":{"footnotes":""},"class_list":["post-3438","page","type-page","status-publish","has-post-thumbnail","hentry"],"yoast_head":"<!-- This site is optimized with the Yoast SEO Premium plugin v27.3 (Yoast SEO v27.3) - https:\/\/yoast.com\/product\/yoast-seo-premium-wordpress\/ -->\n<title>Restaurant - Amenity Restaurant Horn\u00ed V\u011bstonice - P\u00e1lava<\/title>\n<meta name=\"description\" content=\"At Amenity Restaurant Horn\u00ed V\u011bstonice, we make Czech cuisine not only for our guests, but also for passers-by.\" \/>\n<meta name=\"robots\" content=\"index, follow, max-snippet:-1, max-image-preview:large, max-video-preview:-1\" \/>\n<link rel=\"canonical\" href=\"https:\/\/hornivestonice.amenity.cz\/en\/restaurant\/\" \/>\n<meta property=\"og:locale\" content=\"en_US\" \/>\n<meta property=\"og:type\" content=\"article\" \/>\n<meta property=\"og:title\" content=\"Restaurant\" \/>\n<meta property=\"og:description\" content=\"At Amenity Restaurant Horn\u00ed V\u011bstonice, we make Czech cuisine not only for our guests, but also for passers-by.\" \/>\n<meta property=\"og:url\" content=\"https:\/\/hornivestonice.amenity.cz\/en\/restaurant\/\" \/>\n<meta property=\"og:site_name\" content=\"Horn\u00ed V\u011bstonice\" \/>\n<meta property=\"article:modified_time\" content=\"2026-04-02T13:36:59+00:00\" \/>\n<meta property=\"og:image\" content=\"https:\/\/hornivestonice.amenity.cz\/wp-content\/uploads\/sites\/12\/2023\/07\/restaurace-amenity_horni-vestonice-palava_1600x630_.jpg\" \/>\n\t<meta property=\"og:image:width\" content=\"1600\" \/>\n\t<meta property=\"og:image:height\" content=\"630\" \/>\n\t<meta property=\"og:image:type\" content=\"image\/jpeg\" \/>\n<meta name=\"twitter:card\" content=\"summary_large_image\" \/>\n<meta name=\"twitter:label1\" content=\"Est. reading time\" \/>\n\t<meta name=\"twitter:data1\" content=\"2 minutes\" \/>\n<script type=\"application\/ld+json\" class=\"yoast-schema-graph\">{\"@context\":\"https:\\\/\\\/schema.org\",\"@graph\":[{\"@type\":\"WebPage\",\"@id\":\"https:\\\/\\\/hornivestonice.amenity.cz\\\/en\\\/restaurant\\\/\",\"url\":\"https:\\\/\\\/hornivestonice.amenity.cz\\\/en\\\/restaurant\\\/\",\"name\":\"Restaurant - Amenity Restaurant Horn\u00ed V\u011bstonice - P\u00e1lava\",\"isPartOf\":{\"@id\":\"https:\\\/\\\/hornivestonice.amenity.cz\\\/en\\\/#website\"},\"primaryImageOfPage\":{\"@id\":\"https:\\\/\\\/hornivestonice.amenity.cz\\\/en\\\/restaurant\\\/#primaryimage\"},\"image\":{\"@id\":\"https:\\\/\\\/hornivestonice.amenity.cz\\\/en\\\/restaurant\\\/#primaryimage\"},\"thumbnailUrl\":\"https:\\\/\\\/hornivestonice.amenity.cz\\\/wp-content\\\/uploads\\\/sites\\\/12\\\/2023\\\/07\\\/restaurace-amenity_horni-vestonice-palava_1600x630_.jpg\",\"datePublished\":\"2022-07-22T11:20:45+00:00\",\"dateModified\":\"2026-04-02T13:36:59+00:00\",\"description\":\"At Amenity Restaurant Horn\u00ed V\u011bstonice, we make Czech cuisine not only for our guests, but also for passers-by.\",\"breadcrumb\":{\"@id\":\"https:\\\/\\\/hornivestonice.amenity.cz\\\/en\\\/restaurant\\\/#breadcrumb\"},\"inLanguage\":\"en-US\",\"potentialAction\":[{\"@type\":\"ReadAction\",\"target\":[\"https:\\\/\\\/hornivestonice.amenity.cz\\\/en\\\/restaurant\\\/\"]}]},{\"@type\":\"ImageObject\",\"inLanguage\":\"en-US\",\"@id\":\"https:\\\/\\\/hornivestonice.amenity.cz\\\/en\\\/restaurant\\\/#primaryimage\",\"url\":\"https:\\\/\\\/hornivestonice.amenity.cz\\\/wp-content\\\/uploads\\\/sites\\\/12\\\/2023\\\/07\\\/restaurace-amenity_horni-vestonice-palava_1600x630_.jpg\",\"contentUrl\":\"https:\\\/\\\/hornivestonice.amenity.cz\\\/wp-content\\\/uploads\\\/sites\\\/12\\\/2023\\\/07\\\/restaurace-amenity_horni-vestonice-palava_1600x630_.jpg\",\"width\":1600,\"height\":630},{\"@type\":\"BreadcrumbList\",\"@id\":\"https:\\\/\\\/hornivestonice.amenity.cz\\\/en\\\/restaurant\\\/#breadcrumb\",\"itemListElement\":[{\"@type\":\"ListItem\",\"position\":1,\"name\":\"Dom\u016f\",\"item\":\"https:\\\/\\\/hornivestonice.amenity.cz\\\/en\\\/\"},{\"@type\":\"ListItem\",\"position\":2,\"name\":\"Restaurant\"}]},{\"@type\":\"WebSite\",\"@id\":\"https:\\\/\\\/hornivestonice.amenity.cz\\\/en\\\/#website\",\"url\":\"https:\\\/\\\/hornivestonice.amenity.cz\\\/en\\\/\",\"name\":\"Horn\u00ed V\u011bstonice\",\"description\":\"Amenity Penzion Horn\u00ed V\u011bstonice\",\"potentialAction\":[{\"@type\":\"SearchAction\",\"target\":{\"@type\":\"EntryPoint\",\"urlTemplate\":\"https:\\\/\\\/hornivestonice.amenity.cz\\\/en\\\/?s={search_term_string}\"},\"query-input\":{\"@type\":\"PropertyValueSpecification\",\"valueRequired\":true,\"valueName\":\"search_term_string\"}}],\"inLanguage\":\"en-US\"}]}<\/script>\n<!-- \/ Yoast SEO Premium plugin. -->","yoast_head_json":{"title":"Restaurant - Amenity Restaurant Horn\u00ed V\u011bstonice - P\u00e1lava","description":"At Amenity Restaurant Horn\u00ed V\u011bstonice, we make Czech cuisine not only for our guests, but also for passers-by.","robots":{"index":"index","follow":"follow","max-snippet":"max-snippet:-1","max-image-preview":"max-image-preview:large","max-video-preview":"max-video-preview:-1"},"canonical":"https:\/\/hornivestonice.amenity.cz\/en\/restaurant\/","og_locale":"en_US","og_type":"article","og_title":"Restaurant","og_description":"At Amenity Restaurant Horn\u00ed V\u011bstonice, we make Czech cuisine not only for our guests, but also for passers-by.","og_url":"https:\/\/hornivestonice.amenity.cz\/en\/restaurant\/","og_site_name":"Horn\u00ed V\u011bstonice","article_modified_time":"2026-04-02T13:36:59+00:00","og_image":[{"width":1600,"height":630,"url":"https:\/\/hornivestonice.amenity.cz\/wp-content\/uploads\/sites\/12\/2023\/07\/restaurace-amenity_horni-vestonice-palava_1600x630_.jpg","type":"image\/jpeg"}],"twitter_card":"summary_large_image","twitter_misc":{"Est. reading time":"2 minutes"},"schema":{"@context":"https:\/\/schema.org","@graph":[{"@type":"WebPage","@id":"https:\/\/hornivestonice.amenity.cz\/en\/restaurant\/","url":"https:\/\/hornivestonice.amenity.cz\/en\/restaurant\/","name":"Restaurant - Amenity Restaurant Horn\u00ed V\u011bstonice - P\u00e1lava","isPartOf":{"@id":"https:\/\/hornivestonice.amenity.cz\/en\/#website"},"primaryImageOfPage":{"@id":"https:\/\/hornivestonice.amenity.cz\/en\/restaurant\/#primaryimage"},"image":{"@id":"https:\/\/hornivestonice.amenity.cz\/en\/restaurant\/#primaryimage"},"thumbnailUrl":"https:\/\/hornivestonice.amenity.cz\/wp-content\/uploads\/sites\/12\/2023\/07\/restaurace-amenity_horni-vestonice-palava_1600x630_.jpg","datePublished":"2022-07-22T11:20:45+00:00","dateModified":"2026-04-02T13:36:59+00:00","description":"At Amenity Restaurant Horn\u00ed V\u011bstonice, we make Czech cuisine not only for our guests, but also for passers-by.","breadcrumb":{"@id":"https:\/\/hornivestonice.amenity.cz\/en\/restaurant\/#breadcrumb"},"inLanguage":"en-US","potentialAction":[{"@type":"ReadAction","target":["https:\/\/hornivestonice.amenity.cz\/en\/restaurant\/"]}]},{"@type":"ImageObject","inLanguage":"en-US","@id":"https:\/\/hornivestonice.amenity.cz\/en\/restaurant\/#primaryimage","url":"https:\/\/hornivestonice.amenity.cz\/wp-content\/uploads\/sites\/12\/2023\/07\/restaurace-amenity_horni-vestonice-palava_1600x630_.jpg","contentUrl":"https:\/\/hornivestonice.amenity.cz\/wp-content\/uploads\/sites\/12\/2023\/07\/restaurace-amenity_horni-vestonice-palava_1600x630_.jpg","width":1600,"height":630},{"@type":"BreadcrumbList","@id":"https:\/\/hornivestonice.amenity.cz\/en\/restaurant\/#breadcrumb","itemListElement":[{"@type":"ListItem","position":1,"name":"Dom\u016f","item":"https:\/\/hornivestonice.amenity.cz\/en\/"},{"@type":"ListItem","position":2,"name":"Restaurant"}]},{"@type":"WebSite","@id":"https:\/\/hornivestonice.amenity.cz\/en\/#website","url":"https:\/\/hornivestonice.amenity.cz\/en\/","name":"Horn\u00ed V\u011bstonice","description":"Amenity Penzion Horn\u00ed V\u011bstonice","potentialAction":[{"@type":"SearchAction","target":{"@type":"EntryPoint","urlTemplate":"https:\/\/hornivestonice.amenity.cz\/en\/?s={search_term_string}"},"query-input":{"@type":"PropertyValueSpecification","valueRequired":true,"valueName":"search_term_string"}}],"inLanguage":"en-US"}]}},"_links":{"self":[{"href":"https:\/\/hornivestonice.amenity.cz\/en\/wp-json\/wp\/v2\/pages\/3438","targetHints":{"allow":["GET"]}}],"collection":[{"href":"https:\/\/hornivestonice.amenity.cz\/en\/wp-json\/wp\/v2\/pages"}],"about":[{"href":"https:\/\/hornivestonice.amenity.cz\/en\/wp-json\/wp\/v2\/types\/page"}],"author":[{"embeddable":true,"href":"https:\/\/hornivestonice.amenity.cz\/en\/wp-json\/wp\/v2\/users\/3"}],"replies":[{"embeddable":true,"href":"https:\/\/hornivestonice.amenity.cz\/en\/wp-json\/wp\/v2\/comments?post=3438"}],"version-history":[{"count":31,"href":"https:\/\/hornivestonice.amenity.cz\/en\/wp-json\/wp\/v2\/pages\/3438\/revisions"}],"predecessor-version":[{"id":9124,"href":"https:\/\/hornivestonice.amenity.cz\/en\/wp-json\/wp\/v2\/pages\/3438\/revisions\/9124"}],"wp:featuredmedia":[{"embeddable":true,"href":"https:\/\/hornivestonice.amenity.cz\/en\/wp-json\/wp\/v2\/media\/4172"}],"wp:attachment":[{"href":"https:\/\/hornivestonice.amenity.cz\/en\/wp-json\/wp\/v2\/media?parent=3438"}],"curies":[{"name":"wp","href":"https:\/\/api.w.org\/{rel}","templated":true}]}}