{"id":3444,"date":"2022-07-22T13:31:52","date_gmt":"2022-07-22T11:31:52","guid":{"rendered":"http:\/\/hornivestonice.amenity.cz\/?page_id=3444"},"modified":"2025-04-22T11:10:49","modified_gmt":"2025-04-22T09:10:49","slug":"wellness","status":"publish","type":"page","link":"https:\/\/hornivestonice.amenity.cz\/en\/wellness\/","title":{"rendered":"Wellness"},"content":{"rendered":"<div class=\"wpb-content-wrapper\"><p>[vc_row][vc_column]<div  class=\"empty-space  marg-lg-b25\"><\/div><div  class=\"empty-space  marg-lg-b25\"><\/div>[vc_separator color=&#8221;custom&#8221; border_width=&#8221;2&#8243; el_width=&#8221;50&#8243; accent_color=&#8221;#c7b39a&#8221;]<div class=\"text-block \" ><div class=\"simple-text \"><h1 style=\"text-align: center;\">Wellness Horn\u00ed V\u011bstonice<\/h1>\n<p style=\"text-align: center;\"><strong>Finnish sauna | Steam sauna | Whirlpools<\/strong><\/p>\n<p style=\"text-align: center;\">Recharge your batteries in our wellness center at the foot of the P\u00e1lava mountains. A Finnish sauna, steam sauna and whirlpools are available.<\/p>\n<p style=\"text-align: center;\">| Wellness Horn\u00ed V\u011bstonice |<\/p>\n<\/div><\/div><div  class=\"empty-space  marg-lg-b25\"><\/div>[vc_separator color=&#8221;custom&#8221; border_width=&#8221;2&#8243; el_width=&#8221;50&#8243; accent_color=&#8221;#c7b39a&#8221;][\/vc_column][\/vc_row][vc_row full_width=&#8221;stretch_row_content_no_spaces&#8221;][vc_column offset=&#8221;vc_hidden-sm vc_hidden-xs&#8221;]<div  class=\"hb-text-block__wrapper style2\"><div class=\"row\"><div class=\"col-md-6\"><div class=\"hb-text_block_content\"><div class=\"hb-text-block___inner_wrapper text-right\"><div class=\"featured-rooms-slider__title title-color-black\">Pricelist<\/div><div class=\"featured-rooms-slider__text content-color-grey\"><strong>Wellness opening hours:<\/strong><\/p>\n<p>Thu-Sun 15:00-21:00<br \/>\nReservation required at least 2h in advance.<\/p>\n<p><strong>Maximum capacity of wellness<\/strong><\/p>\n<p>10 persons<\/p>\n<p><strong>Saunas and whirlpool baths <\/strong>(private)<\/p>\n<p>2 500 CZK \/ group \/ 1.5 hours<\/p>\n<p><strong>Saunas<\/strong><\/p>\n<p>240 CZK \/ 1 person \/ 60 min. (accommodation guests)<\/p>\n<p>260 CZK \/ 1 person \/ 60 min. (general public)<\/p>\n<p><strong>Whirlpool baths <\/strong>(private)<\/p>\n<p>1 500 CZK \/ max. 4 persons \/ 1.5 hours<\/div><\/div><\/div><\/div><div class=\"col-md-6\"><div class=\"hb-image__block\"><img decoding=\"async\" src=\"https:\/\/hornivestonice.amenity.cz\/wp-content\/uploads\/sites\/12\/2023\/01\/750x625_horni-vestonice_1-2023_5.jpg\" alt=\"\" \/><\/div><\/div><\/div><\/div>[\/vc_column][vc_column offset=&#8221;vc_hidden-lg vc_hidden-md&#8221;]<div  class=\"hb-text-block__wrapper style1\"><div class=\"row\"><div class=\"col-md-6\"><div class=\"hb-image__block\"><img decoding=\"async\" src=\"https:\/\/hornivestonice.amenity.cz\/wp-content\/uploads\/sites\/12\/2023\/01\/750x625_horni-vestonice_1-2023_5.jpg\" alt=\"\" \/><\/div><\/div><div class=\"col-md-6\"><div class=\"hb-text_block_content\"><div class=\"hb-text-block___inner_wrapper\"><div class=\"featured-rooms-slider__title title-color-black\">Pricelist<\/div><div class=\"featured-rooms-slider__text content-color-grey\"><strong>Wellness opening hours:<\/strong><\/p>\n<p>Thu-Sun 15:00-21:00<br \/>\nReservation required at least 2h in advance.<\/p>\n<p><strong>Maximum capacity of wellness<\/strong><\/p>\n<p>10 persons<\/p>\n<p><strong>Saunas and whirlpool baths <\/strong>(private)<\/p>\n<p>2 500 CZK \/ group \/ 1.5 hours<\/p>\n<p><strong>Saunas<\/strong><\/p>\n<p>240 CZK \/ 1 person \/ 60 min. (accommodation guests)<\/p>\n<p>260 CZK \/ 1 person \/ 60 min. (general public)<\/p>\n<p><strong>Whirlpool baths <\/strong>(private)<\/p>\n<p>1 500 CZK \/ max. 4 persons \/ 1.5 hours<\/div><\/div><\/div><\/div><\/div><\/div>[\/vc_column][\/vc_row][vc_row full_width=&#8221;stretch_row_content_no_spaces&#8221;][vc_column]<div  class=\"hb-text-block__wrapper style1\"><div class=\"row\"><div class=\"col-md-6\"><div class=\"hb-image__block\"><img decoding=\"async\" src=\"https:\/\/hornivestonice.amenity.cz\/wp-content\/uploads\/sites\/12\/2023\/01\/750x625_horni-vestonice_1-2023_4.jpg\" alt=\"\" \/><\/div><\/div><div class=\"col-md-6\"><div class=\"hb-text_block_content\"><div class=\"hb-text-block___inner_wrapper\"><div class=\"featured-rooms-slider__title title-color-black\">Whirlpools<\/div><div class=\"featured-rooms-slider__text content-color-grey\">Microscopic bubbles, hydromassage jets and a pleasant water temperature will invigorate and relax your muscles. Relax in one of three whirlpools.<\/div><\/div><\/div><\/div><\/div><\/div>[\/vc_column][\/vc_row][vc_row full_width=&#8221;stretch_row_content_no_spaces&#8221;][vc_column offset=&#8221;vc_hidden-sm vc_hidden-xs&#8221;]<div  class=\"hb-text-block__wrapper style2\"><div class=\"row\"><div class=\"col-md-6\"><div class=\"hb-text_block_content\"><div class=\"hb-text-block___inner_wrapper text-right\"><div class=\"featured-rooms-slider__title title-color-black\">Finnish sauna<\/div><div class=\"featured-rooms-slider__text content-color-grey\">The sauna is a combined procedure, the principle of which is overheating of the body and its subsequent rapid cooling. This leads to a sharp reduction in muscle tension and an increase in the range of motion of individual joints. Another effect is the gradual hardening.<\/p>\n<p>| Wellness Horn\u00ed V\u011bstonice |<\/div><\/div><\/div><\/div><div class=\"col-md-6\"><div class=\"hb-image__block\"><img decoding=\"async\" src=\"https:\/\/hornivestonice.amenity.cz\/wp-content\/uploads\/sites\/12\/2022\/02\/750x625_well_.jpg\" alt=\"\" \/><\/div><\/div><\/div><\/div>[\/vc_column][vc_column offset=&#8221;vc_hidden-lg vc_hidden-md&#8221;]<div  class=\"hb-text-block__wrapper style2\"><div class=\"row\"><div class=\"col-md-6\"><div class=\"hb-text_block_content\"><div class=\"hb-text-block___inner_wrapper text-right\"><div class=\"featured-rooms-slider__title title-color-black\">Finnish sauna<\/div><div class=\"featured-rooms-slider__text content-color-grey\">The sauna is a combined procedure, the principle of which is overheating of the body and its subsequent rapid cooling. This leads to a sharp reduction in muscle tension and an increase in the range of motion of individual joints. Another effect is the gradual hardening.<\/p>\n<p>| Wellness Horn\u00ed V\u011bstonice |<\/div><\/div><\/div><\/div><div class=\"col-md-6\"><div class=\"hb-image__block\"><img decoding=\"async\" src=\"https:\/\/hornivestonice.amenity.cz\/wp-content\/uploads\/sites\/12\/2022\/02\/750x625_well_.jpg\" alt=\"\" \/><\/div><\/div><\/div><\/div>[\/vc_column][\/vc_row][vc_row full_width=&#8221;stretch_row_content_no_spaces&#8221;][vc_column]<div  class=\"hb-text-block__wrapper style1\"><div class=\"row\"><div class=\"col-md-6\"><div class=\"hb-image__block\"><img decoding=\"async\" src=\"https:\/\/hornivestonice.amenity.cz\/wp-content\/uploads\/sites\/12\/2022\/02\/750x625_well_2.jpg\" alt=\"\" \/><\/div><\/div><div class=\"col-md-6\"><div class=\"hb-text_block_content\"><div class=\"hb-text-block___inner_wrapper\"><div class=\"featured-rooms-slider__title title-color-black\">Steam bath<\/div><div class=\"featured-rooms-slider__text content-color-grey\">A pleasant steam bath with a completely different climate than in the finnish sauna. It&#8217;s not that hot, so there&#8217;s no such heating either, as the temperature in the vapor ranges from 40-50\u00b0C with up to 100% humidity. It is ideal for relaxing muscles and improving blood circulation.<\/p>\n<p>| Wellness Horn\u00ed V\u011bstonice |<\/div><\/div><\/div><\/div><\/div><\/div>[\/vc_column][\/vc_row]<\/p>\n<\/div>","protected":false},"excerpt":{"rendered":"<p>[vc_row][vc_column][vc_separator color=&#8221;custom&#8221; border_width=&#8221;2&#8243; el_width=&#8221;50&#8243; accent_color=&#8221;#c7b39a&#8221;][vc_separator color=&#8221;custom&#8221; border_width=&#8221;2&#8243; el_width=&#8221;50&#8243; accent_color=&#8221;#c7b39a&#8221;][\/vc_column][\/vc_row][vc_row full_width=&#8221;stretch_row_content_no_spaces&#8221;][vc_column offset=&#8221;vc_hidden-sm vc_hidden-xs&#8221;][\/vc_column][vc_column offset=&#8221;vc_hidden-lg vc_hidden-md&#8221;][\/vc_column][\/vc_row][vc_row full_width=&#8221;stretch_row_content_no_spaces&#8221;][vc_column][\/vc_column][\/vc_row][vc_row full_width=&#8221;stretch_row_content_no_spaces&#8221;][vc_column offset=&#8221;vc_hidden-sm vc_hidden-xs&#8221;][\/vc_column][vc_column offset=&#8221;vc_hidden-lg vc_hidden-md&#8221;][\/vc_column][\/vc_row][vc_row full_width=&#8221;stretch_row_content_no_spaces&#8221;][vc_column][\/vc_column][\/vc_row]<\/p>\n","protected":false},"author":3,"featured_media":3856,"parent":0,"menu_order":0,"comment_status":"closed","ping_status":"closed","template":"","meta":{"footnotes":""},"class_list":["post-3444","page","type-page","status-publish","has-post-thumbnail","hentry"],"yoast_head":"<!-- This site is optimized with the Yoast SEO Premium plugin v27.3 (Yoast SEO v27.3) - https:\/\/yoast.com\/product\/yoast-seo-premium-wordpress\/ -->\n<title>Wellness - Amenity Penzion - P\u00e1lava - South Bohemia<\/title>\n<meta name=\"description\" content=\"Finnish sauna - Steam sauna - Massages - Other wellness procedures at Amenity Penzion Horn\u00ed V\u011bstonice, P\u00e1lava.\" \/>\n<meta name=\"robots\" content=\"index, follow, max-snippet:-1, max-image-preview:large, max-video-preview:-1\" \/>\n<link rel=\"canonical\" href=\"https:\/\/hornivestonice.amenity.cz\/en\/wellness\/\" \/>\n<meta property=\"og:locale\" content=\"en_US\" \/>\n<meta property=\"og:type\" content=\"article\" \/>\n<meta property=\"og:title\" content=\"Wellness\" \/>\n<meta property=\"og:description\" content=\"Finnish sauna - Steam sauna - Massages - Other wellness procedures at Amenity Penzion Horn\u00ed V\u011bstonice, P\u00e1lava.\" \/>\n<meta property=\"og:url\" content=\"https:\/\/hornivestonice.amenity.cz\/en\/wellness\/\" \/>\n<meta property=\"og:site_name\" content=\"Horn\u00ed V\u011bstonice\" \/>\n<meta property=\"article:modified_time\" content=\"2025-04-22T09:10:49+00:00\" \/>\n<meta property=\"og:image\" content=\"https:\/\/hornivestonice.amenity.cz\/wp-content\/uploads\/sites\/12\/2023\/01\/750x625_horni-vestonice_1-2023_5.jpg\" \/>\n\t<meta property=\"og:image:width\" content=\"750\" \/>\n\t<meta property=\"og:image:height\" content=\"625\" \/>\n\t<meta property=\"og:image:type\" content=\"image\/jpeg\" \/>\n<meta name=\"twitter:card\" content=\"summary_large_image\" \/>\n<meta name=\"twitter:label1\" content=\"Est. reading time\" \/>\n\t<meta name=\"twitter:data1\" content=\"4 minutes\" \/>\n<script type=\"application\/ld+json\" class=\"yoast-schema-graph\">{\"@context\":\"https:\\\/\\\/schema.org\",\"@graph\":[{\"@type\":\"WebPage\",\"@id\":\"https:\\\/\\\/hornivestonice.amenity.cz\\\/en\\\/wellness\\\/\",\"url\":\"https:\\\/\\\/hornivestonice.amenity.cz\\\/en\\\/wellness\\\/\",\"name\":\"Wellness - Amenity Penzion - P\u00e1lava - South Bohemia\",\"isPartOf\":{\"@id\":\"https:\\\/\\\/hornivestonice.amenity.cz\\\/en\\\/#website\"},\"primaryImageOfPage\":{\"@id\":\"https:\\\/\\\/hornivestonice.amenity.cz\\\/en\\\/wellness\\\/#primaryimage\"},\"image\":{\"@id\":\"https:\\\/\\\/hornivestonice.amenity.cz\\\/en\\\/wellness\\\/#primaryimage\"},\"thumbnailUrl\":\"https:\\\/\\\/hornivestonice.amenity.cz\\\/wp-content\\\/uploads\\\/sites\\\/12\\\/2023\\\/01\\\/750x625_horni-vestonice_1-2023_5.jpg\",\"datePublished\":\"2022-07-22T11:31:52+00:00\",\"dateModified\":\"2025-04-22T09:10:49+00:00\",\"description\":\"Finnish sauna - Steam sauna - Massages - Other wellness procedures at Amenity Penzion Horn\u00ed V\u011bstonice, P\u00e1lava.\",\"breadcrumb\":{\"@id\":\"https:\\\/\\\/hornivestonice.amenity.cz\\\/en\\\/wellness\\\/#breadcrumb\"},\"inLanguage\":\"en-US\",\"potentialAction\":[{\"@type\":\"ReadAction\",\"target\":[\"https:\\\/\\\/hornivestonice.amenity.cz\\\/en\\\/wellness\\\/\"]}]},{\"@type\":\"ImageObject\",\"inLanguage\":\"en-US\",\"@id\":\"https:\\\/\\\/hornivestonice.amenity.cz\\\/en\\\/wellness\\\/#primaryimage\",\"url\":\"https:\\\/\\\/hornivestonice.amenity.cz\\\/wp-content\\\/uploads\\\/sites\\\/12\\\/2023\\\/01\\\/750x625_horni-vestonice_1-2023_5.jpg\",\"contentUrl\":\"https:\\\/\\\/hornivestonice.amenity.cz\\\/wp-content\\\/uploads\\\/sites\\\/12\\\/2023\\\/01\\\/750x625_horni-vestonice_1-2023_5.jpg\",\"width\":750,\"height\":625},{\"@type\":\"BreadcrumbList\",\"@id\":\"https:\\\/\\\/hornivestonice.amenity.cz\\\/en\\\/wellness\\\/#breadcrumb\",\"itemListElement\":[{\"@type\":\"ListItem\",\"position\":1,\"name\":\"Dom\u016f\",\"item\":\"https:\\\/\\\/hornivestonice.amenity.cz\\\/en\\\/\"},{\"@type\":\"ListItem\",\"position\":2,\"name\":\"Wellness\"}]},{\"@type\":\"WebSite\",\"@id\":\"https:\\\/\\\/hornivestonice.amenity.cz\\\/en\\\/#website\",\"url\":\"https:\\\/\\\/hornivestonice.amenity.cz\\\/en\\\/\",\"name\":\"Horn\u00ed V\u011bstonice\",\"description\":\"Amenity Penzion Horn\u00ed V\u011bstonice\",\"potentialAction\":[{\"@type\":\"SearchAction\",\"target\":{\"@type\":\"EntryPoint\",\"urlTemplate\":\"https:\\\/\\\/hornivestonice.amenity.cz\\\/en\\\/?s={search_term_string}\"},\"query-input\":{\"@type\":\"PropertyValueSpecification\",\"valueRequired\":true,\"valueName\":\"search_term_string\"}}],\"inLanguage\":\"en-US\"}]}<\/script>\n<!-- \/ Yoast SEO Premium plugin. -->","yoast_head_json":{"title":"Wellness - Amenity Penzion - P\u00e1lava - South Bohemia","description":"Finnish sauna - Steam sauna - Massages - Other wellness procedures at Amenity Penzion Horn\u00ed V\u011bstonice, P\u00e1lava.","robots":{"index":"index","follow":"follow","max-snippet":"max-snippet:-1","max-image-preview":"max-image-preview:large","max-video-preview":"max-video-preview:-1"},"canonical":"https:\/\/hornivestonice.amenity.cz\/en\/wellness\/","og_locale":"en_US","og_type":"article","og_title":"Wellness","og_description":"Finnish sauna - Steam sauna - Massages - Other wellness procedures at Amenity Penzion Horn\u00ed V\u011bstonice, P\u00e1lava.","og_url":"https:\/\/hornivestonice.amenity.cz\/en\/wellness\/","og_site_name":"Horn\u00ed V\u011bstonice","article_modified_time":"2025-04-22T09:10:49+00:00","og_image":[{"width":750,"height":625,"url":"https:\/\/hornivestonice.amenity.cz\/wp-content\/uploads\/sites\/12\/2023\/01\/750x625_horni-vestonice_1-2023_5.jpg","type":"image\/jpeg"}],"twitter_card":"summary_large_image","twitter_misc":{"Est. reading time":"4 minutes"},"schema":{"@context":"https:\/\/schema.org","@graph":[{"@type":"WebPage","@id":"https:\/\/hornivestonice.amenity.cz\/en\/wellness\/","url":"https:\/\/hornivestonice.amenity.cz\/en\/wellness\/","name":"Wellness - Amenity Penzion - P\u00e1lava - South Bohemia","isPartOf":{"@id":"https:\/\/hornivestonice.amenity.cz\/en\/#website"},"primaryImageOfPage":{"@id":"https:\/\/hornivestonice.amenity.cz\/en\/wellness\/#primaryimage"},"image":{"@id":"https:\/\/hornivestonice.amenity.cz\/en\/wellness\/#primaryimage"},"thumbnailUrl":"https:\/\/hornivestonice.amenity.cz\/wp-content\/uploads\/sites\/12\/2023\/01\/750x625_horni-vestonice_1-2023_5.jpg","datePublished":"2022-07-22T11:31:52+00:00","dateModified":"2025-04-22T09:10:49+00:00","description":"Finnish sauna - Steam sauna - Massages - Other wellness procedures at Amenity Penzion Horn\u00ed V\u011bstonice, P\u00e1lava.","breadcrumb":{"@id":"https:\/\/hornivestonice.amenity.cz\/en\/wellness\/#breadcrumb"},"inLanguage":"en-US","potentialAction":[{"@type":"ReadAction","target":["https:\/\/hornivestonice.amenity.cz\/en\/wellness\/"]}]},{"@type":"ImageObject","inLanguage":"en-US","@id":"https:\/\/hornivestonice.amenity.cz\/en\/wellness\/#primaryimage","url":"https:\/\/hornivestonice.amenity.cz\/wp-content\/uploads\/sites\/12\/2023\/01\/750x625_horni-vestonice_1-2023_5.jpg","contentUrl":"https:\/\/hornivestonice.amenity.cz\/wp-content\/uploads\/sites\/12\/2023\/01\/750x625_horni-vestonice_1-2023_5.jpg","width":750,"height":625},{"@type":"BreadcrumbList","@id":"https:\/\/hornivestonice.amenity.cz\/en\/wellness\/#breadcrumb","itemListElement":[{"@type":"ListItem","position":1,"name":"Dom\u016f","item":"https:\/\/hornivestonice.amenity.cz\/en\/"},{"@type":"ListItem","position":2,"name":"Wellness"}]},{"@type":"WebSite","@id":"https:\/\/hornivestonice.amenity.cz\/en\/#website","url":"https:\/\/hornivestonice.amenity.cz\/en\/","name":"Horn\u00ed V\u011bstonice","description":"Amenity Penzion Horn\u00ed V\u011bstonice","potentialAction":[{"@type":"SearchAction","target":{"@type":"EntryPoint","urlTemplate":"https:\/\/hornivestonice.amenity.cz\/en\/?s={search_term_string}"},"query-input":{"@type":"PropertyValueSpecification","valueRequired":true,"valueName":"search_term_string"}}],"inLanguage":"en-US"}]}},"_links":{"self":[{"href":"https:\/\/hornivestonice.amenity.cz\/en\/wp-json\/wp\/v2\/pages\/3444","targetHints":{"allow":["GET"]}}],"collection":[{"href":"https:\/\/hornivestonice.amenity.cz\/en\/wp-json\/wp\/v2\/pages"}],"about":[{"href":"https:\/\/hornivestonice.amenity.cz\/en\/wp-json\/wp\/v2\/types\/page"}],"author":[{"embeddable":true,"href":"https:\/\/hornivestonice.amenity.cz\/en\/wp-json\/wp\/v2\/users\/3"}],"replies":[{"embeddable":true,"href":"https:\/\/hornivestonice.amenity.cz\/en\/wp-json\/wp\/v2\/comments?post=3444"}],"version-history":[{"count":3,"href":"https:\/\/hornivestonice.amenity.cz\/en\/wp-json\/wp\/v2\/pages\/3444\/revisions"}],"predecessor-version":[{"id":7959,"href":"https:\/\/hornivestonice.amenity.cz\/en\/wp-json\/wp\/v2\/pages\/3444\/revisions\/7959"}],"wp:featuredmedia":[{"embeddable":true,"href":"https:\/\/hornivestonice.amenity.cz\/en\/wp-json\/wp\/v2\/media\/3856"}],"wp:attachment":[{"href":"https:\/\/hornivestonice.amenity.cz\/en\/wp-json\/wp\/v2\/media?parent=3444"}],"curies":[{"name":"wp","href":"https:\/\/api.w.org\/{rel}","templated":true}]}}