{"id":3458,"date":"2022-07-22T14:13:49","date_gmt":"2022-07-22T12:13:49","guid":{"rendered":"http:\/\/hornivestonice.amenity.cz\/?page_id=3458"},"modified":"2022-07-22T14:13:50","modified_gmt":"2022-07-22T12:13:50","slug":"photogallery","status":"publish","type":"page","link":"https:\/\/hornivestonice.amenity.cz\/en\/photogallery\/","title":{"rendered":"Photogallery"},"content":{"rendered":"<div class=\"wpb-content-wrapper\"><p>[vc_row][vc_column]<div  class=\"empty-space  marg-lg-b35 marg-md-b25 marg-sm-b25 marg-xs-b15\"><\/div>[vc_separator color=&#8221;custom&#8221; border_width=&#8221;2&#8243; el_width=&#8221;50&#8243; accent_color=&#8221;#c7b39a&#8221;]<div class=\"text-block \" ><div class=\"simple-text \"><h1 style=\"text-align: center;\">PHOTO GALLERY<\/h1>\n<h1 style=\"text-align: center;\">Amenity Penzion Horn\u00ed V\u011bstonice<\/h1>\n<div class=\"text-block \">\n<div class=\"simple-text \">\n<p style=\"text-align: center;\">| Penzion P\u00e1lava | Penzion Horn\u00ed V\u011bstonice |<\/p>\n<\/div>\n<\/div>\n<\/div><\/div><div  class=\"empty-space  marg-lg-b25\"><\/div>[vc_separator color=&#8221;custom&#8221; border_width=&#8221;2&#8243; el_width=&#8221;50&#8243; accent_color=&#8221;#c7b39a&#8221;]<div  class=\"empty-space  marg-lg-b25\"><\/div>[\/vc_column][\/vc_row][vc_row content_placement=&#8221;middle&#8221;][vc_column css=&#8221;.vc_custom_1600866607117{padding-right: 10px !important;padding-left: 10px !important;}&#8221;]<div  class=\"empty-space  marg-lg-b25\"><\/div><div class=\"text-block \" ><div class=\"simple-text \"><h3 style=\"text-align: center;\">Exterior<\/h3>\n<\/div><\/div><div  class=\"empty-space  marg-lg-b10\"><\/div>[vc_separator color=&#8221;custom&#8221; border_width=&#8221;2&#8243; el_width=&#8221;30&#8243; accent_color=&#8221;#c7b39a&#8221;]<div  class=\"empty-space  marg-lg-b10\"><\/div><div  class=\"block mb-0 block--image-gallery\"><div class=\"block__content\"><div class=\"image-gallery\"><div class=\"image-gallery__main\"><div class=\"image-gallery__item\"><img decoding=\"async\" src=\"https:\/\/hornivestonice.amenity.cz\/wp-content\/uploads\/sites\/12\/2022\/07\/750x625_7-2022_8-748x400.jpg\" alt=\"\"><\/div><div class=\"image-gallery__item\"><img decoding=\"async\" src=\"https:\/\/hornivestonice.amenity.cz\/wp-content\/uploads\/sites\/12\/2022\/07\/750x625_7-2022_16-1-748x400.jpg\" alt=\"\"><\/div><div class=\"image-gallery__item\"><img decoding=\"async\" src=\"https:\/\/hornivestonice.amenity.cz\/wp-content\/uploads\/sites\/12\/2022\/07\/750x625_7-2022_14-1-748x400.jpg\" alt=\"\"><\/div><div class=\"image-gallery__item\"><img decoding=\"async\" src=\"https:\/\/hornivestonice.amenity.cz\/wp-content\/uploads\/sites\/12\/2022\/07\/750x625_7-2022__3-1-748x400.jpg\" alt=\"\"><\/div><div class=\"image-gallery__item\"><img decoding=\"async\" src=\"https:\/\/hornivestonice.amenity.cz\/wp-content\/uploads\/sites\/12\/2022\/02\/750x625_spec-nab-748x400.jpg\" alt=\"\"><\/div><div class=\"image-gallery__item\"><img decoding=\"async\" src=\"https:\/\/hornivestonice.amenity.cz\/wp-content\/uploads\/sites\/12\/2022\/02\/amenity-penzion-horni-vestonice_750x625_-748x400.jpg\" alt=\"\"><\/div><div class=\"image-gallery__item\"><img decoding=\"async\" src=\"https:\/\/hornivestonice.amenity.cz\/wp-content\/uploads\/sites\/12\/2021\/07\/penzion-baloon_750x625_15-748x400.jpg\" alt=\"\"><\/div><div class=\"image-gallery__item\"><img decoding=\"async\" src=\"https:\/\/hornivestonice.amenity.cz\/wp-content\/uploads\/sites\/12\/2021\/07\/penzion-baloon_750x625_14-748x400.jpg\" alt=\"\"><\/div><\/div><ul class=\"image-gallery__thumbs\"><li class=\"image-gallery__thumb\"><button class=\"image-gallery__button\"><img decoding=\"async\" src=\"https:\/\/hornivestonice.amenity.cz\/wp-content\/uploads\/sites\/12\/2022\/07\/750x625_7-2022_8-178x95.jpg\" alt=\"\"><\/button><\/li><li class=\"image-gallery__thumb\"><button class=\"image-gallery__button\"><img decoding=\"async\" src=\"https:\/\/hornivestonice.amenity.cz\/wp-content\/uploads\/sites\/12\/2022\/07\/750x625_7-2022_16-1-178x95.jpg\" alt=\"\"><\/button><\/li><li class=\"image-gallery__thumb\"><button class=\"image-gallery__button\"><img decoding=\"async\" src=\"https:\/\/hornivestonice.amenity.cz\/wp-content\/uploads\/sites\/12\/2022\/07\/750x625_7-2022_14-1-178x95.jpg\" alt=\"\"><\/button><\/li><li class=\"image-gallery__thumb\"><button class=\"image-gallery__button\"><img decoding=\"async\" src=\"https:\/\/hornivestonice.amenity.cz\/wp-content\/uploads\/sites\/12\/2022\/07\/750x625_7-2022__3-1-178x95.jpg\" alt=\"\"><\/button><\/li><li class=\"image-gallery__thumb\"><button class=\"image-gallery__button\"><img decoding=\"async\" src=\"https:\/\/hornivestonice.amenity.cz\/wp-content\/uploads\/sites\/12\/2022\/02\/750x625_spec-nab-178x95.jpg\" alt=\"\"><\/button><\/li><li class=\"image-gallery__thumb\"><button class=\"image-gallery__button\"><img decoding=\"async\" src=\"https:\/\/hornivestonice.amenity.cz\/wp-content\/uploads\/sites\/12\/2022\/02\/amenity-penzion-horni-vestonice_750x625_-178x95.jpg\" alt=\"\"><\/button><\/li><li class=\"image-gallery__thumb\"><button class=\"image-gallery__button\"><img decoding=\"async\" src=\"https:\/\/hornivestonice.amenity.cz\/wp-content\/uploads\/sites\/12\/2021\/07\/penzion-baloon_750x625_15-178x95.jpg\" alt=\"\"><\/button><\/li><li class=\"image-gallery__thumb\"><button class=\"image-gallery__button\"><img decoding=\"async\" src=\"https:\/\/hornivestonice.amenity.cz\/wp-content\/uploads\/sites\/12\/2021\/07\/penzion-baloon_750x625_14-178x95.jpg\" alt=\"\"><\/button><\/li><\/ul><\/div><\/div><\/div><div  class=\"empty-space  marg-lg-b25\"><\/div>[\/vc_column][\/vc_row][vc_row content_placement=&#8221;middle&#8221;][vc_column css=&#8221;.vc_custom_1600866607117{padding-right: 10px !important;padding-left: 10px !important;}&#8221;]<div  class=\"empty-space  marg-lg-b25\"><\/div><div class=\"text-block \" ><div class=\"simple-text \"><h3 style=\"text-align: center;\">Interior<\/h3>\n<\/div><\/div><div  class=\"empty-space  marg-lg-b10\"><\/div>[vc_separator color=&#8221;custom&#8221; border_width=&#8221;2&#8243; el_width=&#8221;30&#8243; accent_color=&#8221;#c7b39a&#8221;]<div  class=\"empty-space  marg-lg-b10\"><\/div><div  class=\"block mb-0 block--image-gallery\"><div class=\"block__content\"><div class=\"image-gallery\"><div class=\"image-gallery__main\"><div class=\"image-gallery__item\"><img decoding=\"async\" src=\"https:\/\/hornivestonice.amenity.cz\/wp-content\/uploads\/sites\/12\/2022\/07\/750x625_7-2022_11-748x400.jpg\" alt=\"\"><\/div><div class=\"image-gallery__item\"><img decoding=\"async\" src=\"https:\/\/hornivestonice.amenity.cz\/wp-content\/uploads\/sites\/12\/2022\/07\/750x625_7-2022_10-748x400.jpg\" alt=\"\"><\/div><div class=\"image-gallery__item\"><img decoding=\"async\" src=\"https:\/\/hornivestonice.amenity.cz\/wp-content\/uploads\/sites\/12\/2022\/07\/750x625_7-2022_6_1-748x400.jpg\" alt=\"\"><\/div><div class=\"image-gallery__item\"><img decoding=\"async\" src=\"https:\/\/hornivestonice.amenity.cz\/wp-content\/uploads\/sites\/12\/2022\/07\/750x625_7-2022_3-1-748x400.jpg\" alt=\"\"><\/div><div class=\"image-gallery__item\"><img decoding=\"async\" src=\"https:\/\/hornivestonice.amenity.cz\/wp-content\/uploads\/sites\/12\/2022\/07\/750x625_7-2022_12-748x400.jpg\" alt=\"\"><\/div><div class=\"image-gallery__item\"><img decoding=\"async\" src=\"https:\/\/hornivestonice.amenity.cz\/wp-content\/uploads\/sites\/12\/2022\/07\/750x625_7-2022_-748x400.jpg\" alt=\"\"><\/div><div class=\"image-gallery__item\"><img decoding=\"async\" src=\"https:\/\/hornivestonice.amenity.cz\/wp-content\/uploads\/sites\/12\/2022\/07\/750x625_7-2022_2-748x400.jpg\" alt=\"\"><\/div><div class=\"image-gallery__item\"><img decoding=\"async\" src=\"https:\/\/hornivestonice.amenity.cz\/wp-content\/uploads\/sites\/12\/2022\/07\/750x625_7-2022_13-748x400.jpg\" alt=\"\"><\/div><div class=\"image-gallery__item\"><img decoding=\"async\" src=\"https:\/\/hornivestonice.amenity.cz\/wp-content\/uploads\/sites\/12\/2022\/07\/750x625_7-2022_5-748x400.jpg\" alt=\"\"><\/div><\/div><ul class=\"image-gallery__thumbs\"><li class=\"image-gallery__thumb\"><button class=\"image-gallery__button\"><img decoding=\"async\" src=\"https:\/\/hornivestonice.amenity.cz\/wp-content\/uploads\/sites\/12\/2022\/07\/750x625_7-2022_11-178x95.jpg\" alt=\"\"><\/button><\/li><li class=\"image-gallery__thumb\"><button class=\"image-gallery__button\"><img decoding=\"async\" src=\"https:\/\/hornivestonice.amenity.cz\/wp-content\/uploads\/sites\/12\/2022\/07\/750x625_7-2022_10-178x95.jpg\" alt=\"\"><\/button><\/li><li class=\"image-gallery__thumb\"><button class=\"image-gallery__button\"><img decoding=\"async\" src=\"https:\/\/hornivestonice.amenity.cz\/wp-content\/uploads\/sites\/12\/2022\/07\/750x625_7-2022_6_1-178x95.jpg\" alt=\"\"><\/button><\/li><li class=\"image-gallery__thumb\"><button class=\"image-gallery__button\"><img decoding=\"async\" src=\"https:\/\/hornivestonice.amenity.cz\/wp-content\/uploads\/sites\/12\/2022\/07\/750x625_7-2022_3-1-178x95.jpg\" alt=\"\"><\/button><\/li><li class=\"image-gallery__thumb\"><button class=\"image-gallery__button\"><img decoding=\"async\" src=\"https:\/\/hornivestonice.amenity.cz\/wp-content\/uploads\/sites\/12\/2022\/07\/750x625_7-2022_12-178x95.jpg\" alt=\"\"><\/button><\/li><li class=\"image-gallery__thumb\"><button class=\"image-gallery__button\"><img decoding=\"async\" src=\"https:\/\/hornivestonice.amenity.cz\/wp-content\/uploads\/sites\/12\/2022\/07\/750x625_7-2022_-178x95.jpg\" alt=\"\"><\/button><\/li><li class=\"image-gallery__thumb\"><button class=\"image-gallery__button\"><img decoding=\"async\" src=\"https:\/\/hornivestonice.amenity.cz\/wp-content\/uploads\/sites\/12\/2022\/07\/750x625_7-2022_2-178x95.jpg\" alt=\"\"><\/button><\/li><li class=\"image-gallery__thumb\"><button class=\"image-gallery__button\"><img decoding=\"async\" src=\"https:\/\/hornivestonice.amenity.cz\/wp-content\/uploads\/sites\/12\/2022\/07\/750x625_7-2022_13-178x95.jpg\" alt=\"\"><\/button><\/li><li class=\"image-gallery__thumb\"><button class=\"image-gallery__button\"><img decoding=\"async\" src=\"https:\/\/hornivestonice.amenity.cz\/wp-content\/uploads\/sites\/12\/2022\/07\/750x625_7-2022_5-178x95.jpg\" alt=\"\"><\/button><\/li><\/ul><\/div><\/div><\/div>[\/vc_column][\/vc_row][vc_row][vc_column]<div  class=\"empty-space  marg-lg-b25\"><\/div>[\/vc_column][\/vc_row]<\/p>\n<\/div>","protected":false},"excerpt":{"rendered":"<p>[vc_row][vc_column][vc_separator color=&#8221;custom&#8221; border_width=&#8221;2&#8243; el_width=&#8221;50&#8243; accent_color=&#8221;#c7b39a&#8221;][vc_separator color=&#8221;custom&#8221; border_width=&#8221;2&#8243; el_width=&#8221;50&#8243; accent_color=&#8221;#c7b39a&#8221;][\/vc_column][\/vc_row][vc_row content_placement=&#8221;middle&#8221;][vc_column css=&#8221;.vc_custom_1600866607117{padding-right: 10px !important;padding-left: 10px !important;}&#8221;][vc_separator color=&#8221;custom&#8221; border_width=&#8221;2&#8243; el_width=&#8221;30&#8243; accent_color=&#8221;#c7b39a&#8221;][\/vc_column][\/vc_row][vc_row content_placement=&#8221;middle&#8221;][vc_column css=&#8221;.vc_custom_1600866607117{padding-right: 10px !important;padding-left: 10px !important;}&#8221;][vc_separator color=&#8221;custom&#8221; border_width=&#8221;2&#8243; el_width=&#8221;30&#8243; accent_color=&#8221;#c7b39a&#8221;][\/vc_column][\/vc_row][vc_row][vc_column][\/vc_column][\/vc_row]<\/p>\n","protected":false},"author":3,"featured_media":3731,"parent":0,"menu_order":0,"comment_status":"closed","ping_status":"closed","template":"","meta":{"footnotes":""},"class_list":["post-3458","page","type-page","status-publish","has-post-thumbnail","hentry"],"yoast_head":"<!-- This site is optimized with the Yoast SEO Premium plugin v27.3 (Yoast SEO v27.3) - https:\/\/yoast.com\/product\/yoast-seo-premium-wordpress\/ -->\n<title>Photogallery |Amenity penzion Horn\u00ed V\u011bstonice | P\u00e1lava | South Bohemia<\/title>\n<meta name=\"robots\" content=\"index, follow, max-snippet:-1, max-image-preview:large, max-video-preview:-1\" \/>\n<link rel=\"canonical\" href=\"https:\/\/hornivestonice.amenity.cz\/en\/photogallery\/\" \/>\n<meta property=\"og:locale\" content=\"en_US\" \/>\n<meta property=\"og:type\" content=\"article\" \/>\n<meta property=\"og:title\" content=\"Photogallery\" \/>\n<meta property=\"og:description\" content=\"[vc_row][vc_column][vc_separator color=&#8221;custom&#8221; border_width=&#8221;2&#8243; el_width=&#8221;50&#8243; accent_color=&#8221;#c7b39a&#8221;][vc_separator color=&#8221;custom&#8221; border_width=&#8221;2&#8243; el_width=&#8221;50&#8243; accent_color=&#8221;#c7b39a&#8221;][\/vc_column][\/vc_row][vc_row content_placement=&#8221;middle&#8221;][vc_column css=&#8221;.vc_custom_1600866607117{padding-right: 10px !important;padding-left: 10px !important;}&#8221;][vc_separator color=&#8221;custom&#8221; border_width=&#8221;2&#8243; el_width=&#8221;30&#8243; accent_color=&#8221;#c7b39a&#8221;][\/vc_column][\/vc_row][vc_row content_placement=&#8221;middle&#8221;][vc_column css=&#8221;.vc_custom_1600866607117{padding-right: 10px !important;padding-left: 10px !important;}&#8221;][vc_separator color=&#8221;custom&#8221; border_width=&#8221;2&#8243; el_width=&#8221;30&#8243; accent_color=&#8221;#c7b39a&#8221;][\/vc_column][\/vc_row][vc_row][vc_column][\/vc_column][\/vc_row]\" \/>\n<meta property=\"og:url\" content=\"https:\/\/hornivestonice.amenity.cz\/en\/photogallery\/\" \/>\n<meta property=\"og:site_name\" content=\"Horn\u00ed V\u011bstonice\" \/>\n<meta property=\"article:modified_time\" content=\"2022-07-22T12:13:50+00:00\" \/>\n<meta property=\"og:image\" content=\"https:\/\/hornivestonice.amenity.cz\/wp-content\/uploads\/sites\/12\/2022\/12\/amenity-puenzion-horni-vestonice-palava_1600x630_sklipek.jpg\" \/>\n\t<meta property=\"og:image:width\" content=\"750\" \/>\n\t<meta property=\"og:image:height\" content=\"625\" \/>\n\t<meta property=\"og:image:type\" content=\"image\/jpeg\" \/>\n<meta name=\"twitter:card\" content=\"summary_large_image\" \/>\n<meta name=\"twitter:label1\" content=\"Est. reading time\" \/>\n\t<meta name=\"twitter:data1\" content=\"1 minute\" \/>\n<script type=\"application\/ld+json\" class=\"yoast-schema-graph\">{\"@context\":\"https:\\\/\\\/schema.org\",\"@graph\":[{\"@type\":\"WebPage\",\"@id\":\"https:\\\/\\\/hornivestonice.amenity.cz\\\/en\\\/photogallery\\\/\",\"url\":\"https:\\\/\\\/hornivestonice.amenity.cz\\\/en\\\/photogallery\\\/\",\"name\":\"Photogallery |Amenity penzion Horn\u00ed V\u011bstonice | P\u00e1lava | South Bohemia\",\"isPartOf\":{\"@id\":\"https:\\\/\\\/hornivestonice.amenity.cz\\\/en\\\/#website\"},\"primaryImageOfPage\":{\"@id\":\"https:\\\/\\\/hornivestonice.amenity.cz\\\/en\\\/photogallery\\\/#primaryimage\"},\"image\":{\"@id\":\"https:\\\/\\\/hornivestonice.amenity.cz\\\/en\\\/photogallery\\\/#primaryimage\"},\"thumbnailUrl\":\"https:\\\/\\\/hornivestonice.amenity.cz\\\/wp-content\\\/uploads\\\/sites\\\/12\\\/2022\\\/12\\\/amenity-puenzion-horni-vestonice-palava_1600x630_sklipek.jpg\",\"datePublished\":\"2022-07-22T12:13:49+00:00\",\"dateModified\":\"2022-07-22T12:13:50+00:00\",\"breadcrumb\":{\"@id\":\"https:\\\/\\\/hornivestonice.amenity.cz\\\/en\\\/photogallery\\\/#breadcrumb\"},\"inLanguage\":\"en-US\",\"potentialAction\":[{\"@type\":\"ReadAction\",\"target\":[\"https:\\\/\\\/hornivestonice.amenity.cz\\\/en\\\/photogallery\\\/\"]}]},{\"@type\":\"ImageObject\",\"inLanguage\":\"en-US\",\"@id\":\"https:\\\/\\\/hornivestonice.amenity.cz\\\/en\\\/photogallery\\\/#primaryimage\",\"url\":\"https:\\\/\\\/hornivestonice.amenity.cz\\\/wp-content\\\/uploads\\\/sites\\\/12\\\/2022\\\/12\\\/amenity-puenzion-horni-vestonice-palava_1600x630_sklipek.jpg\",\"contentUrl\":\"https:\\\/\\\/hornivestonice.amenity.cz\\\/wp-content\\\/uploads\\\/sites\\\/12\\\/2022\\\/12\\\/amenity-puenzion-horni-vestonice-palava_1600x630_sklipek.jpg\",\"width\":750,\"height\":625},{\"@type\":\"BreadcrumbList\",\"@id\":\"https:\\\/\\\/hornivestonice.amenity.cz\\\/en\\\/photogallery\\\/#breadcrumb\",\"itemListElement\":[{\"@type\":\"ListItem\",\"position\":1,\"name\":\"Dom\u016f\",\"item\":\"https:\\\/\\\/hornivestonice.amenity.cz\\\/en\\\/\"},{\"@type\":\"ListItem\",\"position\":2,\"name\":\"Photogallery\"}]},{\"@type\":\"WebSite\",\"@id\":\"https:\\\/\\\/hornivestonice.amenity.cz\\\/en\\\/#website\",\"url\":\"https:\\\/\\\/hornivestonice.amenity.cz\\\/en\\\/\",\"name\":\"Horn\u00ed V\u011bstonice\",\"description\":\"Amenity Penzion Horn\u00ed V\u011bstonice\",\"potentialAction\":[{\"@type\":\"SearchAction\",\"target\":{\"@type\":\"EntryPoint\",\"urlTemplate\":\"https:\\\/\\\/hornivestonice.amenity.cz\\\/en\\\/?s={search_term_string}\"},\"query-input\":{\"@type\":\"PropertyValueSpecification\",\"valueRequired\":true,\"valueName\":\"search_term_string\"}}],\"inLanguage\":\"en-US\"}]}<\/script>\n<!-- \/ Yoast SEO Premium plugin. -->","yoast_head_json":{"title":"Photogallery |Amenity penzion Horn\u00ed V\u011bstonice | P\u00e1lava | South Bohemia","robots":{"index":"index","follow":"follow","max-snippet":"max-snippet:-1","max-image-preview":"max-image-preview:large","max-video-preview":"max-video-preview:-1"},"canonical":"https:\/\/hornivestonice.amenity.cz\/en\/photogallery\/","og_locale":"en_US","og_type":"article","og_title":"Photogallery","og_description":"[vc_row][vc_column][vc_separator color=&#8221;custom&#8221; border_width=&#8221;2&#8243; el_width=&#8221;50&#8243; accent_color=&#8221;#c7b39a&#8221;][vc_separator color=&#8221;custom&#8221; border_width=&#8221;2&#8243; el_width=&#8221;50&#8243; accent_color=&#8221;#c7b39a&#8221;][\/vc_column][\/vc_row][vc_row content_placement=&#8221;middle&#8221;][vc_column css=&#8221;.vc_custom_1600866607117{padding-right: 10px !important;padding-left: 10px !important;}&#8221;][vc_separator color=&#8221;custom&#8221; border_width=&#8221;2&#8243; el_width=&#8221;30&#8243; accent_color=&#8221;#c7b39a&#8221;][\/vc_column][\/vc_row][vc_row content_placement=&#8221;middle&#8221;][vc_column css=&#8221;.vc_custom_1600866607117{padding-right: 10px !important;padding-left: 10px !important;}&#8221;][vc_separator color=&#8221;custom&#8221; border_width=&#8221;2&#8243; el_width=&#8221;30&#8243; accent_color=&#8221;#c7b39a&#8221;][\/vc_column][\/vc_row][vc_row][vc_column][\/vc_column][\/vc_row]","og_url":"https:\/\/hornivestonice.amenity.cz\/en\/photogallery\/","og_site_name":"Horn\u00ed V\u011bstonice","article_modified_time":"2022-07-22T12:13:50+00:00","og_image":[{"width":750,"height":625,"url":"https:\/\/hornivestonice.amenity.cz\/wp-content\/uploads\/sites\/12\/2022\/12\/amenity-puenzion-horni-vestonice-palava_1600x630_sklipek.jpg","type":"image\/jpeg"}],"twitter_card":"summary_large_image","twitter_misc":{"Est. reading time":"1 minute"},"schema":{"@context":"https:\/\/schema.org","@graph":[{"@type":"WebPage","@id":"https:\/\/hornivestonice.amenity.cz\/en\/photogallery\/","url":"https:\/\/hornivestonice.amenity.cz\/en\/photogallery\/","name":"Photogallery |Amenity penzion Horn\u00ed V\u011bstonice | P\u00e1lava | South Bohemia","isPartOf":{"@id":"https:\/\/hornivestonice.amenity.cz\/en\/#website"},"primaryImageOfPage":{"@id":"https:\/\/hornivestonice.amenity.cz\/en\/photogallery\/#primaryimage"},"image":{"@id":"https:\/\/hornivestonice.amenity.cz\/en\/photogallery\/#primaryimage"},"thumbnailUrl":"https:\/\/hornivestonice.amenity.cz\/wp-content\/uploads\/sites\/12\/2022\/12\/amenity-puenzion-horni-vestonice-palava_1600x630_sklipek.jpg","datePublished":"2022-07-22T12:13:49+00:00","dateModified":"2022-07-22T12:13:50+00:00","breadcrumb":{"@id":"https:\/\/hornivestonice.amenity.cz\/en\/photogallery\/#breadcrumb"},"inLanguage":"en-US","potentialAction":[{"@type":"ReadAction","target":["https:\/\/hornivestonice.amenity.cz\/en\/photogallery\/"]}]},{"@type":"ImageObject","inLanguage":"en-US","@id":"https:\/\/hornivestonice.amenity.cz\/en\/photogallery\/#primaryimage","url":"https:\/\/hornivestonice.amenity.cz\/wp-content\/uploads\/sites\/12\/2022\/12\/amenity-puenzion-horni-vestonice-palava_1600x630_sklipek.jpg","contentUrl":"https:\/\/hornivestonice.amenity.cz\/wp-content\/uploads\/sites\/12\/2022\/12\/amenity-puenzion-horni-vestonice-palava_1600x630_sklipek.jpg","width":750,"height":625},{"@type":"BreadcrumbList","@id":"https:\/\/hornivestonice.amenity.cz\/en\/photogallery\/#breadcrumb","itemListElement":[{"@type":"ListItem","position":1,"name":"Dom\u016f","item":"https:\/\/hornivestonice.amenity.cz\/en\/"},{"@type":"ListItem","position":2,"name":"Photogallery"}]},{"@type":"WebSite","@id":"https:\/\/hornivestonice.amenity.cz\/en\/#website","url":"https:\/\/hornivestonice.amenity.cz\/en\/","name":"Horn\u00ed V\u011bstonice","description":"Amenity Penzion Horn\u00ed V\u011bstonice","potentialAction":[{"@type":"SearchAction","target":{"@type":"EntryPoint","urlTemplate":"https:\/\/hornivestonice.amenity.cz\/en\/?s={search_term_string}"},"query-input":{"@type":"PropertyValueSpecification","valueRequired":true,"valueName":"search_term_string"}}],"inLanguage":"en-US"}]}},"_links":{"self":[{"href":"https:\/\/hornivestonice.amenity.cz\/en\/wp-json\/wp\/v2\/pages\/3458","targetHints":{"allow":["GET"]}}],"collection":[{"href":"https:\/\/hornivestonice.amenity.cz\/en\/wp-json\/wp\/v2\/pages"}],"about":[{"href":"https:\/\/hornivestonice.amenity.cz\/en\/wp-json\/wp\/v2\/types\/page"}],"author":[{"embeddable":true,"href":"https:\/\/hornivestonice.amenity.cz\/en\/wp-json\/wp\/v2\/users\/3"}],"replies":[{"embeddable":true,"href":"https:\/\/hornivestonice.amenity.cz\/en\/wp-json\/wp\/v2\/comments?post=3458"}],"version-history":[{"count":0,"href":"https:\/\/hornivestonice.amenity.cz\/en\/wp-json\/wp\/v2\/pages\/3458\/revisions"}],"wp:featuredmedia":[{"embeddable":true,"href":"https:\/\/hornivestonice.amenity.cz\/en\/wp-json\/wp\/v2\/media\/3731"}],"wp:attachment":[{"href":"https:\/\/hornivestonice.amenity.cz\/en\/wp-json\/wp\/v2\/media?parent=3458"}],"curies":[{"name":"wp","href":"https:\/\/api.w.org\/{rel}","templated":true}]}}