{"id":4750,"date":"2024-03-21T14:21:24","date_gmt":"2024-03-21T13:21:24","guid":{"rendered":"https:\/\/hornivestonice.amenity.cz\/?page_id=4750"},"modified":"2026-04-16T15:57:56","modified_gmt":"2026-04-16T13:57:56","slug":"check-in-information","status":"publish","type":"page","link":"https:\/\/hornivestonice.amenity.cz\/en\/check-in-information\/","title":{"rendered":"Check-in information"},"content":{"rendered":"<div class=\"wpb-content-wrapper\"><p>[vc_row full_width=&#8221;stretch_row&#8221;][vc_column][\/vc_column][\/vc_row][vc_row full_width=&#8221;stretch_row_content_no_spaces&#8221;][vc_column width=&#8221;1\/6&#8243;][\/vc_column][vc_column width=&#8221;4\/6&#8243;]<div  class=\"empty-space  marg-lg-b25 marg-xs-b50\"><\/div>[vc_separator color=&#8221;custom&#8221; border_width=&#8221;2&#8243; el_width=&#8221;50&#8243; accent_color=&#8221;#7f5b23&#8243;]<div class=\"text-block \" ><div class=\"simple-text \"><div class=\"text-block \">\n<div class=\"simple-text \">\n<p style=\"text-align: center;\"><strong>Summary of important information for guests<\/strong><\/p>\n<h1 style=\"text-align: center;\">General informations about the penzion<\/h1>\n<\/div>\n<\/div>\n<div class=\"text-block \">\n<div class=\"simple-text \">\n<p style=\"text-align: center;\">The wide range of services offered by our penzion can be confusing for you. That is why we have prepared an overview of the most important things to make your stay at Amenity Penzion Horni Vestonice as pleasant as possible.<\/p>\n<\/div>\n<\/div>\n<\/div><\/div>[vc_separator color=&#8221;custom&#8221; border_width=&#8221;2&#8243; el_width=&#8221;50&#8243; accent_color=&#8221;#7f5b23&#8243;]<div  class=\"empty-space  marg-lg-b25 marg-xs-b50\"><\/div><div class=\" ubtn-ctn-center \"><a class=\"ubtn-link ult-adjust-bottom-margin ubtn-center ubtn-normal \" href=\"https:\/\/hornivestonice.amenity.cz\/en\/faq\/\" title=\"FAQ \u2013 Odpov\u011bdi na nej\u010dast\u011bj\u0161\u00ed dotazy na\u0161ich host\u016f\" ><button type=\"button\" id=\"ubtn-2156\"  class=\"ubtn ult-adjust-bottom-margin ult-responsive ubtn-normal ubtn-no-hover-bg  ulta-grow  ubtn-center   tooltip-69e17bba14797\"  data-hover=\"\" data-border-color=\"#7f5b23\" data-bg=\"\" data-hover-bg=\"\" data-border-hover=\"\" data-shadow-hover=\"\" data-shadow-click=\"none\" data-shadow=\"\" data-shd-shadow=\"\"  data-ultimate-target='#ubtn-2156'  data-responsive-json-new='{\"font-size\":\"\",\"line-height\":\"\"}'  style=\"font-weight:normal;border-radius:3px;border-width:1px;border-color:#7f5b23;border-style:solid;color: #7f5b23;\"><span class=\"ubtn-hover\" style=\"background-color:\"><\/span><span class=\"ubtn-data ubtn-text \" > FAQ - Answers to our guests&#039; most frequently asked questions<\/span><\/button><\/a><\/div>[\/vc_column][vc_column width=&#8221;1\/6&#8243;][\/vc_column][\/vc_row][vc_row full_width=&#8221;stretch_row_content_no_spaces&#8221; gap=&#8221;25&#8243; bg_type=&#8221;bg_color&#8221; css=&#8221;.vc_custom_1711032718510{background-color: #293635 !important;}&#8221; bg_color_value=&#8221;#293635&#8243;][vc_column width=&#8221;1\/4&#8243;][\/vc_column][vc_column width=&#8221;1\/4&#8243;]<div  class=\"empty-space  marg-lg-b25 marg-xs-b50\"><\/div>[vc_separator color=&#8221;custom&#8221; border_width=&#8221;2&#8243; el_width=&#8221;50&#8243; accent_color=&#8221;#7f5b23&#8243;]<div  class=\"empty-space  marg-lg-b10 marg-xs-b50\"><\/div><div class=\"text-block \" ><div class=\"simple-text \"><h3 style=\"text-align: center;\"><span style=\"color: #ffffff;\">BASIC INFORMATION<\/span><\/h3>\n<p style=\"text-align: center;\"><span style=\"color: #ffffff;\"><strong>Breakfast<\/strong><\/span><\/p>\n<p style=\"text-align: center;\"><span style=\"color: #ffffff;\">7:30-9:30<\/span><\/p>\n<p style=\"text-align: center;\"><span style=\"color: #ffffff;\"><strong>Dinner &#8211; buffet<\/strong><\/span><\/p>\n<p style=\"text-align: center;\"><span style=\"color: #ffffff;\">18:00-20:00<\/span><\/p>\n<p style=\"text-align: center;\"><span style=\"color: #ffffff;\"><b>Restaurant <\/b>(winter)<\/span><\/p>\n<p style=\"text-align: center;\"><span style=\"color: #ffffff;\">Sun\u2013Thu | 11:00 a.m.\u20138:00 p.m.<\/span><\/p>\n<p style=\"text-align: center;\"><span style=\"color: #ffffff;\">Fri\u2013Sat | 11:00 a.m.\u201310:00 p.m.<\/span><\/p>\n<p style=\"text-align: center;\"><span style=\"color: #ffffff;\"><b>Kitchen <\/b>(winter)<\/span><\/p>\n<p style=\"text-align: center;\"><span style=\"color: #ffffff;\">11:00 a.m.\u20138:00 p.m.<\/span><\/p>\n<p style=\"text-align: center;\"><span style=\"color: #ffffff;\"><strong>Restaurant (summer)<\/strong><\/span><\/p>\n<p style=\"text-align: center;\"><span style=\"color: #ffffff;\">Sun\u2013Thu 11 a.m.\u201310 p.m.<\/span><br \/>\n<span style=\"color: #ffffff;\">Fri\u2013Sat 11 a.m.\u201311 p.m.<\/span><\/p>\n<p style=\"text-align: center;\"><span style=\"color: #ffffff;\"><strong>Kitchen (summer)<\/strong><\/span><\/p>\n<p style=\"text-align: center;\"><span style=\"color: #ffffff;\">Sun\u2013Wed 11 a.m.\u20138 p.m.<\/span><br \/>\n<span style=\"color: #ffffff;\">Thu 12 a.m.\u20138 p.m. (Grill)<\/span><br \/>\n<span style=\"color: #ffffff;\">Fri 11 a.m.\u20139 p.m.<\/span><br \/>\n<span style=\"color: #ffffff;\">Sat 12 a.m.\u20139 p.m. (Grill)<\/span><\/p>\n<p style=\"text-align: center;\"><span style=\"color: #ffffff;\"><strong>Reception<\/strong><\/span><\/p>\n<p style=\"text-align: center;\"><span style=\"color: #ffffff;\">7:30 a.m. to 7:30 p.m<\/span><br \/>\n<span style=\"color: #ffffff;\">Phone: (+420) 725 053 533<\/span><br \/>\n<span style=\"color: #ffffff;\">E: hornivestonice@amenity.cz<\/span><\/p>\n<p style=\"text-align: center;\"><span style=\"color: #ffffff;\"><strong>Arrival time<\/strong><\/span><\/p>\n<p style=\"text-align: center;\"><span style=\"color: #ffffff;\">3:00 p.m.<\/span><\/p>\n<p style=\"text-align: center;\"><span style=\"color: #ffffff;\"><strong>Departure time<\/strong><\/span><\/p>\n<p style=\"text-align: center;\"><span style=\"color: #ffffff;\">10:00 a.m.<\/span><br \/>\n<span style=\"color: #ffffff;\">Please hand in the key to the reception upon departure.<\/span><\/p>\n<p style=\"text-align: center;\"><span style=\"color: #ffffff;\"><strong>Pet fee<\/strong><\/span><\/p>\n<p style=\"text-align: center;\"><span style=\"color: #ffffff;\">500 CZK\/1 night<\/span><br \/>\n<span style=\"color: #ffffff;\">We recommend asking reception in advance about the availability of rooms for pets. Please specify the number of pets in the special requests when booking. Payment upon arrival at reception.<\/span><\/p>\n<\/div><\/div><div  class=\"empty-space  marg-lg-b25 marg-xs-b50\"><\/div>[\/vc_column][vc_column width=&#8221;1\/4&#8243;]<div  class=\"empty-space  marg-lg-b25 marg-xs-b50\"><\/div>[vc_separator color=&#8221;custom&#8221; border_width=&#8221;2&#8243; el_width=&#8221;50&#8243; accent_color=&#8221;#7f5b23&#8243;]<div  class=\"empty-space  marg-lg-b10 marg-xs-b50\"><\/div><div class=\"text-block \" ><div class=\"simple-text \"><h3 style=\"text-align: center;\"><span style=\"color: #ffffff;\">SERVICES AND ACTIVITIES<\/span><\/h3>\n<p style=\"text-align: center;\"><span style=\"color: #ffffff;\"><strong>Outdoor unheated pool<\/strong><\/span><\/p>\n<p style=\"text-align: center;\"><span style=\"color: #ffffff;\"><strong>Garden chess and skittles<\/strong><\/span><\/p>\n<p style=\"text-align: center;\"><span style=\"color: #ffffff;\"><strong>Playground<\/strong><\/span><\/p>\n<p style=\"text-align: center;\"><span style=\"color: #ffffff;\"><strong>Fireplace<\/strong><\/span><\/p>\n<p style=\"text-align: center;\"><span style=\"color: #ffffff;\"><strong>Gardens<\/strong><\/span><\/p>\n<p style=\"text-align: center;\"><span style=\"color: #ffffff;\"><strong>Gazebos for sitting<\/strong><\/span><\/p>\n<p style=\"text-align: center;\"><span style=\"color: #ffffff;\"><strong>Wellness<\/strong><\/span><\/p>\n<p style=\"text-align: center;\"><span style=\"color: #ffffff;\">Reservation required 2 hours in advance.<\/span><\/p>\n<p style=\"text-align: center;\"><span style=\"color: #ffffff;\"><strong>Adventure Golf P\u00e1lava<\/strong><\/span><\/p>\n<p style=\"text-align: center;\"><span style=\"color: #ffffff;\">You can find the current opening hours on the website www.adventuregolfpalava.cz<\/span><br \/>\n<span style=\"color: #ffffff;\">or at the reception. Adventure Golf P\u00e1lava is closed in case of bad weather.<\/span><\/p>\n<p style=\"text-align: center;\"><span style=\"color: #ffffff;\"><strong>Non-smoking room<\/strong><\/span><\/p>\n<p style=\"text-align: center;\"><span style=\"color: #ffffff;\">Dear guests, Amenity Penzion Horn\u00ed V\u011bstonice is strictly non-smoking. If you violate the ban, you will be the amount of CZK 5,000 was credited to the account for the risk of fire safety and deep cleaning of the room.<\/span><\/p>\n<\/div><\/div><div  class=\"empty-space  marg-lg-b25 marg-xs-b50\"><\/div>[\/vc_column][vc_column width=&#8221;1\/4&#8243;][\/vc_column][\/vc_row][vc_row full_width=&#8221;stretch_row_content_no_spaces&#8221; gap=&#8221;25&#8243; disable_element=&#8221;yes&#8221; bg_type=&#8221;bg_color&#8221; css=&#8221;.vc_custom_1721742574105{background-color: #293635 !important;}&#8221; bg_color_value=&#8221;#293635&#8243;][vc_column width=&#8221;1\/4&#8243;][\/vc_column][vc_column width=&#8221;1\/4&#8243;]<div  class=\"empty-space  marg-lg-b25 marg-xs-b50\"><\/div>[vc_separator color=&#8221;custom&#8221; border_width=&#8221;2&#8243; el_width=&#8221;50&#8243; accent_color=&#8221;#7f5b23&#8243;]<div  class=\"empty-space  marg-lg-b10 marg-xs-b50\"><\/div><div class=\"text-block \" ><div class=\"simple-text \"><h3 style=\"text-align: center;\"><span style=\"color: #ffffff;\">BASIC INFORMATION<\/span><\/h3>\n<p style=\"text-align: center;\"><span style=\"color: #ffffff;\"><strong>Breakfast<\/strong><\/span><\/p>\n<p style=\"text-align: center;\"><span style=\"color: #ffffff;\">7:30-9:30<\/span><\/p>\n<p style=\"text-align: center;\"><span style=\"color: #ffffff;\"><strong>Dinner &#8211; buffet<\/strong><\/span><\/p>\n<p style=\"text-align: center;\"><span style=\"color: #ffffff;\">18:00-20:00<\/span><\/p>\n<p style=\"text-align: center;\"><span style=\"color: #ffffff;\"><strong>Restaurant<\/strong><\/span><\/p>\n<p style=\"text-align: center;\"><span style=\"color: #ffffff;\">11:00-22:00<\/span><\/p>\n<p style=\"text-align: center;\"><span style=\"color: #ffffff;\"><strong>Reception<\/strong><\/span><\/p>\n<p style=\"text-align: center;\"><span style=\"color: #ffffff;\">7:30 a.m. to 7:30 p.m<\/span><br \/>\n<span style=\"color: #ffffff;\">Phone: (+420) 725 053 533<\/span><br \/>\n<span style=\"color: #ffffff;\">E: hornivestonice@amenity.cz<\/span><\/p>\n<p style=\"text-align: center;\"><span style=\"color: #ffffff;\"><strong>Arrival time<\/strong><\/span><\/p>\n<p style=\"text-align: center;\"><span style=\"color: #ffffff;\">3:00 p.m.<\/span><\/p>\n<p style=\"text-align: center;\"><span style=\"color: #ffffff;\"><strong>Departure time<\/strong><\/span><\/p>\n<p style=\"text-align: center;\"><span style=\"color: #ffffff;\">10:00 a.m.<\/span><br \/>\n<span style=\"color: #ffffff;\">Please hand in the key to the reception upon departure.<\/span><\/p>\n<p style=\"text-align: center;\"><span style=\"color: #ffffff;\"><strong>Pet fee<\/strong><\/span><\/p>\n<p style=\"text-align: center;\"><span style=\"color: #ffffff;\">500 CZK\/1 night<\/span><br \/>\n<span style=\"color: #ffffff;\">We recommend asking reception in advance about the availability of rooms for pets. Please specify the number of pets in the special requests when booking. Payment upon arrival at reception.<\/span><\/p>\n<\/div><\/div><div  class=\"empty-space  marg-lg-b25 marg-xs-b50\"><\/div>[\/vc_column][vc_column width=&#8221;1\/4&#8243;]<div  class=\"empty-space  marg-lg-b25 marg-xs-b50\"><\/div>[vc_separator color=&#8221;custom&#8221; border_width=&#8221;2&#8243; el_width=&#8221;50&#8243; accent_color=&#8221;#7f5b23&#8243;]<div  class=\"empty-space  marg-lg-b10 marg-xs-b50\"><\/div><div class=\"text-block \" ><div class=\"simple-text \"><h3 style=\"text-align: center;\"><span style=\"color: #ffffff;\">SERVICES AND ACTIVITIES<\/span><\/h3>\n<p style=\"text-align: center;\"><span style=\"color: #ffffff;\"><strong>Outdoor unheated pool<\/strong><\/span><\/p>\n<p style=\"text-align: center;\"><span style=\"color: #ffffff;\"><strong>Garden chess and skittles<\/strong><\/span><\/p>\n<p style=\"text-align: center;\"><span style=\"color: #ffffff;\"><strong>Playground<\/strong><\/span><\/p>\n<p style=\"text-align: center;\"><span style=\"color: #ffffff;\"><strong>Fireplace<\/strong><\/span><\/p>\n<p style=\"text-align: center;\"><span style=\"color: #ffffff;\"><strong>Gardens<\/strong><\/span><\/p>\n<p style=\"text-align: center;\"><span style=\"color: #ffffff;\"><strong>Gazebos for sitting<\/strong><\/span><\/p>\n<p style=\"text-align: center;\"><span style=\"color: #ffffff;\"><strong>Wellness<\/strong><\/span><\/p>\n<p style=\"text-align: center;\"><span style=\"color: #ffffff;\">Reservation required 2 hours in advance.<\/span><\/p>\n<p style=\"text-align: center;\"><span style=\"color: #ffffff;\"><strong>Adventure Golf P\u00e1lava<\/strong><\/span><\/p>\n<p style=\"text-align: center;\"><span style=\"color: #ffffff;\">You can find the current opening hours on the website www.adventuregolfpalava.cz<\/span><br \/>\n<span style=\"color: #ffffff;\">or at the reception. Adventure Golf P\u00e1lava is closed in case of bad weather.<\/span><\/p>\n<p style=\"text-align: center;\"><span style=\"color: #ffffff;\"><strong>Non-smoking room<\/strong><\/span><\/p>\n<p style=\"text-align: center;\"><span style=\"color: #ffffff;\">Dear guests, Amenity Penzion Horn\u00ed V\u011bstonice is strictly non-smoking. If you violate the ban, you will be the amount of CZK 5,000 was credited to the account for the risk of fire safety and deep cleaning of the room.<\/span><\/p>\n<\/div><\/div><div  class=\"empty-space  marg-lg-b25 marg-xs-b50\"><\/div>[\/vc_column][vc_column width=&#8221;1\/4&#8243;][\/vc_column][\/vc_row][vc_row full_width=&#8221;stretch_row_content_no_spaces&#8221;][vc_column][\/vc_column][\/vc_row][vc_row full_width=&#8221;stretch_row_content_no_spaces&#8221;][vc_column width=&#8221;1\/6&#8243;][\/vc_column][vc_column width=&#8221;4\/6&#8243;]<div  class=\"empty-space  marg-lg-b25 marg-xs-b50\"><\/div><div class=\"text-block \" ><div class=\"simple-text \"><h3 style=\"text-align: center;\">We wish you a pleasant stay<\/h3>\n<\/div><\/div><div  class=\"empty-space  marg-lg-b25 marg-xs-b50\"><\/div>[\/vc_column][vc_column width=&#8221;1\/6&#8243;][\/vc_column][\/vc_row][vc_row full_width=&#8221;stretch_row_content_no_spaces&#8221; bg_type=&#8221;bg_color&#8221; css=&#8221;.vc_custom_1710423600487{background-color: #293635 !important;}&#8221; bg_color_value=&#8221;#293635&#8243;][vc_column][vc_raw_js]JTNDc2NyaXB0JTNFJTBBJTIwJTIwJTIwJTIwJTIwJTIwJTIwJTIwJTI4ZnVuY3Rpb24lMjAlMjh3JTJDZCUyQ3MlMkNvJTJDZiUyQ2pzJTJDZmpzJTI5JTIwJTdCJTBBJTIwJTIwJTIwJTIwJTIwJTIwJTIwJTIwJTIwJTIwJTIwJTIwdyU1QiUyN2VjbS13aWRnZXQlMjclNUQlM0RvJTNCdyU1Qm8lNUQlMjAlM0QlMjB3JTVCbyU1RCUyMCU3QyU3QyUyMGZ1bmN0aW9uJTIwJTI4JTI5JTIwJTdCJTIwJTI4dyU1Qm8lNUQucSUyMCUzRCUyMHclNUJvJTVELnElMjAlN0MlN0MlMjAlNUIlNUQlMjkucHVzaCUyOGFyZ3VtZW50cyUyOSUyMCU3RCUzQiUwQSUyMCUyMCUyMCUyMCUyMCUyMCUyMCUyMCUyMCUyMCUyMCUyMGpzJTIwJTNEJTIwZC5jcmVhdGVFbGVtZW50JTI4cyUyOSUyQyUyMGZqcyUyMCUzRCUyMGQuZ2V0RWxlbWVudHNCeVRhZ05hbWUlMjhzJTI5JTVCMCU1RCUzQiUwQSUyMCUyMCUyMCUyMCUyMCUyMCUyMCUyMCUyMCUyMCUyMCUyMGpzLmlkJTIwJTNEJTIwJTI3MjMtYjgyMTg4Mjk0NzJlNDRjNTYxYjY1Nzc2MzI3OTZlNjQlMjclM0IlMjBqcy5kYXRhc2V0LmElMjAlM0QlMjAlMjdhbWVuaXR5cmVzb3J0cyUyNyUzQiUyMGpzLnNyYyUyMCUzRCUyMGYlM0IlMjBqcy5hc3luYyUyMCUzRCUyMDElM0IlMjBmanMucGFyZW50Tm9kZS5pbnNlcnRCZWZvcmUlMjhqcyUyQyUyMGZqcyUyOSUzQiUwQSUyMCUyMCUyMCUyMCUyMCUyMCUyMCUyMCU3RCUyOHdpbmRvdyUyQyUyMGRvY3VtZW50JTJDJTIwJTI3c2NyaXB0JTI3JTJDJTIwJTI3ZWNtd2lkZ2V0JTI3JTJDJTIwJTI3aHR0cHMlM0ElMkYlMkZkNzBzaGw3dmlkdGZ0LmNsb3VkZnJvbnQubmV0JTJGd2lkZ2V0LmpzJTI3JTI5JTI5JTNCJTBBJTIwJTIwJTIwJTIwJTNDJTJGc2NyaXB0JTNFJTBBJTIwJTIwJTIwJTIwJTIwJTIwJTIwJTIwJTIwJTIwJTIwJTIwJTNDZGl2JTIwaWQlM0QlMjJmLTIzLWI4MjE4ODI5NDcyZTQ0YzU2MWI2NTc3NjMyNzk2ZTY0JTIyJTNFJTNDJTJGZGl2JTNF[\/vc_raw_js][\/vc_column][\/vc_row]<\/p>\n<\/div>","protected":false},"excerpt":{"rendered":"<p>[vc_row full_width=&#8221;stretch_row&#8221;][vc_column][\/vc_column][\/vc_row][vc_row full_width=&#8221;stretch_row_content_no_spaces&#8221;][vc_column width=&#8221;1\/6&#8243;][\/vc_column][vc_column width=&#8221;4\/6&#8243;][vc_separator color=&#8221;custom&#8221; border_width=&#8221;2&#8243; el_width=&#8221;50&#8243; accent_color=&#8221;#7f5b23&#8243;][vc_separator color=&#8221;custom&#8221; border_width=&#8221;2&#8243; el_width=&#8221;50&#8243; accent_color=&#8221;#7f5b23&#8243;][\/vc_column][vc_column width=&#8221;1\/6&#8243;][\/vc_column][\/vc_row][vc_row full_width=&#8221;stretch_row_content_no_spaces&#8221; gap=&#8221;25&#8243; bg_type=&#8221;bg_color&#8221; css=&#8221;.vc_custom_1711032718510{background-color: #293635 !important;}&#8221; bg_color_value=&#8221;#293635&#8243;][vc_column width=&#8221;1\/4&#8243;][\/vc_column][vc_column width=&#8221;1\/4&#8243;][vc_separator color=&#8221;custom&#8221; border_width=&#8221;2&#8243; el_width=&#8221;50&#8243; accent_color=&#8221;#7f5b23&#8243;][\/vc_column][vc_column width=&#8221;1\/4&#8243;][vc_separator color=&#8221;custom&#8221; border_width=&#8221;2&#8243;<\/p>\n","protected":false},"author":3,"featured_media":0,"parent":0,"menu_order":0,"comment_status":"closed","ping_status":"closed","template":"","meta":{"footnotes":""},"class_list":["post-4750","page","type-page","status-publish","hentry"],"yoast_head":"<!-- This site is optimized with the Yoast SEO Premium plugin v27.3 (Yoast SEO v27.3) - https:\/\/yoast.com\/product\/yoast-seo-premium-wordpress\/ -->\n<title>Check-in information - Amenity Penzion Horni Vestonice<\/title>\n<meta name=\"description\" content=\"Summary of important information for guests.\" \/>\n<meta name=\"robots\" content=\"index, follow, max-snippet:-1, max-image-preview:large, max-video-preview:-1\" \/>\n<link rel=\"canonical\" href=\"https:\/\/hornivestonice.amenity.cz\/en\/check-in-information\/\" \/>\n<meta property=\"og:locale\" content=\"en_US\" \/>\n<meta property=\"og:type\" content=\"article\" \/>\n<meta property=\"og:title\" content=\"Check-in information\" \/>\n<meta property=\"og:description\" content=\"Summary of important information for guests.\" \/>\n<meta property=\"og:url\" content=\"https:\/\/hornivestonice.amenity.cz\/en\/check-in-information\/\" \/>\n<meta property=\"og:site_name\" content=\"Horn\u00ed V\u011bstonice\" \/>\n<meta property=\"article:modified_time\" content=\"2026-04-16T13:57:56+00:00\" \/>\n<meta name=\"twitter:card\" content=\"summary_large_image\" \/>\n<meta name=\"twitter:label1\" content=\"Est. reading time\" \/>\n\t<meta name=\"twitter:data1\" content=\"4 minutes\" \/>\n<script type=\"application\/ld+json\" class=\"yoast-schema-graph\">{\"@context\":\"https:\\\/\\\/schema.org\",\"@graph\":[{\"@type\":\"WebPage\",\"@id\":\"https:\\\/\\\/hornivestonice.amenity.cz\\\/en\\\/check-in-information\\\/\",\"url\":\"https:\\\/\\\/hornivestonice.amenity.cz\\\/en\\\/check-in-information\\\/\",\"name\":\"Check-in information - Amenity Penzion Horni Vestonice\",\"isPartOf\":{\"@id\":\"https:\\\/\\\/hornivestonice.amenity.cz\\\/en\\\/#website\"},\"datePublished\":\"2024-03-21T13:21:24+00:00\",\"dateModified\":\"2026-04-16T13:57:56+00:00\",\"description\":\"Summary of important information for guests.\",\"breadcrumb\":{\"@id\":\"https:\\\/\\\/hornivestonice.amenity.cz\\\/en\\\/check-in-information\\\/#breadcrumb\"},\"inLanguage\":\"en-US\",\"potentialAction\":[{\"@type\":\"ReadAction\",\"target\":[\"https:\\\/\\\/hornivestonice.amenity.cz\\\/en\\\/check-in-information\\\/\"]}]},{\"@type\":\"BreadcrumbList\",\"@id\":\"https:\\\/\\\/hornivestonice.amenity.cz\\\/en\\\/check-in-information\\\/#breadcrumb\",\"itemListElement\":[{\"@type\":\"ListItem\",\"position\":1,\"name\":\"Dom\u016f\",\"item\":\"https:\\\/\\\/hornivestonice.amenity.cz\\\/en\\\/\"},{\"@type\":\"ListItem\",\"position\":2,\"name\":\"Check-in information\"}]},{\"@type\":\"WebSite\",\"@id\":\"https:\\\/\\\/hornivestonice.amenity.cz\\\/en\\\/#website\",\"url\":\"https:\\\/\\\/hornivestonice.amenity.cz\\\/en\\\/\",\"name\":\"Horn\u00ed V\u011bstonice\",\"description\":\"Amenity Penzion Horn\u00ed V\u011bstonice\",\"potentialAction\":[{\"@type\":\"SearchAction\",\"target\":{\"@type\":\"EntryPoint\",\"urlTemplate\":\"https:\\\/\\\/hornivestonice.amenity.cz\\\/en\\\/?s={search_term_string}\"},\"query-input\":{\"@type\":\"PropertyValueSpecification\",\"valueRequired\":true,\"valueName\":\"search_term_string\"}}],\"inLanguage\":\"en-US\"}]}<\/script>\n<!-- \/ Yoast SEO Premium plugin. -->","yoast_head_json":{"title":"Check-in information - Amenity Penzion Horni Vestonice","description":"Summary of important information for guests.","robots":{"index":"index","follow":"follow","max-snippet":"max-snippet:-1","max-image-preview":"max-image-preview:large","max-video-preview":"max-video-preview:-1"},"canonical":"https:\/\/hornivestonice.amenity.cz\/en\/check-in-information\/","og_locale":"en_US","og_type":"article","og_title":"Check-in information","og_description":"Summary of important information for guests.","og_url":"https:\/\/hornivestonice.amenity.cz\/en\/check-in-information\/","og_site_name":"Horn\u00ed V\u011bstonice","article_modified_time":"2026-04-16T13:57:56+00:00","twitter_card":"summary_large_image","twitter_misc":{"Est. reading time":"4 minutes"},"schema":{"@context":"https:\/\/schema.org","@graph":[{"@type":"WebPage","@id":"https:\/\/hornivestonice.amenity.cz\/en\/check-in-information\/","url":"https:\/\/hornivestonice.amenity.cz\/en\/check-in-information\/","name":"Check-in information - Amenity Penzion Horni Vestonice","isPartOf":{"@id":"https:\/\/hornivestonice.amenity.cz\/en\/#website"},"datePublished":"2024-03-21T13:21:24+00:00","dateModified":"2026-04-16T13:57:56+00:00","description":"Summary of important information for guests.","breadcrumb":{"@id":"https:\/\/hornivestonice.amenity.cz\/en\/check-in-information\/#breadcrumb"},"inLanguage":"en-US","potentialAction":[{"@type":"ReadAction","target":["https:\/\/hornivestonice.amenity.cz\/en\/check-in-information\/"]}]},{"@type":"BreadcrumbList","@id":"https:\/\/hornivestonice.amenity.cz\/en\/check-in-information\/#breadcrumb","itemListElement":[{"@type":"ListItem","position":1,"name":"Dom\u016f","item":"https:\/\/hornivestonice.amenity.cz\/en\/"},{"@type":"ListItem","position":2,"name":"Check-in information"}]},{"@type":"WebSite","@id":"https:\/\/hornivestonice.amenity.cz\/en\/#website","url":"https:\/\/hornivestonice.amenity.cz\/en\/","name":"Horn\u00ed V\u011bstonice","description":"Amenity Penzion Horn\u00ed V\u011bstonice","potentialAction":[{"@type":"SearchAction","target":{"@type":"EntryPoint","urlTemplate":"https:\/\/hornivestonice.amenity.cz\/en\/?s={search_term_string}"},"query-input":{"@type":"PropertyValueSpecification","valueRequired":true,"valueName":"search_term_string"}}],"inLanguage":"en-US"}]}},"_links":{"self":[{"href":"https:\/\/hornivestonice.amenity.cz\/en\/wp-json\/wp\/v2\/pages\/4750","targetHints":{"allow":["GET"]}}],"collection":[{"href":"https:\/\/hornivestonice.amenity.cz\/en\/wp-json\/wp\/v2\/pages"}],"about":[{"href":"https:\/\/hornivestonice.amenity.cz\/en\/wp-json\/wp\/v2\/types\/page"}],"author":[{"embeddable":true,"href":"https:\/\/hornivestonice.amenity.cz\/en\/wp-json\/wp\/v2\/users\/3"}],"replies":[{"embeddable":true,"href":"https:\/\/hornivestonice.amenity.cz\/en\/wp-json\/wp\/v2\/comments?post=4750"}],"version-history":[{"count":11,"href":"https:\/\/hornivestonice.amenity.cz\/en\/wp-json\/wp\/v2\/pages\/4750\/revisions"}],"predecessor-version":[{"id":9142,"href":"https:\/\/hornivestonice.amenity.cz\/en\/wp-json\/wp\/v2\/pages\/4750\/revisions\/9142"}],"wp:attachment":[{"href":"https:\/\/hornivestonice.amenity.cz\/en\/wp-json\/wp\/v2\/media?parent=4750"}],"curies":[{"name":"wp","href":"https:\/\/api.w.org\/{rel}","templated":true}]}}